{"id":740182,"date":"2025-08-28T00:22:03","date_gmt":"2025-08-27T21:22:03","guid":{"rendered":"https:\/\/roveyayinevi.com.tr\/index.php\/urun\/turkiye-turkcesi-ve-kazak-turkcesinde-hayvan-adi-iceren-atasozleri-uzerine-karsilastirmali-bir-calis\/"},"modified":"2026-04-03T02:55:51","modified_gmt":"2026-04-02T23:55:51","slug":"turkiye-turkcesi-ve-kazak-turkcesinde-hayvan-adi-iceren-atasozleri-uzerine-karsilastirmali-bir-calis","status":"publish","type":"product","link":"https:\/\/roveyayinevi.com.tr\/index.php\/urun\/turkiye-turkcesi-ve-kazak-turkcesinde-hayvan-adi-iceren-atasozleri-uzerine-karsilastirmali-bir-calis\/","title":{"rendered":"T\u00fcrkiye T\u00fcrk\u00e7esi ve Kazak T\u00fcrk\u00e7esinde Hayvan Ad\u0131 \u0130\u00e7eren Atas\u00f6zleri \u00dczerine Kar\u015f\u0131la\u015ft\u0131rmal\u0131 Bir \u00c7al\u0131\u015f"},"content":{"rendered":"<p>Atas\u00d6zleri, s\u00d6zl\u00fc edebiyat gelene\u011finin \u00d6nemli \u00fcr\u00fcnlerinden biridir. Bir milletin ge\u00e7mi\u015fle olan ba\u011flar\u0131n\u0131 kuran ve bunun ku\u015faktan ku\u015fa\u011fa ge\u00e7i\u015fini sa\u011flayan manevi de\u011ferlerinden biri hi\u00e7 \u015f\u00fcphesiz atas\u00d6zleridir. Uzun deneyimler sonucunda ortaya \u00e7\u0131kan atas\u00d6zleri, genellikle mecaz anlam ta\u015f\u0131rlar. B\u00d6ylece anlat\u0131lmak istenen yarg\u0131y\u0131 etkili bir bi\u00e7imde iletebilirler. T\u00fcrk atas\u00d6zleri, T\u00fcrk topluluklar\u0131n\u0131n ku\u015faktan ku\u015fa\u011fa aktar\u0131larak g\u00fcn\u00fcm\u00fcze kadar ula\u015fan k\u00fclt\u00fcrel de\u011ferleridir. Atalar\u0131m\u0131z, edindi\u011fi tecr\u00fcbelerini ve g\u00d6zlemlerini s\u00d6zle ortaya koymu\u015flard\u0131r. \u00d6\u011f\u00fct verici, uyar\u0131c\u0131, y\u00d6n g\u00d6sterici bu de\u011ferler; T\u00fcrk milletinin en k\u0131ymetli varl\u0131\u011f\u0131d\u0131r. Bu \u00e7al\u0131\u015fmada T\u00fcrkiye T\u00fcrk\u00e7esi ve Kazak T\u00fcrk\u00e7esindeki atas\u00d6zleri mukayeseli bi\u00e7imde ele al\u0131narak her iki leh\u00e7enin ortak de\u011ferleri vurgulanmaya \u00e7al\u0131\u015f\u0131lm\u0131\u015ft\u0131r.<\/p>\n","protected":false},"excerpt":{"rendered":"<p>Atas\u00d6zleri, s\u00d6zl\u00fc edebiyat gelene\u011finin \u00d6nemli \u00fcr\u00fcnlerinden biridir. Bir milletin ge\u00e7mi\u015fle olan ba\u011flar\u0131n\u0131 kuran ve bunun ku\u015faktan ku\u015fa\u011fa ge\u00e7i\u015fini sa\u011flayan manevi de\u011ferlerinden biri hi\u00e7 \u015f\u00fcphesiz atas\u00d6zleridir. Uzun<span class=\"excerpt-hellip\"> [\u2026]<\/span><\/p>\n","protected":false},"featured_media":0,"template":"","meta":{"_monsterinsights_skip_tracking":false,"_monsterinsights_sitenote_active":false,"_monsterinsights_sitenote_note":"","_monsterinsights_sitenote_category":0},"product_brand":[],"product_cat":[12566],"product_tag":[],"class_list":{"0":"post-740182","1":"product","2":"type-product","3":"status-publish","5":"product_cat-egitim","6":"pa_cilt-ciltsiz","7":"pa_tur-kitap","8":"pa_yayinevi-platanus-publishing","9":"pa_yazar-kuanysh-zhumabekov","11":"first","12":"instock","13":"sale","14":"shipping-taxable","15":"purchasable","16":"product-type-simple"},"_links":{"self":[{"href":"https:\/\/roveyayinevi.com.tr\/index.php\/wp-json\/wp\/v2\/product\/740182","targetHints":{"allow":["GET"]}}],"collection":[{"href":"https:\/\/roveyayinevi.com.tr\/index.php\/wp-json\/wp\/v2\/product"}],"about":[{"href":"https:\/\/roveyayinevi.com.tr\/index.php\/wp-json\/wp\/v2\/types\/product"}],"wp:attachment":[{"href":"https:\/\/roveyayinevi.com.tr\/index.php\/wp-json\/wp\/v2\/media?parent=740182"}],"wp:term":[{"taxonomy":"product_brand","embeddable":true,"href":"https:\/\/roveyayinevi.com.tr\/index.php\/wp-json\/wp\/v2\/product_brand?post=740182"},{"taxonomy":"product_cat","embeddable":true,"href":"https:\/\/roveyayinevi.com.tr\/index.php\/wp-json\/wp\/v2\/product_cat?post=740182"},{"taxonomy":"product_tag","embeddable":true,"href":"https:\/\/roveyayinevi.com.tr\/index.php\/wp-json\/wp\/v2\/product_tag?post=740182"}],"curies":[{"name":"wp","href":"https:\/\/api.w.org\/{rel}","templated":true}]}}