{"id":740153,"date":"2025-08-28T00:21:33","date_gmt":"2025-08-27T21:21:33","guid":{"rendered":"https:\/\/roveyayinevi.com.tr\/index.php\/urun\/elimde-degil\/"},"modified":"2026-04-16T02:51:03","modified_gmt":"2026-04-15T23:51:03","slug":"elimde-degil","status":"publish","type":"product","link":"https:\/\/roveyayinevi.com.tr\/index.php\/urun\/elimde-degil\/","title":{"rendered":"Elimde De\u011fil"},"content":{"rendered":"<p>Baca\u011f\u0131m\u0131n kesilmesi can\u0131m\u0131 ac\u0131tmam\u0131\u015ft\u0131. Can\u0131m\u0131 ac\u0131tan tek \u015fey o i\u015flemler yap\u0131lmadan \u00d6nce bir ka\u011f\u0131da imza atan bir yak\u0131n\u0131m\u0131n yan\u0131mda olmay\u0131\u015f\u0131 dayan\u0131lacak gibi de\u011fildi. ldquo;Laf\u0131n Geli\u015firdquo; adl\u0131 hikayedenhellip;<\/p>\n","protected":false},"excerpt":{"rendered":"<p>Baca\u011f\u0131m\u0131n kesilmesi can\u0131m\u0131 ac\u0131tmam\u0131\u015ft\u0131. Can\u0131m\u0131 ac\u0131tan tek \u015fey o i\u015flemler yap\u0131lmadan \u00d6nce bir ka\u011f\u0131da imza atan bir yak\u0131n\u0131m\u0131n yan\u0131mda olmay\u0131\u015f\u0131 dayan\u0131lacak gibi de\u011fildi. ldquo;Laf\u0131n Geli\u015firdquo; adl\u0131<span class=\"excerpt-hellip\"> [\u2026]<\/span><\/p>\n","protected":false},"featured_media":0,"template":"","meta":{"_monsterinsights_skip_tracking":false,"_monsterinsights_sitenote_active":false,"_monsterinsights_sitenote_note":"","_monsterinsights_sitenote_category":0},"product_brand":[],"product_cat":[12291],"product_tag":[],"class_list":{"0":"post-740153","1":"product","2":"type-product","3":"status-publish","5":"product_cat-edebiyat","6":"pa_cilt-ciltsiz","7":"pa_tur-kitap","8":"pa_yayinevi-platanus-publishing","9":"pa_yazar-osman-eker","11":"first","12":"instock","13":"sale","14":"shipping-taxable","15":"purchasable","16":"product-type-simple"},"_links":{"self":[{"href":"https:\/\/roveyayinevi.com.tr\/index.php\/wp-json\/wp\/v2\/product\/740153","targetHints":{"allow":["GET"]}}],"collection":[{"href":"https:\/\/roveyayinevi.com.tr\/index.php\/wp-json\/wp\/v2\/product"}],"about":[{"href":"https:\/\/roveyayinevi.com.tr\/index.php\/wp-json\/wp\/v2\/types\/product"}],"wp:attachment":[{"href":"https:\/\/roveyayinevi.com.tr\/index.php\/wp-json\/wp\/v2\/media?parent=740153"}],"wp:term":[{"taxonomy":"product_brand","embeddable":true,"href":"https:\/\/roveyayinevi.com.tr\/index.php\/wp-json\/wp\/v2\/product_brand?post=740153"},{"taxonomy":"product_cat","embeddable":true,"href":"https:\/\/roveyayinevi.com.tr\/index.php\/wp-json\/wp\/v2\/product_cat?post=740153"},{"taxonomy":"product_tag","embeddable":true,"href":"https:\/\/roveyayinevi.com.tr\/index.php\/wp-json\/wp\/v2\/product_tag?post=740153"}],"curies":[{"name":"wp","href":"https:\/\/api.w.org\/{rel}","templated":true}]}}