{"id":740151,"date":"2025-08-28T00:21:31","date_gmt":"2025-08-27T21:21:31","guid":{"rendered":"https:\/\/roveyayinevi.com.tr\/index.php\/urun\/din-felsefesi-acisindan-cevre-etigi-ve-guzellik-iliskisi\/"},"modified":"2026-04-16T02:51:02","modified_gmt":"2026-04-15T23:51:02","slug":"din-felsefesi-acisindan-cevre-etigi-ve-guzellik-iliskisi","status":"publish","type":"product","link":"https:\/\/roveyayinevi.com.tr\/index.php\/urun\/din-felsefesi-acisindan-cevre-etigi-ve-guzellik-iliskisi\/","title":{"rendered":"Din Felsefesi A\u00e7\u0131s\u0131ndan \u00c7evre Eti\u011fi ve G\u00fczellik \u0130li\u015fkisi"},"content":{"rendered":"<p>Etraf\u0131m\u0131za bakt\u0131\u011f\u0131m\u0131zda evrendeki her \u015feyin d\u00fczenli, g\u00fczel ve insan ya\u015fam\u0131na uygun bir \u015fekilde yarat\u0131ld\u0131\u011f\u0131n\u0131 g\u00d6r\u00fcr\u00fcz. Evrendeki her \u015fey bir arada bir b\u00fct\u00fcnl\u00fck ve g\u00fczellik olu\u015fturmaktad\u0131r. Evrenin g\u00fczelli\u011fi din, bilim, felsefe ile ilgilenen insanlar taraf\u0131ndan her zaman d\u00fc\u015f\u00fcnd\u00fcr\u00fcc\u00fc bulunmu\u015ftur. Do\u011fadaki g\u00fczellik ve b\u00fct\u00fcnl\u00fc\u011fe ra\u011fmen insanlar \u00e7evreye zarar vermi\u015fler ve zarar vermeye devam etmektedirler. Bu nedenle b\u00fct\u00fcn bu g\u00fczellikleri korumak i\u00e7in g\u00fczellik merkezli bir \u00e7evre eti\u011fi geli\u015ftirme ka\u00e7\u0131n\u0131lmaz g\u00d6r\u00fclm\u00fc\u015ft\u00fcr. G\u00fczellik merkezli bir \u00e7evre eti\u011fi olu\u015fturma ba\u011flam\u0131nda \u015fekillenen \u00e7al\u0131\u015fmam\u0131z giri\u015f b\u00d6l\u00fcm\u00fc ve \u00fc\u00e7 b\u00d6l\u00fcmden olu\u015fmaktad\u0131r. Giri\u015f b\u00d6l\u00fcm\u00fcnde Ara\u015ft\u0131rma ile \u0130lgili Temel Anlat\u0131mlar ba\u015fl\u0131\u011f\u0131 alt\u0131nda amp;`;Ara\u015ft\u0131rmaya Y\u00d6nelik Metodik Bilgiler ve \u00e7evre Eti\u011fi-G\u00fczellik \u0130li\u015fkisine K\u0131sa Bir Bak\u0131\u015frdquo; ba\u015fl\u0131klar\u0131 yer almaktad\u0131r.<\/p>\n","protected":false},"excerpt":{"rendered":"<p>Etraf\u0131m\u0131za bakt\u0131\u011f\u0131m\u0131zda evrendeki her \u015feyin d\u00fczenli, g\u00fczel ve insan ya\u015fam\u0131na uygun bir \u015fekilde yarat\u0131ld\u0131\u011f\u0131n\u0131 g\u00d6r\u00fcr\u00fcz. Evrendeki her \u015fey bir arada bir b\u00fct\u00fcnl\u00fck ve g\u00fczellik olu\u015fturmaktad\u0131r. Evrenin<span class=\"excerpt-hellip\"> [\u2026]<\/span><\/p>\n","protected":false},"featured_media":0,"template":"","meta":{"_monsterinsights_skip_tracking":false,"_monsterinsights_sitenote_active":false,"_monsterinsights_sitenote_note":"","_monsterinsights_sitenote_category":0},"product_brand":[],"product_cat":[12291],"product_tag":[],"class_list":{"0":"post-740151","1":"product","2":"type-product","3":"status-publish","5":"product_cat-edebiyat","6":"pa_cilt-ciltsiz","7":"pa_tur-kitap","8":"pa_yayinevi-platanus-publishing","9":"pa_yazar-gulsum-turhan","11":"first","12":"instock","13":"sale","14":"shipping-taxable","15":"purchasable","16":"product-type-simple"},"_links":{"self":[{"href":"https:\/\/roveyayinevi.com.tr\/index.php\/wp-json\/wp\/v2\/product\/740151","targetHints":{"allow":["GET"]}}],"collection":[{"href":"https:\/\/roveyayinevi.com.tr\/index.php\/wp-json\/wp\/v2\/product"}],"about":[{"href":"https:\/\/roveyayinevi.com.tr\/index.php\/wp-json\/wp\/v2\/types\/product"}],"wp:attachment":[{"href":"https:\/\/roveyayinevi.com.tr\/index.php\/wp-json\/wp\/v2\/media?parent=740151"}],"wp:term":[{"taxonomy":"product_brand","embeddable":true,"href":"https:\/\/roveyayinevi.com.tr\/index.php\/wp-json\/wp\/v2\/product_brand?post=740151"},{"taxonomy":"product_cat","embeddable":true,"href":"https:\/\/roveyayinevi.com.tr\/index.php\/wp-json\/wp\/v2\/product_cat?post=740151"},{"taxonomy":"product_tag","embeddable":true,"href":"https:\/\/roveyayinevi.com.tr\/index.php\/wp-json\/wp\/v2\/product_tag?post=740151"}],"curies":[{"name":"wp","href":"https:\/\/api.w.org\/{rel}","templated":true}]}}