{"id":740150,"date":"2025-08-28T00:21:30","date_gmt":"2025-08-27T21:21:30","guid":{"rendered":"https:\/\/roveyayinevi.com.tr\/index.php\/urun\/duru-dusler\/"},"modified":"2026-04-16T02:51:02","modified_gmt":"2026-04-15T23:51:02","slug":"duru-dusler","status":"publish","type":"product","link":"https:\/\/roveyayinevi.com.tr\/index.php\/urun\/duru-dusler\/","title":{"rendered":"Duru D\u00fc\u015fler"},"content":{"rendered":"<p>Molla Mustafa babadan kalan nesi varsa a\u011fabeyi Halil Beye b\u0131rakarak, h\u00fcr bir \u00fclkede bir \u00e7al\u0131 dibini ads\u0131z bir mezar yeri olarak ye\u011flemi\u015fti kendisine. \u015eimdi o b\u00d6lgede sembolik \u015fehitliklerin her birinde Kara Mustafa dola\u015f\u0131r ya\u011f\u0131z at\u0131 \u00fczerinde geceleri. Z\u00fchre kendi k\u00d6y\u00fcnde torunu Mustafa&#8217;n\u0131n be\u015fi\u011fini sallarken dalar gider her seferinde. Sonra ya\u011f\u0131z\u0131n ki\u015fnemesiyle uyan\u0131r yorgun r\u00fcyas\u0131ndan.<\/p>\n","protected":false},"excerpt":{"rendered":"<p>Molla Mustafa babadan kalan nesi varsa a\u011fabeyi Halil Beye b\u0131rakarak, h\u00fcr bir \u00fclkede bir \u00e7al\u0131 dibini ads\u0131z bir mezar yeri olarak ye\u011flemi\u015fti kendisine. \u015eimdi o b\u00d6lgede<span class=\"excerpt-hellip\"> [\u2026]<\/span><\/p>\n","protected":false},"featured_media":0,"template":"","meta":{"_monsterinsights_skip_tracking":false,"_monsterinsights_sitenote_active":false,"_monsterinsights_sitenote_note":"","_monsterinsights_sitenote_category":0},"product_brand":[],"product_cat":[12291],"product_tag":[],"class_list":{"0":"post-740150","1":"product","2":"type-product","3":"status-publish","5":"product_cat-edebiyat","6":"pa_cilt-ciltsiz","7":"pa_tur-kitap","8":"pa_yayinevi-platanus-publishing","9":"pa_yazar-osman-eker","11":"first","12":"instock","13":"sale","14":"shipping-taxable","15":"purchasable","16":"product-type-simple"},"_links":{"self":[{"href":"https:\/\/roveyayinevi.com.tr\/index.php\/wp-json\/wp\/v2\/product\/740150","targetHints":{"allow":["GET"]}}],"collection":[{"href":"https:\/\/roveyayinevi.com.tr\/index.php\/wp-json\/wp\/v2\/product"}],"about":[{"href":"https:\/\/roveyayinevi.com.tr\/index.php\/wp-json\/wp\/v2\/types\/product"}],"wp:attachment":[{"href":"https:\/\/roveyayinevi.com.tr\/index.php\/wp-json\/wp\/v2\/media?parent=740150"}],"wp:term":[{"taxonomy":"product_brand","embeddable":true,"href":"https:\/\/roveyayinevi.com.tr\/index.php\/wp-json\/wp\/v2\/product_brand?post=740150"},{"taxonomy":"product_cat","embeddable":true,"href":"https:\/\/roveyayinevi.com.tr\/index.php\/wp-json\/wp\/v2\/product_cat?post=740150"},{"taxonomy":"product_tag","embeddable":true,"href":"https:\/\/roveyayinevi.com.tr\/index.php\/wp-json\/wp\/v2\/product_tag?post=740150"}],"curies":[{"name":"wp","href":"https:\/\/api.w.org\/{rel}","templated":true}]}}