{"id":740149,"date":"2025-08-28T00:21:29","date_gmt":"2025-08-27T21:21:29","guid":{"rendered":"https:\/\/roveyayinevi.com.tr\/index.php\/urun\/don-kisot-11\/"},"modified":"2026-04-16T02:51:02","modified_gmt":"2026-04-15T23:51:02","slug":"don-kisot-11","status":"publish","type":"product","link":"https:\/\/roveyayinevi.com.tr\/index.php\/urun\/don-kisot-11\/","title":{"rendered":"Don Ki\u015fot"},"content":{"rendered":"<p>Y\u0131llar \u00d6 \u00d6nce, on alt\u0131nc\u0131 y\u00fczy\u0131lda, Kesada ad\u0131nda \u0130spanya&#8217;n\u0131n Manca \u015fehrinde ya\u015fayan bir soylu vard\u0131. Ama ne yaz\u0131k ki bu soylu ki\u015fi zengin de\u011fildi ve fazla mal\u0131 m\u00fclk\u00fc de yoktu. Birka\u00e7 k\u00fc\u00e7\u00fck tarlas\u0131 ve bir de \u015fatoya benzer evi onun b\u00fct\u00fcn servetini olu\u015fturuyordu. Kesada&#8217;n\u0131n dedelerinden kalan evi, bak\u0131ms\u0131zl\u0131ktan dolay\u0131 \u00e7ok y\u0131pranm\u0131\u015ft\u0131. Ara s\u0131ra da olsa yap\u0131lan onar\u0131mlarla ayakta kalabiliyordu. Kesada ise bunlara ald\u0131rm\u0131yor, durumundan da memnun bir \u015fekilde ya\u015f\u0131yordu. Ayn\u0131 evde ya\u015fad\u0131\u011f\u0131 orta ya\u015flardaki becerikli bir kad\u0131n ile getir g\u00d6t\u00fcr i\u015flerinde \u00e7al\u0131\u015fan bir \u00e7ocuk, Kesada&#8217;n\u0131n t\u00fcm isteklerini yerine getiriyordu. Yirmi ya\u015f\u0131nda bir gen\u00e7 k\u0131z olan ye\u011feni ise amcas\u0131n\u0131n rahat\u0131 i\u00e7in elinden geleni yapmaya \u00e7al\u0131\u015f\u0131yordu.<\/p>\n","protected":false},"excerpt":{"rendered":"<p>Y\u0131llar \u00d6 \u00d6nce, on alt\u0131nc\u0131 y\u00fczy\u0131lda, Kesada ad\u0131nda \u0130spanya&#8217;n\u0131n Manca \u015fehrinde ya\u015fayan bir soylu vard\u0131. Ama ne yaz\u0131k ki bu soylu ki\u015fi zengin de\u011fildi ve fazla<span class=\"excerpt-hellip\"> [\u2026]<\/span><\/p>\n","protected":false},"featured_media":0,"template":"","meta":{"_monsterinsights_skip_tracking":false,"_monsterinsights_sitenote_active":false,"_monsterinsights_sitenote_note":"","_monsterinsights_sitenote_category":0},"product_brand":[],"product_cat":[12291],"product_tag":[],"class_list":{"0":"post-740149","1":"product","2":"type-product","3":"status-publish","5":"product_cat-edebiyat","6":"pa_cilt-ciltsiz","7":"pa_tur-kitap","8":"pa_yayinevi-platanus-publishing","9":"pa_yazar-miguel-de-cervantes-saavedra","11":"first","12":"instock","13":"sale","14":"shipping-taxable","15":"purchasable","16":"product-type-simple"},"_links":{"self":[{"href":"https:\/\/roveyayinevi.com.tr\/index.php\/wp-json\/wp\/v2\/product\/740149","targetHints":{"allow":["GET"]}}],"collection":[{"href":"https:\/\/roveyayinevi.com.tr\/index.php\/wp-json\/wp\/v2\/product"}],"about":[{"href":"https:\/\/roveyayinevi.com.tr\/index.php\/wp-json\/wp\/v2\/types\/product"}],"wp:attachment":[{"href":"https:\/\/roveyayinevi.com.tr\/index.php\/wp-json\/wp\/v2\/media?parent=740149"}],"wp:term":[{"taxonomy":"product_brand","embeddable":true,"href":"https:\/\/roveyayinevi.com.tr\/index.php\/wp-json\/wp\/v2\/product_brand?post=740149"},{"taxonomy":"product_cat","embeddable":true,"href":"https:\/\/roveyayinevi.com.tr\/index.php\/wp-json\/wp\/v2\/product_cat?post=740149"},{"taxonomy":"product_tag","embeddable":true,"href":"https:\/\/roveyayinevi.com.tr\/index.php\/wp-json\/wp\/v2\/product_tag?post=740149"}],"curies":[{"name":"wp","href":"https:\/\/api.w.org\/{rel}","templated":true}]}}