{"id":740148,"date":"2025-08-28T00:21:27","date_gmt":"2025-08-27T21:21:27","guid":{"rendered":"https:\/\/roveyayinevi.com.tr\/index.php\/urun\/dijital-donusum-2\/"},"modified":"2026-04-16T02:51:02","modified_gmt":"2026-04-15T23:51:02","slug":"dijital-donusum-2","status":"publish","type":"product","link":"https:\/\/roveyayinevi.com.tr\/index.php\/urun\/dijital-donusum-2\/","title":{"rendered":"Dijital D\u00f6n\u00fc\u015f\u00fcm"},"content":{"rendered":"<p>Ge\u00e7mi\u015fte ticaret kervanlar\u0131n\u0131n, daha sonra h\u0131zl\u0131 ula\u015f\u0131m a\u011flar\u0131n\u0131n yayd\u0131\u011f\u0131 uygarl\u0131\u011f\u0131n, g\u00fcn\u00fcm\u00fczde h\u0131zl\u0131 ve g\u00fcvenli internet yollar\u0131 \u00fczerinde bilgiyi \u00fcretme, depolama, kullanma, yayma ve yeniden kullanma becerileriyle y\u00fckseldi\u011fi g\u00d6r\u00fclmektedir. &#8211; Gelece\u011fi, sadece teknoloji ve kaynaklar de\u011fil, ortaya konulan hayal g\u00fcc\u00fc, strateji, bilgi ve beceriyle birlikte k\u00fclt\u00fcr in\u015fa eder. &#8211; Pandemiyle i\u00e7inde bulundu\u011fumuz durumu, hantal ve \u00e7irkin gibi g\u00d6r\u00fcnen t\u0131rt\u0131l\u0131n d\u00d6n\u00fc\u015fmek i\u00e7in kozas\u0131n\u0131 \u00d6rmesine benzetebiliriz. Uygun ko\u015fullar sa\u011fland\u0131\u011f\u0131nda, kozan\u0131n i\u00e7inden harika bir kelebe\u011fin \u00e7\u0131karak, rengarenk kanatlar\u0131n\u0131 \u00e7\u0131rpmas\u0131n\u0131 g\u00d6rebiliriz. \u0130nsanl\u0131\u011f\u0131n t\u00fcm enerjisini dijital d\u00fcnyada birle\u015ftirerek, \u00d6n\u00fcnde duran meselelerin \u00e7\u00d6z\u00fcm\u00fcnde, sinerjiyi ortaya \u00e7\u0131karabilir. \u0130\u015fte bu sinerjiyi kullanabilen insanl\u0131\u011f\u0131n potansiyelini, umar\u0131m d\u00fcnya g\u00d6z\u00fcyle keyif i\u00e7inde, izleme, g\u00d6rme ve ya\u015fama potansiyeline sahip bireylerden oluruz. &#8211; Pandeminin en az yedi kat h\u0131zland\u0131rd\u0131\u011f\u0131 dijital d\u00d6n\u00fc\u015f\u00fcm, ldquo;yarat\u0131c\u0131 y\u0131k\u0131mlardquo; kendini g\u00d6stermektedir. Zaman\u0131n \u00e7ark\u0131, insanl\u0131k i\u00e7in yeni bir d\u00d6n\u00fc\u015f\u00fcm \u015fafa\u011f\u0131nda bazen ac\u0131, bazen umut vererek ilerlemeye devam ediyor.<\/p>\n","protected":false},"excerpt":{"rendered":"<p>Ge\u00e7mi\u015fte ticaret kervanlar\u0131n\u0131n, daha sonra h\u0131zl\u0131 ula\u015f\u0131m a\u011flar\u0131n\u0131n yayd\u0131\u011f\u0131 uygarl\u0131\u011f\u0131n, g\u00fcn\u00fcm\u00fczde h\u0131zl\u0131 ve g\u00fcvenli internet yollar\u0131 \u00fczerinde bilgiyi \u00fcretme, depolama, kullanma, yayma ve yeniden kullanma becerileriyle<span class=\"excerpt-hellip\"> [\u2026]<\/span><\/p>\n","protected":false},"featured_media":0,"template":"","meta":{"_monsterinsights_skip_tracking":false,"_monsterinsights_sitenote_active":false,"_monsterinsights_sitenote_note":"","_monsterinsights_sitenote_category":0},"product_brand":[],"product_cat":[12291],"product_tag":[],"class_list":{"0":"post-740148","1":"product","2":"type-product","3":"status-publish","5":"product_cat-edebiyat","6":"pa_cilt-ciltsiz","7":"pa_tur-kitap","8":"pa_yayinevi-platanus-publishing","9":"pa_yazar-yusuf-deniz-inan","11":"first","12":"instock","13":"sale","14":"shipping-taxable","15":"purchasable","16":"product-type-simple"},"_links":{"self":[{"href":"https:\/\/roveyayinevi.com.tr\/index.php\/wp-json\/wp\/v2\/product\/740148","targetHints":{"allow":["GET"]}}],"collection":[{"href":"https:\/\/roveyayinevi.com.tr\/index.php\/wp-json\/wp\/v2\/product"}],"about":[{"href":"https:\/\/roveyayinevi.com.tr\/index.php\/wp-json\/wp\/v2\/types\/product"}],"wp:attachment":[{"href":"https:\/\/roveyayinevi.com.tr\/index.php\/wp-json\/wp\/v2\/media?parent=740148"}],"wp:term":[{"taxonomy":"product_brand","embeddable":true,"href":"https:\/\/roveyayinevi.com.tr\/index.php\/wp-json\/wp\/v2\/product_brand?post=740148"},{"taxonomy":"product_cat","embeddable":true,"href":"https:\/\/roveyayinevi.com.tr\/index.php\/wp-json\/wp\/v2\/product_cat?post=740148"},{"taxonomy":"product_tag","embeddable":true,"href":"https:\/\/roveyayinevi.com.tr\/index.php\/wp-json\/wp\/v2\/product_tag?post=740148"}],"curies":[{"name":"wp","href":"https:\/\/api.w.org\/{rel}","templated":true}]}}