{"id":740147,"date":"2025-08-28T00:21:26","date_gmt":"2025-08-27T21:21:26","guid":{"rendered":"https:\/\/roveyayinevi.com.tr\/index.php\/urun\/bir-astsubayin-gunlugu\/"},"modified":"2026-04-16T02:51:02","modified_gmt":"2026-04-15T23:51:02","slug":"bir-astsubayin-gunlugu","status":"publish","type":"product","link":"https:\/\/roveyayinevi.com.tr\/index.php\/urun\/bir-astsubayin-gunlugu\/","title":{"rendered":"Bir Astsubay\u0131n G\u00fcnl\u00fc\u011f\u00fc"},"content":{"rendered":"<p>G\u00fcney do\u011fuda g\u00d6rev yapan r\u00fctbeli veya r\u00fctbesiz askerlerin neler ya\u015fad\u0131\u011f\u0131n\u0131 biliyor musunuz? Ge\u00e7mi\u015fte oldu\u011fundan tek fark\u0131 teknolojinin de geli\u015fmi\u015f olmas\u0131d\u0131r. Bizler evlerimizde onlar\u0131n ne ya\u015fad\u0131\u011f\u0131ndan habersiz bir \u015fekilde sadece televizyonlar\u0131n bize yans\u0131tt\u0131\u011f\u0131 kadar biliyoruz. Sizlere soruyorum, orada \u015fehit veya gazi olan arkada\u015flar\u0131m\u0131z\u0131n karde\u015flerimizin isimlerinin ka\u00e7\u0131n\u0131 hat\u0131rl\u0131yoruz? Herkes evinde huzur i\u00e7inde ya\u015farken bizler i\u00e7in canlar\u0131n\u0131 feda eden veya bir uzuvlar\u0131n\u0131 kaybetmi\u015f kahramanlar\u0131m\u0131za minnet borcumuz yok mu? Bizler i\u00e7in her \u015feyi yapan bu T\u00fcrk Milletinin ordusunun \u015eehit ve Gazileriniunutmamam\u0131z ve her zaman onlara dua etmemiz gerekmez mi? Unutmamal\u0131y\u0131z ki bizlerin ailesi oldu\u011fu gibi, ad\u0131n\u0131 hat\u0131rlamad\u0131\u011f\u0131m\u0131z \u015eehitlerimizin ve Gazilerimizin de Annesi, Babas\u0131, Karde\u015fleri, Bac\u0131s\u0131, Akrabalar\u0131, Sevdikleri, Sevenleri, E\u015fleri ve \u00e7ocuklar\u0131 var. Onlar bizlere bir \u015fey olmas\u0131n diye Din, Vatan, Bayrak u\u011fruna canlar\u0131n\u0131 ve uzuvlar\u0131n\u0131 g\u00d6zlerini k\u0131rpmadan vermediler mi? Vatan savunmas\u0131 u\u011fruna gece, g\u00fcnd\u00fcz, kar, k\u0131\u015f, so\u011fuk, a\u00e7l\u0131k demeden ter\u00d6rle m\u00fccadele etmediler mi? Kimileri Gazilik makam\u0131 ile \u015fereflendiler, kimileri ise bu u\u011furda \u015eahadet \u015ferbetini i\u00e7tiler. Yahya Kemal Beyatl\u0131 \u015eiirinde ne g\u00fczel de S\u00d6ylemi\u015f. \u015eu kopan f\u0131rt\u0131na T\u00fcrk Ordusudur Yarabbi. Senin u\u011frunda \u00d6len ordu, Budur Yarabbi. Ta ki y\u00fckselsin Ezanlarla m\u00fceyyed nam\u0131n. Galip et bu son ordusudur \u0130slam`\u0131n.Ge\u00e7mi\u015ften G\u00fcn\u00fcm\u00fcze \u015eehitlerimiz Ve Gazilerimize \u0130thafen.<\/p>\n","protected":false},"excerpt":{"rendered":"<p>G\u00fcney do\u011fuda g\u00d6rev yapan r\u00fctbeli veya r\u00fctbesiz askerlerin neler ya\u015fad\u0131\u011f\u0131n\u0131 biliyor musunuz? Ge\u00e7mi\u015fte oldu\u011fundan tek fark\u0131 teknolojinin de geli\u015fmi\u015f olmas\u0131d\u0131r. Bizler evlerimizde onlar\u0131n ne ya\u015fad\u0131\u011f\u0131ndan habersiz<span class=\"excerpt-hellip\"> [\u2026]<\/span><\/p>\n","protected":false},"featured_media":0,"template":"","meta":{"_monsterinsights_skip_tracking":false,"_monsterinsights_sitenote_active":false,"_monsterinsights_sitenote_note":"","_monsterinsights_sitenote_category":0},"product_brand":[],"product_cat":[12291],"product_tag":[],"class_list":{"0":"post-740147","1":"product","2":"type-product","3":"status-publish","5":"product_cat-edebiyat","6":"pa_cilt-ciltsiz","7":"pa_tur-kitap","8":"pa_yayinevi-platanus-publishing","9":"pa_yazar-osman-albayrak","11":"first","12":"instock","13":"sale","14":"shipping-taxable","15":"purchasable","16":"product-type-simple"},"_links":{"self":[{"href":"https:\/\/roveyayinevi.com.tr\/index.php\/wp-json\/wp\/v2\/product\/740147","targetHints":{"allow":["GET"]}}],"collection":[{"href":"https:\/\/roveyayinevi.com.tr\/index.php\/wp-json\/wp\/v2\/product"}],"about":[{"href":"https:\/\/roveyayinevi.com.tr\/index.php\/wp-json\/wp\/v2\/types\/product"}],"wp:attachment":[{"href":"https:\/\/roveyayinevi.com.tr\/index.php\/wp-json\/wp\/v2\/media?parent=740147"}],"wp:term":[{"taxonomy":"product_brand","embeddable":true,"href":"https:\/\/roveyayinevi.com.tr\/index.php\/wp-json\/wp\/v2\/product_brand?post=740147"},{"taxonomy":"product_cat","embeddable":true,"href":"https:\/\/roveyayinevi.com.tr\/index.php\/wp-json\/wp\/v2\/product_cat?post=740147"},{"taxonomy":"product_tag","embeddable":true,"href":"https:\/\/roveyayinevi.com.tr\/index.php\/wp-json\/wp\/v2\/product_tag?post=740147"}],"curies":[{"name":"wp","href":"https:\/\/api.w.org\/{rel}","templated":true}]}}