{"id":740145,"date":"2025-08-28T00:21:23","date_gmt":"2025-08-27T21:21:23","guid":{"rendered":"https:\/\/roveyayinevi.com.tr\/index.php\/urun\/buyuk-goc\/"},"modified":"2026-04-16T02:51:02","modified_gmt":"2026-04-15T23:51:02","slug":"buyuk-goc","status":"publish","type":"product","link":"https:\/\/roveyayinevi.com.tr\/index.php\/urun\/buyuk-goc\/","title":{"rendered":"B\u00fcy\u00fck G\u00f6\u00e7"},"content":{"rendered":"<p>Bu roman\u0131, \u00d6zellikle babaannem G\u00fcll\u00fczar`\u0131n bizzat iste\u011fi ve vasiyeti \u00fczerine, onun an\u0131s\u0131n\u0131 ya\u015fatmak i\u00e7in yazd\u0131m.\u00d6mr\u00fc boyunca ge\u00e7mi\u015fin unutulmamas\u0131 i\u00e7in t\u00fcm olaylar\u0131 ve duyumlar\u0131 haf\u0131zas\u0131nda toplayarak saklayan babannem; a\u011farm\u0131\u015f per\u00e7emlerinin y\u00fcz\u00fcn\u00fc ayd\u0131nlatt\u0131\u011f\u0131, meleklere e\u015f de\u011ferdeki huzur dolu ruhuyla; adeta eski Yunan tanr\u0131lar\u0131n\u0131n o g\u00d6rkemli heybetiyle ula\u015f\u0131lmaz bir y\u00fccelikte as\u0131l\u0131 duran, her zaman ba\u015f\u0131 karl\u0131 ve dumanl\u0131 A\u011fr\u0131`ya do\u011fru beni de yan\u0131na alarak oturup, g\u00fcn do\u011fumundan g\u00fcn bat\u0131m\u0131na kadar ya\u015fad\u0131klar\u0131 g\u00d6\u00e7 dram\u0131n\u0131, g\u00d6zlerindeki inci tanelerini d\u00d6kerek en ince ayr\u0131nt\u0131s\u0131na kadar tek tek anlat\u0131r dururdu. Bu anlat\u0131mlar\u0131 haf\u0131zama o kadar iyi i\u015flenmi\u015f ki, her ayr\u0131nt\u0131, noktas\u0131na virg\u00fcl\u00fcne kadar sanki o anlat\u0131yormu\u015f gibi tazeli\u011fini koruyor bende. Bunun \u00fczerine vasiyetini de yerine getirmi\u015f olmak ad\u0131na yazmaya karar verdim.Babaannemin y\u00fcz\u00fcndeki her bir buru\u015fmu\u015f \u00e7izgi, hayat\u0131n zorluklar\u0131ndan kaynakl\u0131, \u00e7ekilen ac\u0131lar\u0131n semeresi olup, o dik duru\u015funun da sembol\u00fc idi. \u00d6yle ki; \u00e7elikten bir irade, ac\u0131lar\u0131n olgunla\u015ft\u0131rd\u0131\u011f\u0131 dingin bir ruh hali, dipdiri bir haf\u0131za ve adeta ayakl\u0131 bir tarih sembol\u00fcyd\u00fc O&#8230;Y\u00fcz\u00fcm\u00fcz\u00fc d\u00d6nd\u00fc\u011f\u00fcm\u00fcz o \u0131\u015f\u0131lt\u0131l\u0131 A\u011fr\u0131`n\u0131n ayd\u0131nl\u0131\u011f\u0131nda babaannem, ba\u015f\u0131ndan ge\u00e7en olaylar\u0131, oya i\u015fler gibi inci tanelerini bir tek ipek iplikci\u011fini bile incitmeden dizer gibi dile getirirdi. Kelimeler a\u011fz\u0131ndan a\u011f\u0131r a\u011f\u0131r d\u00d6k\u00fcl\u00fcr, e\u011fip b\u00fckmeden o g\u00fczelim \u015fivesiyle, bilfiil ya\u015fad\u0131\u011f\u0131 zaman\u0131n\u0131n dramatik tarihini ince ince anlat\u0131rd\u0131.Anlatt\u0131k\u00e7a dertlenir, dertlendik\u00e7e ya\u015fam\u0131n\u0131n gizemli derin dehlizlerine dalard\u0131. O anlar\u0131 yeniden yeniden ya\u015f\u0131yormu\u015f\u00e7as\u0131na, ge\u00e7mi\u015fin olaylar\u0131n\u0131 g\u00fcny\u00fcz\u00fcne \u00e7\u0131kart\u0131rken bir arkelo\u011fun titizli\u011fi ve \u00d6zeniyle davran\u0131rd\u0131. Tek tek ge\u00e7tikleri yerlerin isimlerini vererek, olaylar\u0131n ak\u0131\u015f\u0131n\u0131 ve ya\u015fananlar\u0131n ahengini bozmadan yaz\u0131l(a)mayan tarihin s\u00d6zc\u00fcl\u00fc\u011f\u00fcn\u00fc \u00fcstlenirdi sanki.Her bir olay\u0131 filmlere konu olacak denli zenginlikte o lsquo;Do\u011fu insan\u0131`n\u0131n bug\u00fcne kadar g\u00fcn y\u00fcz\u00fcne \u00e7\u0131kmam\u0131\u015f, adeta k\u00fcf kokan odalarda eskimi\u015f e\u015fyalar\u0131n\u0131n g\u00fcne\u015fle bulu\u015fma vaktinin geldi\u011fi varsay\u0131m\u0131yla, tam da bu ba\u011flamda on y\u0131llarca s\u00fcren bir g\u00d6\u00e7 dram\u0131n\u0131n nelere mal oldu\u011funu anlatma \u00e7abas\u0131d\u0131r, bu roman&#8230;Sonu\u00e7 olarak zafer ile yenilginin \u00e7arp\u0131\u015ft\u0131\u011f\u0131 er meydanlar\u0131nda ya\u015fananlar\u0131n unutulmamas\u0131 ve gelece\u011fe ta\u015f\u0131nmas\u0131 i\u00e7in lsquo;yitik zamanlar\u0131n` o cehennemini ve cennetini yazmaya \u00e7al\u0131\u015ft\u0131m.<\/p>\n","protected":false},"excerpt":{"rendered":"<p>Bu roman\u0131, \u00d6zellikle babaannem G\u00fcll\u00fczar`\u0131n bizzat iste\u011fi ve vasiyeti \u00fczerine, onun an\u0131s\u0131n\u0131 ya\u015fatmak i\u00e7in yazd\u0131m.\u00d6mr\u00fc boyunca ge\u00e7mi\u015fin unutulmamas\u0131 i\u00e7in t\u00fcm olaylar\u0131 ve duyumlar\u0131 haf\u0131zas\u0131nda toplayarak saklayan<span class=\"excerpt-hellip\"> [\u2026]<\/span><\/p>\n","protected":false},"featured_media":0,"template":"","meta":{"_monsterinsights_skip_tracking":false,"_monsterinsights_sitenote_active":false,"_monsterinsights_sitenote_note":"","_monsterinsights_sitenote_category":0},"product_brand":[],"product_cat":[12291],"product_tag":[],"class_list":{"0":"post-740145","1":"product","2":"type-product","3":"status-publish","5":"product_cat-edebiyat","6":"pa_cilt-ciltsiz","7":"pa_tur-kitap","8":"pa_yayinevi-platanus-publishing","9":"pa_yazar-cemal-turkden","11":"first","12":"instock","13":"sale","14":"shipping-taxable","15":"purchasable","16":"product-type-simple"},"_links":{"self":[{"href":"https:\/\/roveyayinevi.com.tr\/index.php\/wp-json\/wp\/v2\/product\/740145","targetHints":{"allow":["GET"]}}],"collection":[{"href":"https:\/\/roveyayinevi.com.tr\/index.php\/wp-json\/wp\/v2\/product"}],"about":[{"href":"https:\/\/roveyayinevi.com.tr\/index.php\/wp-json\/wp\/v2\/types\/product"}],"wp:attachment":[{"href":"https:\/\/roveyayinevi.com.tr\/index.php\/wp-json\/wp\/v2\/media?parent=740145"}],"wp:term":[{"taxonomy":"product_brand","embeddable":true,"href":"https:\/\/roveyayinevi.com.tr\/index.php\/wp-json\/wp\/v2\/product_brand?post=740145"},{"taxonomy":"product_cat","embeddable":true,"href":"https:\/\/roveyayinevi.com.tr\/index.php\/wp-json\/wp\/v2\/product_cat?post=740145"},{"taxonomy":"product_tag","embeddable":true,"href":"https:\/\/roveyayinevi.com.tr\/index.php\/wp-json\/wp\/v2\/product_tag?post=740145"}],"curies":[{"name":"wp","href":"https:\/\/api.w.org\/{rel}","templated":true}]}}