{"id":740143,"date":"2025-08-28T00:21:21","date_gmt":"2025-08-27T21:21:21","guid":{"rendered":"https:\/\/roveyayinevi.com.tr\/index.php\/urun\/bilinmeyen-bir-kadinin-mektubu-14\/"},"modified":"2026-04-16T02:51:02","modified_gmt":"2026-04-15T23:51:02","slug":"bilinmeyen-bir-kadinin-mektubu-14","status":"publish","type":"product","link":"https:\/\/roveyayinevi.com.tr\/index.php\/urun\/bilinmeyen-bir-kadinin-mektubu-14\/","title":{"rendered":"Bilinmeyen Bir Kad\u0131n\u0131n Mektubu"},"content":{"rendered":"<p>Me\u015fhur roman yazar\u0131 R., da\u011flara yapt\u0131\u011f\u0131 \u00fc\u00e7 g\u00fcnl\u00fck dinlendirici bir gezinin ard\u0131ndan sabah\u0131n erken saatlerinde Viyana`ya d\u00d6nm\u00fc\u015ft\u00fcr. Trenden indi\u011finde gardan bir gazete al\u0131p da, tarihe \u015f\u00d6yle bir g\u00d6z at-t\u0131\u011f\u0131nda o g\u00fcn\u00fcn do\u011fum g\u00fcn\u00fc oldu\u011funu fark etti. Aniden akl\u0131ndan k\u0131rk birinci do\u011fum g\u00fcn\u00fcm diye ge\u00e7irdi ve bu ger\u00e7eklikten ne ac\u0131 ne de mutluluk duydu. Gazetenin h\u0131\u015f\u0131rdayan sayfalar\u0131nda h\u0131zl\u0131ca bir g\u00d6z gezdirip, evinin bulundu\u011fu apartmana gitmek \u00fczere bir taksi \u00e7a\u011f\u0131rd\u0131. U\u015fak, onun yoklu\u011funda gelen iki ziyaret\u00e7inin ve telefon eden birka\u00e7 ki\u015finin bilgisini verdikten sonra d\u0131\u015far\u0131 \u00e7\u0131k\u0131p, elinde bir tepsi dolusu postayla tekrar odaya getirdi. R., gelen zarf-lar\u0131 rastgele g\u00d6zden ge\u00e7irdikten sonra, i\u00e7lerinden birka\u00e7\u0131n\u0131, g\u00d6nderen ki\u015filerin isimleri ilgisini \u00e7ekti\u011fi i\u00e7in a\u00e7t\u0131. A\u015fina olmad\u0131\u011f\u0131 bir el yaz\u0131s\u0131yla yaz\u0131lm\u0131\u015f ve olduk\u00e7a da uzun g\u00d6r\u00fcnen bir mektubu ise bir kenara ay\u0131rd\u0131. Bu arada hizmet\u00e7isi ona \u00e7ay\u0131n\u0131 getirmi\u015fti. R. koltukta rahat\u00e7a arkas\u0131na yasland\u0131, gazetenin ve di\u011fer evraklar\u0131n sayfalar\u0131na tekrar \u015f\u00d6yle bir g\u00d6z att\u0131; bir sigara yakt\u0131 ve az \u00d6nce kenara ay\u0131rm\u0131\u015f oldu\u011fu mektuba uzand\u0131.<\/p>\n","protected":false},"excerpt":{"rendered":"<p>Me\u015fhur roman yazar\u0131 R., da\u011flara yapt\u0131\u011f\u0131 \u00fc\u00e7 g\u00fcnl\u00fck dinlendirici bir gezinin ard\u0131ndan sabah\u0131n erken saatlerinde Viyana`ya d\u00d6nm\u00fc\u015ft\u00fcr. Trenden indi\u011finde gardan bir gazete al\u0131p da, tarihe \u015f\u00d6yle<span class=\"excerpt-hellip\"> [\u2026]<\/span><\/p>\n","protected":false},"featured_media":0,"template":"","meta":{"_monsterinsights_skip_tracking":false,"_monsterinsights_sitenote_active":false,"_monsterinsights_sitenote_note":"","_monsterinsights_sitenote_category":0},"product_brand":[],"product_cat":[12291],"product_tag":[],"class_list":{"0":"post-740143","1":"product","2":"type-product","3":"status-publish","5":"product_cat-edebiyat","6":"pa_cilt-ciltsiz","7":"pa_tur-kitap","8":"pa_yayinevi-platanus-publishing","9":"pa_yazar-stefan-zweig","11":"first","12":"instock","13":"sale","14":"shipping-taxable","15":"purchasable","16":"product-type-simple"},"_links":{"self":[{"href":"https:\/\/roveyayinevi.com.tr\/index.php\/wp-json\/wp\/v2\/product\/740143","targetHints":{"allow":["GET"]}}],"collection":[{"href":"https:\/\/roveyayinevi.com.tr\/index.php\/wp-json\/wp\/v2\/product"}],"about":[{"href":"https:\/\/roveyayinevi.com.tr\/index.php\/wp-json\/wp\/v2\/types\/product"}],"wp:attachment":[{"href":"https:\/\/roveyayinevi.com.tr\/index.php\/wp-json\/wp\/v2\/media?parent=740143"}],"wp:term":[{"taxonomy":"product_brand","embeddable":true,"href":"https:\/\/roveyayinevi.com.tr\/index.php\/wp-json\/wp\/v2\/product_brand?post=740143"},{"taxonomy":"product_cat","embeddable":true,"href":"https:\/\/roveyayinevi.com.tr\/index.php\/wp-json\/wp\/v2\/product_cat?post=740143"},{"taxonomy":"product_tag","embeddable":true,"href":"https:\/\/roveyayinevi.com.tr\/index.php\/wp-json\/wp\/v2\/product_tag?post=740143"}],"curies":[{"name":"wp","href":"https:\/\/api.w.org\/{rel}","templated":true}]}}