{"id":740142,"date":"2025-08-28T00:21:20","date_gmt":"2025-08-27T21:21:20","guid":{"rendered":"https:\/\/roveyayinevi.com.tr\/index.php\/urun\/cahiliye-donemi\/"},"modified":"2026-04-16T02:51:02","modified_gmt":"2026-04-15T23:51:02","slug":"cahiliye-donemi","status":"publish","type":"product","link":"https:\/\/roveyayinevi.com.tr\/index.php\/urun\/cahiliye-donemi\/","title":{"rendered":"Cahiliye D\u00f6nemi"},"content":{"rendered":"<p>Cahiliye D\u00d6nemi ismini verdi\u011fimiz bu ikinci kitab\u0131m\u0131zda da Kuran-\u0131 Kerim, \u0130nciller ve sahih hadisler dayanaklar\u0131m\u0131z oldu. Aralardaki bo\u015fluklar\u0131 muteber bildi\u011fimiz kitaplardan derledi\u011fimiz bilgilerle doldurduk. Objektif ve do\u011fru bilgilerle haz\u0131rlad\u0131\u011f\u0131m\u0131z\u0131 inand\u0131\u011f\u0131m\u0131z bu kitab\u0131m\u0131z\u0131n Cahiliye D\u00d6nemini doyurucu ve do\u011fru bir \u015fekilde anlat\u0131p, tan\u0131tan bir eser olmas\u0131 i\u00e7in elimizden gelen her \u015feyi yapt\u0131k. Ger\u00e7ekleri \u00d6rt bas ederek peygamberimizi koruma gibi bir gayret i\u00e7inde bulunmad\u0131k. Peygamberimiz o kadar b\u00fcy\u00fck ve M\u00fcbarek Bir Ki\u015fidir ki hi\u00e7bir faninin korumas\u0131na ihtiyac\u0131 yoktur. Do\u011fru bilgilere ula\u015f\u0131ld\u0131k\u00e7a Onun b\u00fcy\u00fckl\u00fc\u011f\u00fc ve y\u00fcceli\u011fi daha iyi anla\u015f\u0131lacakt\u0131r. Bu konuda en ufak bir \u015f\u00fcphemiz dahi yoktur..<\/p>\n","protected":false},"excerpt":{"rendered":"<p>Cahiliye D\u00d6nemi ismini verdi\u011fimiz bu ikinci kitab\u0131m\u0131zda da Kuran-\u0131 Kerim, \u0130nciller ve sahih hadisler dayanaklar\u0131m\u0131z oldu. Aralardaki bo\u015fluklar\u0131 muteber bildi\u011fimiz kitaplardan derledi\u011fimiz bilgilerle doldurduk. Objektif ve<span class=\"excerpt-hellip\"> [\u2026]<\/span><\/p>\n","protected":false},"featured_media":0,"template":"","meta":{"_monsterinsights_skip_tracking":false,"_monsterinsights_sitenote_active":false,"_monsterinsights_sitenote_note":"","_monsterinsights_sitenote_category":0},"product_brand":[],"product_cat":[12291],"product_tag":[],"class_list":{"0":"post-740142","1":"product","2":"type-product","3":"status-publish","5":"product_cat-edebiyat","6":"pa_cilt-ciltsiz","7":"pa_tur-kitap","8":"pa_yayinevi-platanus-publishing","9":"pa_yazar-hudai-cakmak","11":"first","12":"instock","13":"sale","14":"shipping-taxable","15":"purchasable","16":"product-type-simple"},"_links":{"self":[{"href":"https:\/\/roveyayinevi.com.tr\/index.php\/wp-json\/wp\/v2\/product\/740142","targetHints":{"allow":["GET"]}}],"collection":[{"href":"https:\/\/roveyayinevi.com.tr\/index.php\/wp-json\/wp\/v2\/product"}],"about":[{"href":"https:\/\/roveyayinevi.com.tr\/index.php\/wp-json\/wp\/v2\/types\/product"}],"wp:attachment":[{"href":"https:\/\/roveyayinevi.com.tr\/index.php\/wp-json\/wp\/v2\/media?parent=740142"}],"wp:term":[{"taxonomy":"product_brand","embeddable":true,"href":"https:\/\/roveyayinevi.com.tr\/index.php\/wp-json\/wp\/v2\/product_brand?post=740142"},{"taxonomy":"product_cat","embeddable":true,"href":"https:\/\/roveyayinevi.com.tr\/index.php\/wp-json\/wp\/v2\/product_cat?post=740142"},{"taxonomy":"product_tag","embeddable":true,"href":"https:\/\/roveyayinevi.com.tr\/index.php\/wp-json\/wp\/v2\/product_tag?post=740142"}],"curies":[{"name":"wp","href":"https:\/\/api.w.org\/{rel}","templated":true}]}}