{"id":740141,"date":"2025-08-28T00:21:19","date_gmt":"2025-08-27T21:21:19","guid":{"rendered":"https:\/\/roveyayinevi.com.tr\/index.php\/urun\/butun-hindistana-hakim-olan-turk-alaeddin-halaci\/"},"modified":"2026-02-25T13:45:53","modified_gmt":"2026-02-25T10:45:53","slug":"butun-hindistana-hakim-olan-turk-alaeddin-halaci","status":"publish","type":"product","link":"https:\/\/roveyayinevi.com.tr\/index.php\/urun\/butun-hindistana-hakim-olan-turk-alaeddin-halaci\/","title":{"rendered":"B\u00fct\u00fcn Hindistan&#8217;a Hakim Olan T\u00fcrk Alaeddin Halaci"},"content":{"rendered":"<p>&#8220;Hindistan`da M\u00fcsl\u00fcman hakimiyetinde Halacicirc; hanedanl\u0131\u011f\u0131, \u00d6zelikle de Alaeddin Halacicirc;` (1296-1316) d\u00d6nemi olduk\u00e7a \u00d6nemli bir yere sahiptir. Sultan Alaeddin Halacicirc;`in d\u00d6neminde M\u00fcsl\u00fcmanlar Hindistan`da emsalsiz fetihler yapt\u0131lar. Hindistan`\u0131n d\u00d6rt bir yan\u0131na ordular g\u00d6nderdiler. Alaeddin Halacicirc; bir taraftan yak\u0131n ve uzak b\u00d6lgede ya\u015fayan ba\u011f\u0131ms\u0131z Hindu Racalara ve padi\u015fahlara kendi egemenli\u011fini kabul ettirirken di\u011fer taraftan ise d\u0131\u015far\u0131dan gelen Mo\u011fol sald\u0131r\u0131lar\u0131yla m\u00fccadele etmi\u015ftir. E\u011fer Sultan Alaeddin Halacicirc; Mo\u011follara kar\u015f\u0131 tam zaman\u0131nda ve sert tedbirler almasayd\u0131, Hindistan da di\u011fer \u0130slam beldeleri gibi Mo\u011follar\u0131n zulm\u00fcne maruz kalabilirdi.Sultan Alaeddin Halacicirc;`nin baz\u0131 \u0131slahatlar\u0131 orta \u00e7a\u011fda yeni bir tecr\u00fcbe ve devlet y\u00d6netimin \u00fcslubuydu. \u00fcstelik bu faaliyetlerin tamamen ba\u015far\u0131yla sonu\u00e7land\u0131r\u0131lmas\u0131 \u015fa\u015f\u0131rt\u0131c\u0131d\u0131r. amp;`;Devr-i Alaicirc;rdquo; diye an\u0131lan bu devir her alanda yeti\u015fmi\u015f b\u00fcy\u00fck devlet adamlar\u0131 (\u00e7o\u011fu T\u00fcrkistan T\u00fcrk\u00fcd\u00fcr) ilerdeki Ekber \u015eah, Osmanl\u0131`da Kanunicirc; Sultan S\u00fcleyman ve Fransa`da 14. Lui (Louis 14.) devirleriyle kar\u015f\u0131la\u015ft\u0131r\u0131labilir. \u00d6zelikle Sultan\u0131n yapt\u0131\u011f\u0131 iktisadicirc;, idaricirc; ve askeri \u0131slahatlar bug\u00fcn bile her \u0131slahat\u00e7\u0131 h\u00fck\u00fcmet i\u00e7in bir numunedir. Zaten Alaeddin Halacicirc; d\u00d6nemini \u00e7al\u0131\u015fma sebebimiz budur.&#8221;<\/p>\n","protected":false},"excerpt":{"rendered":"<p>&#8220;Hindistan`da M\u00fcsl\u00fcman hakimiyetinde Halacicirc; hanedanl\u0131\u011f\u0131, \u00d6zelikle de Alaeddin Halacicirc;` (1296-1316) d\u00d6nemi olduk\u00e7a \u00d6nemli bir yere sahiptir. Sultan Alaeddin Halacicirc;`in d\u00d6neminde M\u00fcsl\u00fcmanlar Hindistan`da emsalsiz fetihler yapt\u0131lar. Hindistan`\u0131n<span class=\"excerpt-hellip\"> [\u2026]<\/span><\/p>\n","protected":false},"featured_media":0,"template":"","meta":{"_monsterinsights_skip_tracking":false,"_monsterinsights_sitenote_active":false,"_monsterinsights_sitenote_note":"","_monsterinsights_sitenote_category":0},"product_brand":[],"product_cat":[12291],"product_tag":[],"class_list":{"0":"post-740141","1":"product","2":"type-product","3":"status-publish","5":"product_cat-edebiyat","6":"pa_cilt-ciltsiz","7":"pa_tur-kitap","8":"pa_yayinevi-platanus-publishing","9":"pa_yazar-hafiz-aamir-ali","11":"first","12":"instock","13":"sale","14":"shipping-taxable","15":"purchasable","16":"product-type-simple"},"_links":{"self":[{"href":"https:\/\/roveyayinevi.com.tr\/index.php\/wp-json\/wp\/v2\/product\/740141","targetHints":{"allow":["GET"]}}],"collection":[{"href":"https:\/\/roveyayinevi.com.tr\/index.php\/wp-json\/wp\/v2\/product"}],"about":[{"href":"https:\/\/roveyayinevi.com.tr\/index.php\/wp-json\/wp\/v2\/types\/product"}],"wp:attachment":[{"href":"https:\/\/roveyayinevi.com.tr\/index.php\/wp-json\/wp\/v2\/media?parent=740141"}],"wp:term":[{"taxonomy":"product_brand","embeddable":true,"href":"https:\/\/roveyayinevi.com.tr\/index.php\/wp-json\/wp\/v2\/product_brand?post=740141"},{"taxonomy":"product_cat","embeddable":true,"href":"https:\/\/roveyayinevi.com.tr\/index.php\/wp-json\/wp\/v2\/product_cat?post=740141"},{"taxonomy":"product_tag","embeddable":true,"href":"https:\/\/roveyayinevi.com.tr\/index.php\/wp-json\/wp\/v2\/product_tag?post=740141"}],"curies":[{"name":"wp","href":"https:\/\/api.w.org\/{rel}","templated":true}]}}