{"id":740140,"date":"2025-08-28T00:21:18","date_gmt":"2025-08-27T21:21:18","guid":{"rendered":"https:\/\/roveyayinevi.com.tr\/index.php\/urun\/besmele\/"},"modified":"2026-04-16T02:51:02","modified_gmt":"2026-04-15T23:51:02","slug":"besmele","status":"publish","type":"product","link":"https:\/\/roveyayinevi.com.tr\/index.php\/urun\/besmele\/","title":{"rendered":"Besmele"},"content":{"rendered":"<p>Y\u00fcce Rabbimin izni ile Besmele isimli ilk kitab\u0131m\u0131 tamamlad\u0131m.Bu kitab\u0131 yazmaktataki amac\u0131m \u0130slam hakk\u0131ndaki g\u00fczel s\u00d6zleri ve kendi d\u00fc\u015f\u00fcncelerimi payla\u015fmaktad\u0131r.\u0130n\u015fallah kitab\u0131m\u0131 okuyanlar\u0131n hayatlar\u0131nda g\u00fczel de\u011fi\u015fimlerin olmas\u0131 i\u00e7in dua ediyorum. Belki biri okur, etkilenir ve hayat\u0131n\u0131 tamamen Rabbi i\u00e7in ya\u015far d\u00fc\u015f\u00fcncesi ile yazd\u0131\u011f\u0131m kitapta Tek gayem Allah\u0131n r\u0131zas\u0131d\u0131r.Birilerine bu yolda vesile olabilirsem ne mutlu bana&#8230;<\/p>\n","protected":false},"excerpt":{"rendered":"<p>Y\u00fcce Rabbimin izni ile Besmele isimli ilk kitab\u0131m\u0131 tamamlad\u0131m.Bu kitab\u0131 yazmaktataki amac\u0131m \u0130slam hakk\u0131ndaki g\u00fczel s\u00d6zleri ve kendi d\u00fc\u015f\u00fcncelerimi payla\u015fmaktad\u0131r.\u0130n\u015fallah kitab\u0131m\u0131 okuyanlar\u0131n hayatlar\u0131nda g\u00fczel de\u011fi\u015fimlerin olmas\u0131<span class=\"excerpt-hellip\"> [\u2026]<\/span><\/p>\n","protected":false},"featured_media":0,"template":"","meta":{"_monsterinsights_skip_tracking":false,"_monsterinsights_sitenote_active":false,"_monsterinsights_sitenote_note":"","_monsterinsights_sitenote_category":0},"product_brand":[],"product_cat":[12718],"product_tag":[],"class_list":{"0":"post-740140","1":"product","2":"type-product","3":"status-publish","5":"product_cat-din","6":"pa_cilt-ciltsiz","7":"pa_tur-kitap","8":"pa_yayinevi-platanus-publishing","9":"pa_yazar-egemen-kose","11":"first","12":"instock","13":"sale","14":"shipping-taxable","15":"purchasable","16":"product-type-simple"},"_links":{"self":[{"href":"https:\/\/roveyayinevi.com.tr\/index.php\/wp-json\/wp\/v2\/product\/740140","targetHints":{"allow":["GET"]}}],"collection":[{"href":"https:\/\/roveyayinevi.com.tr\/index.php\/wp-json\/wp\/v2\/product"}],"about":[{"href":"https:\/\/roveyayinevi.com.tr\/index.php\/wp-json\/wp\/v2\/types\/product"}],"wp:attachment":[{"href":"https:\/\/roveyayinevi.com.tr\/index.php\/wp-json\/wp\/v2\/media?parent=740140"}],"wp:term":[{"taxonomy":"product_brand","embeddable":true,"href":"https:\/\/roveyayinevi.com.tr\/index.php\/wp-json\/wp\/v2\/product_brand?post=740140"},{"taxonomy":"product_cat","embeddable":true,"href":"https:\/\/roveyayinevi.com.tr\/index.php\/wp-json\/wp\/v2\/product_cat?post=740140"},{"taxonomy":"product_tag","embeddable":true,"href":"https:\/\/roveyayinevi.com.tr\/index.php\/wp-json\/wp\/v2\/product_tag?post=740140"}],"curies":[{"name":"wp","href":"https:\/\/api.w.org\/{rel}","templated":true}]}}