{"id":740139,"date":"2025-08-28T00:21:17","date_gmt":"2025-08-27T21:21:17","guid":{"rendered":"https:\/\/roveyayinevi.com.tr\/index.php\/urun\/before-adam-ademden-once\/"},"modified":"2026-04-11T14:09:17","modified_gmt":"2026-04-11T11:09:17","slug":"before-adam-ademden-once","status":"publish","type":"product","link":"https:\/\/roveyayinevi.com.tr\/index.php\/urun\/before-adam-ademden-once\/","title":{"rendered":"Before Adam &#8211; Adem&#8217;den \u00d6nce"},"content":{"rendered":"<p>Bu kitap, Adem`den \u00d6nce (orijinal ad\u0131: Before Adam), Amerikal\u0131 yazar Jack London taraf\u0131ndan yaz\u0131lan bir roman olup 1906 ve 1907 y\u0131llar\u0131 aras\u0131nda Everybody`s Magazine adl\u0131 dergide seri halinde yay\u0131mlanm\u0131\u015f kitab\u0131n orijinal dil (\u0130ngilizce) ve T\u00fcrk\u00e7e \u00e7evirisinden olu\u015fmaktad\u0131r. Kitab\u0131n ana kahraman\u0131, r\u00fcyas\u0131nda insanl\u0131\u011f\u0131n erken d\u00d6nemlerinde ya\u015fad\u0131\u011f\u0131n\u0131 g\u00d6rmektedir ve kitapta da bu d\u00d6nemde ba\u015f\u0131ndan ge\u00e7enler anlat\u0131lmaktad\u0131r.Kitap, insan\u0131n evriminin erken d\u00d6nemlerine ait bir bak\u0131\u015f niteli\u011findedir. Kitab\u0131n ana kahraman\u0131, Ma\u011fara \u0130nsanlar\u0131 olarak adland\u0131r\u0131lan grubun bir \u00fcyesidir ve hikaye, bu ki\u015finin g\u00d6z\u00fcnden ve yine bu ki\u015finin a\u011fz\u0131ndan anlat\u0131l\u0131r. Ancak anlat\u0131c\u0131, hikayede ya\u015fananlarla ilgili \u00e7ok daha geni\u015f bir bak\u0131\u015f a\u00e7\u0131s\u0131na sahiptir ve olaylara \u00fc\u00e7\u00fcnc\u00fc bir g\u00d6z gibi d\u0131\u015far\u0131dan bakarak, bilgece yorumlar getirir. Bu yorumlar, bug\u00fcnk\u00fc insan\u0131n bilgisiyle insan evriminin erken d\u00d6nemlerinin yorumlanmas\u0131 olarak ifade edilebilir. Yani hikayenin kahraman\u0131 hem birinci a\u011f\u0131zdan, hem de \u00fc\u00e7\u00fcnc\u00fc a\u011f\u0131zdan anlat\u0131c\u0131 rol\u00fcn\u00fc \u00fcstlenir. Ma\u011fara \u0130nsanlar\u0131`na ek olarak, daha geli\u015fmi\u015f Ate\u015f \u0130nsanlar\u0131 ve daha az geli\u015fmi\u015f, hayvani A\u011fa\u00e7 \u0130nsanlar\u0131 da hikayede yer almaktad\u0131r.<\/p>\n","protected":false},"excerpt":{"rendered":"<p>Bu kitap, Adem`den \u00d6nce (orijinal ad\u0131: Before Adam), Amerikal\u0131 yazar Jack London taraf\u0131ndan yaz\u0131lan bir roman olup 1906 ve 1907 y\u0131llar\u0131 aras\u0131nda Everybody`s Magazine adl\u0131 dergide<span class=\"excerpt-hellip\"> [\u2026]<\/span><\/p>\n","protected":false},"featured_media":0,"template":"","meta":{"_monsterinsights_skip_tracking":false,"_monsterinsights_sitenote_active":false,"_monsterinsights_sitenote_note":"","_monsterinsights_sitenote_category":0},"product_brand":[],"product_cat":[12291],"product_tag":[],"class_list":{"0":"post-740139","1":"product","2":"type-product","3":"status-publish","5":"product_cat-edebiyat","6":"pa_cilt-ciltsiz","7":"pa_tur-kitap","8":"pa_yayinevi-platanus-publishing","9":"pa_yazar-dilek-atik","11":"first","12":"instock","13":"sale","14":"shipping-taxable","15":"purchasable","16":"product-type-simple"},"_links":{"self":[{"href":"https:\/\/roveyayinevi.com.tr\/index.php\/wp-json\/wp\/v2\/product\/740139","targetHints":{"allow":["GET"]}}],"collection":[{"href":"https:\/\/roveyayinevi.com.tr\/index.php\/wp-json\/wp\/v2\/product"}],"about":[{"href":"https:\/\/roveyayinevi.com.tr\/index.php\/wp-json\/wp\/v2\/types\/product"}],"wp:attachment":[{"href":"https:\/\/roveyayinevi.com.tr\/index.php\/wp-json\/wp\/v2\/media?parent=740139"}],"wp:term":[{"taxonomy":"product_brand","embeddable":true,"href":"https:\/\/roveyayinevi.com.tr\/index.php\/wp-json\/wp\/v2\/product_brand?post=740139"},{"taxonomy":"product_cat","embeddable":true,"href":"https:\/\/roveyayinevi.com.tr\/index.php\/wp-json\/wp\/v2\/product_cat?post=740139"},{"taxonomy":"product_tag","embeddable":true,"href":"https:\/\/roveyayinevi.com.tr\/index.php\/wp-json\/wp\/v2\/product_tag?post=740139"}],"curies":[{"name":"wp","href":"https:\/\/api.w.org\/{rel}","templated":true}]}}