{"id":740136,"date":"2025-08-28T00:21:13","date_gmt":"2025-08-27T21:21:13","guid":{"rendered":"https:\/\/roveyayinevi.com.tr\/index.php\/urun\/bas-agrisi\/"},"modified":"2026-04-08T02:59:13","modified_gmt":"2026-04-07T23:59:13","slug":"bas-agrisi","status":"publish","type":"product","link":"https:\/\/roveyayinevi.com.tr\/index.php\/urun\/bas-agrisi\/","title":{"rendered":"Ba\u015f A\u011fr\u0131s\u0131"},"content":{"rendered":"<p>\u0130nsana s\u0131n\u0131rs\u0131z \u00fcretimle s\u0131n\u0131rs\u0131z mutluluk ve mutlak \u00d6zg\u00fcrl\u00fck umudu veren modernite insan\u0131 t\u00fcketimin aparat\u0131, hazlar\u0131n\u0131n k\u00d6lesi haline getirmi\u015f, korkular\u0131n\u0131 \u00e7o\u011faltm\u0131\u015ft\u0131r. Modernite insan\u0131 korkular\u0131n\u0131 \u00e7o\u011faltmakla birlikte akl\u0131n\u0131n kendisine yetece\u011fi zehab\u0131na kap\u0131lm\u0131\u015ft\u0131r. \u0130nsan kendi kendime yeterim dedi\u011fi g\u00fcn haya \u00d6rt\u00fcs\u00fcn\u00fc de d\u00fc\u015f\u00fcrm\u00fc\u015ft\u00fcr. \u0130nsan salt ak\u0131l elbisesini giyeli, \u00e7\u0131plakt\u0131r, bakmay\u0131n giyinik oldu\u011funa soyunuktur. G\u00d6r\u00fc\u015f\u00fcne g\u00fcvendi\u011finden beri g\u00d6r\u00fc\u015f\u00fc bulan\u0131kt\u0131r, basireti kapan\u0131kt\u0131r, k\u00d6rd\u00fcr; yaln\u0131z k\u00d6r de\u011fil k\u00d6rl\u00fc\u011f\u00fcne de k\u00d6rd\u00fcr. Kral \u00e7\u0131plak \u00e7\u0131\u011fl\u0131klar\u0131na sa\u011f\u0131r kesilmi\u015f sadece kendi sesini duymaktad\u0131r, kendine a\u015f\u0131kt\u0131r. Haya \u00d6rt\u00fcs\u00fcnden soyundu\u011funun idraki i\u00e7inde de\u011fildir. Yaln\u0131z \u00d6rt\u00fcs\u00fcn\u00fc d\u00fc\u015f\u00fcrmemi\u015f evinin\/ya\u015fam\u0131n\u0131n kal\u0131n perdelerini \u015feffafla\u015ft\u0131rarak, ya\u015fam\u0131n\u0131n t\u00fcm s\u0131rlar\u0131n\u0131 soka\u011fa (face- instagram, vb) ta\u015f\u0131yarak mahremin duvarlar\u0131n\u0131 da y\u0131km\u0131\u015f, s\u0131rlar\u0131n\u0131 if\u015fa etmi\u015ftir. \u0130ffetin, hayan\u0131n g\u00d6mle\u011fini soyunmu\u015f, \u015fehvetin, h\u0131rs\u0131n, bencilli\u011fin, kendini be\u011fenmi\u015fli\u011fin g\u00d6mle\u011fini giyinmi\u015ftir, hem de kat kat. Ama yine de soyunuklulu\u011funun fark\u0131nda olmayan bir \u00e7\u0131plakt\u0131r.<\/p>\n","protected":false},"excerpt":{"rendered":"<p>\u0130nsana s\u0131n\u0131rs\u0131z \u00fcretimle s\u0131n\u0131rs\u0131z mutluluk ve mutlak \u00d6zg\u00fcrl\u00fck umudu veren modernite insan\u0131 t\u00fcketimin aparat\u0131, hazlar\u0131n\u0131n k\u00d6lesi haline getirmi\u015f, korkular\u0131n\u0131 \u00e7o\u011faltm\u0131\u015ft\u0131r. Modernite insan\u0131 korkular\u0131n\u0131 \u00e7o\u011faltmakla birlikte akl\u0131n\u0131n<span class=\"excerpt-hellip\"> [\u2026]<\/span><\/p>\n","protected":false},"featured_media":0,"template":"","meta":{"_monsterinsights_skip_tracking":false,"_monsterinsights_sitenote_active":false,"_monsterinsights_sitenote_note":"","_monsterinsights_sitenote_category":0},"product_brand":[],"product_cat":[12291],"product_tag":[],"class_list":{"0":"post-740136","1":"product","2":"type-product","3":"status-publish","5":"product_cat-edebiyat","6":"pa_cilt-ciltsiz","7":"pa_tur-kitap","8":"pa_yayinevi-platanus-publishing","9":"pa_yazar-suphi-ertas","11":"first","12":"instock","13":"sale","14":"shipping-taxable","15":"purchasable","16":"product-type-simple"},"_links":{"self":[{"href":"https:\/\/roveyayinevi.com.tr\/index.php\/wp-json\/wp\/v2\/product\/740136","targetHints":{"allow":["GET"]}}],"collection":[{"href":"https:\/\/roveyayinevi.com.tr\/index.php\/wp-json\/wp\/v2\/product"}],"about":[{"href":"https:\/\/roveyayinevi.com.tr\/index.php\/wp-json\/wp\/v2\/types\/product"}],"wp:attachment":[{"href":"https:\/\/roveyayinevi.com.tr\/index.php\/wp-json\/wp\/v2\/media?parent=740136"}],"wp:term":[{"taxonomy":"product_brand","embeddable":true,"href":"https:\/\/roveyayinevi.com.tr\/index.php\/wp-json\/wp\/v2\/product_brand?post=740136"},{"taxonomy":"product_cat","embeddable":true,"href":"https:\/\/roveyayinevi.com.tr\/index.php\/wp-json\/wp\/v2\/product_cat?post=740136"},{"taxonomy":"product_tag","embeddable":true,"href":"https:\/\/roveyayinevi.com.tr\/index.php\/wp-json\/wp\/v2\/product_tag?post=740136"}],"curies":[{"name":"wp","href":"https:\/\/api.w.org\/{rel}","templated":true}]}}