{"id":740116,"date":"2025-08-28T00:20:56","date_gmt":"2025-08-27T21:20:56","guid":{"rendered":"https:\/\/roveyayinevi.com.tr\/index.php\/urun\/the-fortunes-and-misfortunes-of-the-famous-moll-flanders\/"},"modified":"2026-04-16T02:51:01","modified_gmt":"2026-04-15T23:51:01","slug":"the-fortunes-and-misfortunes-of-the-famous-moll-flanders","status":"publish","type":"product","link":"https:\/\/roveyayinevi.com.tr\/index.php\/urun\/the-fortunes-and-misfortunes-of-the-famous-moll-flanders\/","title":{"rendered":"The Fortunes and Misfortunes of the Famous Moll Flanders"},"content":{"rendered":"<p>2022 9. S\u0131n\u0131f T\u00fcm Dersler Soru Bankas\u0131<\/p>\n","protected":false},"excerpt":{"rendered":"<p>2022 9. S\u0131n\u0131f T\u00fcm Dersler Soru Bankas\u0131<\/p>\n","protected":false},"featured_media":0,"template":"","meta":{"_monsterinsights_skip_tracking":false,"_monsterinsights_sitenote_active":false,"_monsterinsights_sitenote_note":"","_monsterinsights_sitenote_category":0},"product_brand":[],"product_cat":[12472],"product_tag":[],"class_list":{"0":"post-740116","1":"product","2":"type-product","3":"status-publish","5":"product_cat-yabanci-dilde-kitaplar","6":"pa_cilt-ciltsiz","7":"pa_tur-kitap","8":"pa_yayinevi-platanus-publishing","9":"pa_yazar-daniel-defoe","11":"first","12":"instock","13":"sale","14":"shipping-taxable","15":"purchasable","16":"product-type-simple"},"_links":{"self":[{"href":"https:\/\/roveyayinevi.com.tr\/index.php\/wp-json\/wp\/v2\/product\/740116","targetHints":{"allow":["GET"]}}],"collection":[{"href":"https:\/\/roveyayinevi.com.tr\/index.php\/wp-json\/wp\/v2\/product"}],"about":[{"href":"https:\/\/roveyayinevi.com.tr\/index.php\/wp-json\/wp\/v2\/types\/product"}],"wp:attachment":[{"href":"https:\/\/roveyayinevi.com.tr\/index.php\/wp-json\/wp\/v2\/media?parent=740116"}],"wp:term":[{"taxonomy":"product_brand","embeddable":true,"href":"https:\/\/roveyayinevi.com.tr\/index.php\/wp-json\/wp\/v2\/product_brand?post=740116"},{"taxonomy":"product_cat","embeddable":true,"href":"https:\/\/roveyayinevi.com.tr\/index.php\/wp-json\/wp\/v2\/product_cat?post=740116"},{"taxonomy":"product_tag","embeddable":true,"href":"https:\/\/roveyayinevi.com.tr\/index.php\/wp-json\/wp\/v2\/product_tag?post=740116"}],"curies":[{"name":"wp","href":"https:\/\/api.w.org\/{rel}","templated":true}]}}