{"id":740106,"date":"2025-08-28T00:20:49","date_gmt":"2025-08-27T21:20:49","guid":{"rendered":"https:\/\/roveyayinevi.com.tr\/index.php\/urun\/1948-dogumlular\/"},"modified":"2026-04-16T02:51:00","modified_gmt":"2026-04-15T23:51:00","slug":"1948-dogumlular","status":"publish","type":"product","link":"https:\/\/roveyayinevi.com.tr\/index.php\/urun\/1948-dogumlular\/","title":{"rendered":"1948 Do\u011fumlular"},"content":{"rendered":"<p>48 Do\u011fumlu olarak co\u011frafyam\u0131zda do\u011fanlar, hem yoksul duvarlar\u0131n aras\u0131nda, \u00fcstelik cihan sava\u015flar\u0131n\u0131n y\u0131k\u0131m\u0131 sonras\u0131nda do\u011fanlard\u0131r. Burada cinsiyet ayr\u0131m\u0131 yoktur. Do\u011fan \u00e7ocuktur, kaderine r\u0131za g\u00d6stermek zorundad\u0131r. Okumam\u0131\u015f annenin, bilgi yoksunu baban\u0131n \u00e7ocuklar\u0131, kaderlerini ya\u015farken bolca din bask\u0131s\u0131, birde yoksulluk haklar\u0131n\u0131 doyas\u0131ya kullan\u0131rlard\u0131. Halk\u0131 ayd\u0131nlatmakla g\u00d6revli din adamlar\u0131 imamlar, birde \u00d6\u011fretmenler k\u00d6y yerinde hizmet i\u00e7in bulunan k\u0131ymetlilerdir. \u0130mamlar\u0131n i\u015fi; cehennem azab\u0131n\u0131 kavratmak, \u00d6\u011fretmenlerin g\u00d6revi cehaleti yok etmekti! \u00e7o\u011fu E\u011fitmen, bir k\u0131sm\u0131 K\u00d6y Enstit\u00fcs\u00fc mezunu olan \u00d6\u011fretmenler cehaletle sava\u015f\u0131rken, akl\u0131n yolunu aramay\u0131 da \u00d6\u011frettikleri i\u00e7in, d\u00fczene ters d\u00fc\u015ft\u00fcklerinden kom\u00fcnist damgas\u0131 yerlerdi. E\u011fitmenler, d\u00fczeni benimsemi\u015f olduklar\u0131ndan daha \u00e7ok seviliyorlard\u0131. \u00d6\u011fretmenler? Onlara kar\u015f\u0131 konu\u015fmak y\u00fcrek isterdi, bilgi isterdi. Sava\u015f, din ve bilgi ile uygarl\u0131k alan\u0131ndaki geli\u015fme iste\u011fi \u00fc\u00e7geninde, uygarl\u0131k yoksunlu\u011funda do\u011fanlarhellip; Kendi kusurlar\u0131 de\u011filken yoksulluk \u00e7emberini k\u0131ramadan \u00d6mr\u00fcn\u00fc tamamlayanlarhellip; Bilime hizmet etmi\u015f, \u00d6mr\u00fcn\u00fc insanl\u0131k i\u00e7in harcayanlar, birde insan olarak do\u011fduklar\u0131 halde insanl\u0131ktan nasip alamayanlar sizleri en derin sayg\u0131lar\u0131mla selaml\u0131yorum.<\/p>\n","protected":false},"excerpt":{"rendered":"<p>48 Do\u011fumlu olarak co\u011frafyam\u0131zda do\u011fanlar, hem yoksul duvarlar\u0131n aras\u0131nda, \u00fcstelik cihan sava\u015flar\u0131n\u0131n y\u0131k\u0131m\u0131 sonras\u0131nda do\u011fanlard\u0131r. Burada cinsiyet ayr\u0131m\u0131 yoktur. Do\u011fan \u00e7ocuktur, kaderine r\u0131za g\u00d6stermek zorundad\u0131r. Okumam\u0131\u015f<span class=\"excerpt-hellip\"> [\u2026]<\/span><\/p>\n","protected":false},"featured_media":0,"template":"","meta":{"_monsterinsights_skip_tracking":false,"_monsterinsights_sitenote_active":false,"_monsterinsights_sitenote_note":"","_monsterinsights_sitenote_category":0},"product_brand":[],"product_cat":[12274],"product_tag":[],"class_list":{"0":"post-740106","1":"product","2":"type-product","3":"status-publish","5":"product_cat-cocuk-ve-genclik-kitaplari","6":"pa_cilt-ciltsiz","7":"pa_tur-kitap","8":"pa_yayinevi-platanus-publishing","9":"pa_yazar-korkmaz-yilmaz","11":"first","12":"instock","13":"sale","14":"shipping-taxable","15":"purchasable","16":"product-type-simple"},"_links":{"self":[{"href":"https:\/\/roveyayinevi.com.tr\/index.php\/wp-json\/wp\/v2\/product\/740106","targetHints":{"allow":["GET"]}}],"collection":[{"href":"https:\/\/roveyayinevi.com.tr\/index.php\/wp-json\/wp\/v2\/product"}],"about":[{"href":"https:\/\/roveyayinevi.com.tr\/index.php\/wp-json\/wp\/v2\/types\/product"}],"wp:attachment":[{"href":"https:\/\/roveyayinevi.com.tr\/index.php\/wp-json\/wp\/v2\/media?parent=740106"}],"wp:term":[{"taxonomy":"product_brand","embeddable":true,"href":"https:\/\/roveyayinevi.com.tr\/index.php\/wp-json\/wp\/v2\/product_brand?post=740106"},{"taxonomy":"product_cat","embeddable":true,"href":"https:\/\/roveyayinevi.com.tr\/index.php\/wp-json\/wp\/v2\/product_cat?post=740106"},{"taxonomy":"product_tag","embeddable":true,"href":"https:\/\/roveyayinevi.com.tr\/index.php\/wp-json\/wp\/v2\/product_tag?post=740106"}],"curies":[{"name":"wp","href":"https:\/\/api.w.org\/{rel}","templated":true}]}}