{"id":740097,"date":"2025-08-28T00:20:42","date_gmt":"2025-08-27T21:20:42","guid":{"rendered":"https:\/\/roveyayinevi.com.tr\/index.php\/urun\/ulastirma-planlamasi-ve-yuksek-hizli-tren\/"},"modified":"2026-04-16T02:50:59","modified_gmt":"2026-04-15T23:50:59","slug":"ulastirma-planlamasi-ve-yuksek-hizli-tren","status":"publish","type":"product","link":"https:\/\/roveyayinevi.com.tr\/index.php\/urun\/ulastirma-planlamasi-ve-yuksek-hizli-tren\/","title":{"rendered":"Ula\u015ft\u0131rma Planlamas\u0131 ve Y\u00fcksek H\u0131zl\u0131 Tren"},"content":{"rendered":"<p>21.y\u00fczy\u0131l\u0131n hareketlilik olgular\u0131 kentle\u015fme, dijitalle\u015fme ve s\u00fcrd\u00fcr\u00fclebilirliktir. Y\u00fcksek h\u0131zl\u0131 trenler bunun tam da merkezinde yer almaktad\u0131r. Bu nedenle son 20 y\u0131ld\u0131r geli\u015fmi\u015f \u00fclkelerin daha da g\u00fcndemine yerle\u015fen bu ula\u015ft\u0131rma t\u00fcr\u00fc g\u00fcn ge\u00e7tik\u00e7e daha fazla \u00d6nem kazanmaktad\u0131r. Bir\u00e7ok geli\u015fmi\u015f ve geli\u015fmekte olan \u00fclke y\u00fcksek h\u0131zl\u0131 trenlere yat\u0131r\u0131m yapmaktad\u0131r. T\u00fcrkiye de bu s\u00fcrecin i\u00e7erisinde aktif ve etkili bir \u015fekilde yer almaktad\u0131r. Yazar 8. T\u00fcrk\u00e7e kitab\u0131nda ula\u015ft\u0131rma konusuna y\u00fcksek h\u0131zl\u0131 trenler merkezli olarak e\u011filmi\u015ftir. Kitapta Avrupa ve Asya k\u0131talar\u0131ndan \u0130spanya, \u00e7in ve Hindistan gibi muhtelif \u00fclkelerden \u00d6rnekler detayl\u0131 bir \u015fekilde ortaya konulmu\u015ftur. Bu ula\u015ft\u0131rma t\u00fcr\u00fc ba\u011flam\u0131nda \u015fehirler, ak\u0131ll\u0131 \u015fehirler ve enerji konular\u0131na da de\u011finilmi\u015ftir.<\/p>\n","protected":false},"excerpt":{"rendered":"<p>21.y\u00fczy\u0131l\u0131n hareketlilik olgular\u0131 kentle\u015fme, dijitalle\u015fme ve s\u00fcrd\u00fcr\u00fclebilirliktir. Y\u00fcksek h\u0131zl\u0131 trenler bunun tam da merkezinde yer almaktad\u0131r. Bu nedenle son 20 y\u0131ld\u0131r geli\u015fmi\u015f \u00fclkelerin daha da g\u00fcndemine<span class=\"excerpt-hellip\"> [\u2026]<\/span><\/p>\n","protected":false},"featured_media":0,"template":"","meta":{"_monsterinsights_skip_tracking":false,"_monsterinsights_sitenote_active":false,"_monsterinsights_sitenote_note":"","_monsterinsights_sitenote_category":0},"product_brand":[],"product_cat":[13005],"product_tag":[],"class_list":{"0":"post-740097","1":"product","2":"type-product","3":"status-publish","5":"product_cat-bilim-muhendislik","6":"pa_cilt-ciltsiz","7":"pa_tur-kitap","8":"pa_yayinevi-platanus-publishing","9":"pa_yazar-mehmet-cagri-kiziltas","11":"first","12":"instock","13":"sale","14":"shipping-taxable","15":"purchasable","16":"product-type-simple"},"_links":{"self":[{"href":"https:\/\/roveyayinevi.com.tr\/index.php\/wp-json\/wp\/v2\/product\/740097","targetHints":{"allow":["GET"]}}],"collection":[{"href":"https:\/\/roveyayinevi.com.tr\/index.php\/wp-json\/wp\/v2\/product"}],"about":[{"href":"https:\/\/roveyayinevi.com.tr\/index.php\/wp-json\/wp\/v2\/types\/product"}],"wp:attachment":[{"href":"https:\/\/roveyayinevi.com.tr\/index.php\/wp-json\/wp\/v2\/media?parent=740097"}],"wp:term":[{"taxonomy":"product_brand","embeddable":true,"href":"https:\/\/roveyayinevi.com.tr\/index.php\/wp-json\/wp\/v2\/product_brand?post=740097"},{"taxonomy":"product_cat","embeddable":true,"href":"https:\/\/roveyayinevi.com.tr\/index.php\/wp-json\/wp\/v2\/product_cat?post=740097"},{"taxonomy":"product_tag","embeddable":true,"href":"https:\/\/roveyayinevi.com.tr\/index.php\/wp-json\/wp\/v2\/product_tag?post=740097"}],"curies":[{"name":"wp","href":"https:\/\/api.w.org\/{rel}","templated":true}]}}