{"id":740096,"date":"2025-08-28T00:20:41","date_gmt":"2025-08-27T21:20:41","guid":{"rendered":"https:\/\/roveyayinevi.com.tr\/index.php\/urun\/ulasim-ve-alt-yapida-21-yuzyil\/"},"modified":"2026-04-16T02:50:59","modified_gmt":"2026-04-15T23:50:59","slug":"ulasim-ve-alt-yapida-21-yuzyil","status":"publish","type":"product","link":"https:\/\/roveyayinevi.com.tr\/index.php\/urun\/ulasim-ve-alt-yapida-21-yuzyil\/","title":{"rendered":"Ula\u015f\u0131m ve Alt Yap\u0131da 21. Y\u00fczy\u0131l"},"content":{"rendered":"<p>Altyap\u0131 \u00fclkelerin geli\u015fmi\u015flik seviyesini g\u00d6stermektedir. Ula\u015ft\u0131rma altyap\u0131s\u0131 ise \u00d6zellikle geli\u015fmekte olan \u00fclkelerde dinamik bir yap\u0131ya sahiptir. T\u00fcrkiye&#8217;de altyap\u0131 yat\u0131r\u0131mlar\u0131 ula\u015ft\u0131rma ba\u015fta olmak \u00fczere h\u0131zl\u0131 bir geli\u015fim g\u00d6stermektedir. 21.y\u00fczy\u0131lda ula\u015ft\u0131rma ve altyap\u0131n\u0131n nas\u0131l \u015fekillenece\u011fi noktas\u0131 olduk\u00e7a \u00d6nemlidir. Yazar T\u00fcrk\u00e7e 9. ve toplamda 10.kitab\u0131nda ula\u015ft\u0131rman\u0131n yeni y\u00fczy\u0131ldaki geli\u015fim \u00e7er\u00e7evesine odaklanmaktad\u0131r.Bu kapsamda \u00d6zellikle metro ve y\u00fcksek h\u0131zl\u0131 trenler ba\u015fta olmak \u00fczere demiryollar\u0131na ve de m\u00fcnhas\u0131ran otonom ara\u00e7lara odaklanmaktad\u0131r. Avrupa y\u00fcksek h\u0131zl\u0131 demiryollar\u0131, otonom ara\u00e7 teknolojileri ve seyir \u00d6zellikleri, trenlerde istasyon etkileri ile ilgili payla\u015f\u0131mlarda bulunmaktad\u0131r.<\/p>\n","protected":false},"excerpt":{"rendered":"<p>Altyap\u0131 \u00fclkelerin geli\u015fmi\u015flik seviyesini g\u00d6stermektedir. Ula\u015ft\u0131rma altyap\u0131s\u0131 ise \u00d6zellikle geli\u015fmekte olan \u00fclkelerde dinamik bir yap\u0131ya sahiptir. T\u00fcrkiye&#8217;de altyap\u0131 yat\u0131r\u0131mlar\u0131 ula\u015ft\u0131rma ba\u015fta olmak \u00fczere h\u0131zl\u0131 bir geli\u015fim<span class=\"excerpt-hellip\"> [\u2026]<\/span><\/p>\n","protected":false},"featured_media":0,"template":"","meta":{"_monsterinsights_skip_tracking":false,"_monsterinsights_sitenote_active":false,"_monsterinsights_sitenote_note":"","_monsterinsights_sitenote_category":0},"product_brand":[],"product_cat":[13005],"product_tag":[],"class_list":{"0":"post-740096","1":"product","2":"type-product","3":"status-publish","5":"product_cat-bilim-muhendislik","6":"pa_cilt-ciltsiz","7":"pa_tur-kitap","8":"pa_yayinevi-platanus-publishing","9":"pa_yazar-mehmet-cagri-kiziltas","11":"first","12":"instock","13":"sale","14":"shipping-taxable","15":"purchasable","16":"product-type-simple"},"_links":{"self":[{"href":"https:\/\/roveyayinevi.com.tr\/index.php\/wp-json\/wp\/v2\/product\/740096","targetHints":{"allow":["GET"]}}],"collection":[{"href":"https:\/\/roveyayinevi.com.tr\/index.php\/wp-json\/wp\/v2\/product"}],"about":[{"href":"https:\/\/roveyayinevi.com.tr\/index.php\/wp-json\/wp\/v2\/types\/product"}],"wp:attachment":[{"href":"https:\/\/roveyayinevi.com.tr\/index.php\/wp-json\/wp\/v2\/media?parent=740096"}],"wp:term":[{"taxonomy":"product_brand","embeddable":true,"href":"https:\/\/roveyayinevi.com.tr\/index.php\/wp-json\/wp\/v2\/product_brand?post=740096"},{"taxonomy":"product_cat","embeddable":true,"href":"https:\/\/roveyayinevi.com.tr\/index.php\/wp-json\/wp\/v2\/product_cat?post=740096"},{"taxonomy":"product_tag","embeddable":true,"href":"https:\/\/roveyayinevi.com.tr\/index.php\/wp-json\/wp\/v2\/product_tag?post=740096"}],"curies":[{"name":"wp","href":"https:\/\/api.w.org\/{rel}","templated":true}]}}