{"id":740049,"date":"2025-08-28T00:20:00","date_gmt":"2025-08-27T21:20:00","guid":{"rendered":"https:\/\/roveyayinevi.com.tr\/index.php\/urun\/logos-ve-pathos\/"},"modified":"2026-04-16T02:50:41","modified_gmt":"2026-04-15T23:50:41","slug":"logos-ve-pathos","status":"publish","type":"product","link":"https:\/\/roveyayinevi.com.tr\/index.php\/urun\/logos-ve-pathos\/","title":{"rendered":"Logos ve Pathos"},"content":{"rendered":"<p>Zekan\u0131n ilk sahibi iblis. Tanr\u0131 ak\u0131ll\u0131, \u015feytan ise zekiydi yani. Hep duygusal olarak hayal etti\u011fim ve \u00e7ok dua etti\u011fim kudretli ve ak\u0131ll\u0131 tanr\u0131y\u0131 k\u0131r\u0131k ya\u015f\u0131ndan sonra bir kenara b\u0131rakmaya karar verdim. \u0130stedi\u011fim \u015fey \u015eeytan\u0131n zekas\u0131ndan birazc\u0131k ta olsa almakt\u0131. Ama nas\u0131l? \u0130\u015fte bu hikaye Tanr\u0131n\u0131n bah\u015fetti\u011fi ak\u0131ldan vazge\u00e7ip \u015feytan\u0131n zekas\u0131yla hareket etmeye karar vermi\u015f birinin hikayesi. Her taraf\u0131 fel\u00e7li bir amp;`;\u015feytanrdquo; aday\u0131n\u0131n hikayesi. Ve elimde zaman\u0131 geldi\u011finde kullanmak i\u00e7in tuttu\u011fum joker`in hikayesi. Sadece bilsem kendimi, ama hi\u00e7 tan\u0131masam beni. Ait olmasam tanr\u0131 dahil hi\u00e7bir \u015feye ve kimseye. Kendime aidiyetim \u015f\u00fcpheliyse e\u011fer, \u00e7alsam \u015feytandan zeka ate\u015fini. Bozuldu her \u015fey, K\u0131r\u0131ld\u0131 kalbim, ba\u015flad\u0131 huzurum, son buldu \u00d6zenim. Yokmu\u015f kaderimde \u015fairlik. Kimsesizlik belirlemi\u015f sefil yazg\u0131m\u0131. Yine de diz \u00e7\u00d6kmedim hen\u00fcz bir kad\u0131n\u0131n \u00d6n\u00fcnde. Yada paraya tamah etmedim ve uymad\u0131m makam\u0131n \u00e7a\u011fr\u0131s\u0131na \u00d6l\u00fcml\u00fc akl\u0131ma ra\u011fmen. Her oyunu (senaryosu) ayr\u0131 bir lezzet. Hem okumas\u0131. Hem de izlemesi. AYDIN Paha bi\u00e7ilmez bir kurgu. De\u011feri izlenince ortaya \u00e7\u0131kacak e\u015fsiz bir se\u00e7ki. V. S\u00d6Z<\/p>\n","protected":false},"excerpt":{"rendered":"<p>Zekan\u0131n ilk sahibi iblis. Tanr\u0131 ak\u0131ll\u0131, \u015feytan ise zekiydi yani. Hep duygusal olarak hayal etti\u011fim ve \u00e7ok dua etti\u011fim kudretli ve ak\u0131ll\u0131 tanr\u0131y\u0131 k\u0131r\u0131k ya\u015f\u0131ndan sonra<span class=\"excerpt-hellip\"> [\u2026]<\/span><\/p>\n","protected":false},"featured_media":0,"template":"","meta":{"_monsterinsights_skip_tracking":false,"_monsterinsights_sitenote_active":false,"_monsterinsights_sitenote_note":"","_monsterinsights_sitenote_category":0},"product_brand":[],"product_cat":[12408],"product_tag":[],"class_list":{"0":"post-740049","1":"product","2":"type-product","3":"status-publish","5":"product_cat-sanat","6":"pa_cilt-ciltsiz","7":"pa_tur-kitap","8":"pa_yayinevi-platanus-publishing","9":"pa_yazar-yuksel-alagoz","11":"first","12":"instock","13":"sale","14":"shipping-taxable","15":"purchasable","16":"product-type-simple"},"_links":{"self":[{"href":"https:\/\/roveyayinevi.com.tr\/index.php\/wp-json\/wp\/v2\/product\/740049","targetHints":{"allow":["GET"]}}],"collection":[{"href":"https:\/\/roveyayinevi.com.tr\/index.php\/wp-json\/wp\/v2\/product"}],"about":[{"href":"https:\/\/roveyayinevi.com.tr\/index.php\/wp-json\/wp\/v2\/types\/product"}],"wp:attachment":[{"href":"https:\/\/roveyayinevi.com.tr\/index.php\/wp-json\/wp\/v2\/media?parent=740049"}],"wp:term":[{"taxonomy":"product_brand","embeddable":true,"href":"https:\/\/roveyayinevi.com.tr\/index.php\/wp-json\/wp\/v2\/product_brand?post=740049"},{"taxonomy":"product_cat","embeddable":true,"href":"https:\/\/roveyayinevi.com.tr\/index.php\/wp-json\/wp\/v2\/product_cat?post=740049"},{"taxonomy":"product_tag","embeddable":true,"href":"https:\/\/roveyayinevi.com.tr\/index.php\/wp-json\/wp\/v2\/product_tag?post=740049"}],"curies":[{"name":"wp","href":"https:\/\/api.w.org\/{rel}","templated":true}]}}