{"id":740039,"date":"2025-08-28T00:19:48","date_gmt":"2025-08-27T21:19:48","guid":{"rendered":"https:\/\/roveyayinevi.com.tr\/index.php\/urun\/insan-kendi-olamadi\/"},"modified":"2026-04-16T02:50:41","modified_gmt":"2026-04-15T23:50:41","slug":"insan-kendi-olamadi","status":"publish","type":"product","link":"https:\/\/roveyayinevi.com.tr\/index.php\/urun\/insan-kendi-olamadi\/","title":{"rendered":"\u0130nsan Kendi Olamad\u0131"},"content":{"rendered":"<p>Ya\u015fad\u0131\u011f\u0131m\u0131z b\u00fct\u00fcn problemlerin ana kayna\u011f\u0131 birbirimizi anlamadaki yetmezliklerimiz, \u00e7\u0131kar ili\u015fkilerimiz, zalimce insanl\u0131\u011f\u0131m\u0131zdan uzakla\u015fmam\u0131zd\u0131r. \u0130nsanl\u0131k de\u011ferlerini hi\u00e7e saymam\u0131zd\u0131r. Muktedirlerin emrinde olmam\u0131z, h\u0131rs ve ihtiraslar\u0131m\u0131za yenik d\u00fc\u015fmemizdir. D\u00fcnyadaki zengin devletler; varl\u0131klar\u0131n\u0131 s\u00fcrd\u00fcrebilmek i\u00e7in huzur ve bar\u0131\u015f\u0131 in\u015fa edecekleri yerde, kinden, sava\u015ftan beslenerek ve ganimetleri ele ge\u00e7irerek var olmak istiyorla Bu da ac\u0131lar\u0131, i\u00e7 kavgalar\u0131, yoksullu\u011fu, \u00e7aresizli\u011fi beraberinde getiriyor. Dinler, diller, \u0131rklar, k\u00fclt\u00fcrler tarihsel s\u00fcre\u00e7 i\u00e7inde insan ya\u015fam\u0131n\u0131 her y\u00d6n\u00fcyle \u015fekillendirmi\u015ftir. Unutulmas\u0131n ki, egemenlerin, \u00e7\u0131karc\u0131lar\u0131n yaratt\u0131\u011f\u0131 sistemler; dinleri de, dilleri de, k\u00fclt\u00fcrleri de kendi \u00e7\u0131karlar\u0131 i\u00e7in kullanarak varl\u0131klar\u0131n\u0131 bu sayede s\u00fcrd\u00fcrmek isterler.<\/p>\n","protected":false},"excerpt":{"rendered":"<p>Ya\u015fad\u0131\u011f\u0131m\u0131z b\u00fct\u00fcn problemlerin ana kayna\u011f\u0131 birbirimizi anlamadaki yetmezliklerimiz, \u00e7\u0131kar ili\u015fkilerimiz, zalimce insanl\u0131\u011f\u0131m\u0131zdan uzakla\u015fmam\u0131zd\u0131r. \u0130nsanl\u0131k de\u011ferlerini hi\u00e7e saymam\u0131zd\u0131r. Muktedirlerin emrinde olmam\u0131z, h\u0131rs ve ihtiraslar\u0131m\u0131za yenik d\u00fc\u015fmemizdir. D\u00fcnyadaki<span class=\"excerpt-hellip\"> [\u2026]<\/span><\/p>\n","protected":false},"featured_media":0,"template":"","meta":{"_monsterinsights_skip_tracking":false,"_monsterinsights_sitenote_active":false,"_monsterinsights_sitenote_note":"","_monsterinsights_sitenote_category":0},"product_brand":[],"product_cat":[12777,12291],"product_tag":[],"class_list":{"0":"post-740039","1":"product","2":"type-product","3":"status-publish","5":"product_cat-deneme","6":"product_cat-edebiyat","7":"pa_cilt-ciltsiz","8":"pa_tur-kitap","9":"pa_yayinevi-platanus-publishing","10":"pa_yazar-bedrettin-gundes","12":"first","13":"instock","14":"sale","15":"shipping-taxable","16":"purchasable","17":"product-type-simple"},"_links":{"self":[{"href":"https:\/\/roveyayinevi.com.tr\/index.php\/wp-json\/wp\/v2\/product\/740039","targetHints":{"allow":["GET"]}}],"collection":[{"href":"https:\/\/roveyayinevi.com.tr\/index.php\/wp-json\/wp\/v2\/product"}],"about":[{"href":"https:\/\/roveyayinevi.com.tr\/index.php\/wp-json\/wp\/v2\/types\/product"}],"wp:attachment":[{"href":"https:\/\/roveyayinevi.com.tr\/index.php\/wp-json\/wp\/v2\/media?parent=740039"}],"wp:term":[{"taxonomy":"product_brand","embeddable":true,"href":"https:\/\/roveyayinevi.com.tr\/index.php\/wp-json\/wp\/v2\/product_brand?post=740039"},{"taxonomy":"product_cat","embeddable":true,"href":"https:\/\/roveyayinevi.com.tr\/index.php\/wp-json\/wp\/v2\/product_cat?post=740039"},{"taxonomy":"product_tag","embeddable":true,"href":"https:\/\/roveyayinevi.com.tr\/index.php\/wp-json\/wp\/v2\/product_tag?post=740039"}],"curies":[{"name":"wp","href":"https:\/\/api.w.org\/{rel}","templated":true}]}}