{"id":740035,"date":"2025-08-28T00:19:44","date_gmt":"2025-08-27T21:19:44","guid":{"rendered":"https:\/\/roveyayinevi.com.tr\/index.php\/urun\/hz-muhammed-sav-ve-ashabinin-sakalasmasi\/"},"modified":"2026-04-16T02:50:41","modified_gmt":"2026-04-15T23:50:41","slug":"hz-muhammed-sav-ve-ashabinin-sakalasmasi","status":"publish","type":"product","link":"https:\/\/roveyayinevi.com.tr\/index.php\/urun\/hz-muhammed-sav-ve-ashabinin-sakalasmasi\/","title":{"rendered":"Hz. Muhammed (sav) ve Ashab\u0131n\u0131n \u015eakala\u015fmas\u0131"},"content":{"rendered":"<p>Kur`an-\u0131 Kerim`de Hz. Muhammed (sav) i\u00e7in amp;`;hellip; Elbette y\u00fcce bir ahlak \u00fczeresinrdquo; (Kalem,68\/4) ve amp;`;Andolsun, Allah`\u0131n Resul\u00fcnde sizin i\u00e7in; Allah`a ve ahiret g\u00fcn\u00fcne kavu\u015fmay\u0131 uman, Allah`\u0131 \u00e7ok zikreden kimseler i\u00e7in g\u00fczel bir \u00d6rnek vard\u0131r.rdquo; (Ahzab,33\/41) buyurmu\u015flard\u0131.Ahlak-\u0131 Kur`an olan Hz. Muhammed (sav); Allah`\u0131n dinini Allah`\u0131n istedi\u011fi \u015fekilde en yak\u0131n \u00e7evresinde ba\u015flayarak b\u00fct\u00fcn insanl\u0131\u011fa her t\u00fcrl\u00fc cefaya katlanarak tebli\u011f ve tebyin g\u00d6revini yerine getirdi. Son Hac vazifesi esnas\u0131nda haz\u0131r bulunan \u00fcmmetine Veda Hutbesini irat etmi\u015fti. Bu Hutbesinde evrensel ilkelerini tekrar etmi\u015f Risalet g\u00d6revini yerine getirip getirmedi\u011fini sormu\u015ftu. Ashab\u0131 amp;`;Allah`\u0131n Risalet`ini tebli\u011f ettin, g\u00d6revini yapt\u0131n, bize nasihatte bulundun diye \u015fahitlik ederizrdquo; dediler. Hz. Muhammed (sav) Onlar\u0131n bu \u015fehadetine Allah`\u0131 \u015fahit tutmu\u015ftur. Hz. Muhammed (sav) Risalet g\u00d6revini yerine getirirken, Allah`a \u015f\u00fckreden bir kul olarak ibadet ve itaatte emredilenin en zirvesindeydi.Di\u011fer y\u00d6n\u00fc; el\u00e7ileri kabul etti, farkl\u0131 devletlere ve \u00d6nde gelen \u015fahsiyetlere el\u00e7iler ve heyetler g\u00d6nderdi, gerekti\u011finde seriyeler haz\u0131rlad\u0131, gazvelere kat\u0131ld\u0131, antla\u015fmalar imzalard\u0131. Pazarda \u00e7ar\u015f\u0131da dola\u015ft\u0131 al\u0131\u015fveri\u015f yapt\u0131, elbisesi s\u00d6k\u00fcl\u00fcnce dikti, akrabal\u0131k ili\u015fkilerini g\u00d6zetti, hasta ziyaretlerinde bulundu. Ac\u0131kt\u0131, susad\u0131, uykusu gelince uyurdu. E\u015fleriyle, \u00e7ocuklar\u0131yla, akrabalar\u0131yla, sahabesiyle, ya\u015fad\u0131\u011f\u0131 yerdeki di\u011fer insanlarla hemhald\u0131. Yani; amp;`;Y\u00fcr\u00fcyen Kur`anrdquo; olan Hz. Muhammed (sav) elbette bir Peygamberdi; ama ayn\u0131 zamanda devlet ba\u015fkan\u0131yd\u0131, e\u015fti, \u00e7ocuklar\u0131n\u0131n babas\u0131yd\u0131, insand\u0131 ve bir kuldu.Peygamberimizin i\u00e7timai hayattaki davran\u0131\u015flardan birisi de \u015fakala\u015fmas\u0131yd\u0131. B\u00fct\u00fcn davran\u0131\u015flar\u0131nda oldu\u011fu gibi \u015fakala\u015fmada da ifrat ve tefritten girmeden, i\u015flerin en iyisi\/hay\u0131rl\u0131s\u0131 olan vasat\u0131 tercih etmi\u015ftir. Bu davran\u0131\u015f\u0131yla da \u00fcmmetine \u00d6rnek olmu\u015ftur.Otob\u00fcste, metroda, evde, i\u015f yerinizde, tatildehellip; S\u0131k\u0131lmadan zevkle bir solukta okuyaca\u011f\u0131n\u0131z amp;`;Hz. Muhammed (sav) ve Ashab\u0131n\u0131n \u015eakala\u015fmas\u0131rdquo; \u00e7al\u0131\u015fmas\u0131yla misafirli\u011finize geldik. Okunmak ve misafirli\u011fe kabul edilmek dile\u011fiylehellip;<\/p>\n","protected":false},"excerpt":{"rendered":"<p>Kur`an-\u0131 Kerim`de Hz. Muhammed (sav) i\u00e7in amp;`;hellip; Elbette y\u00fcce bir ahlak \u00fczeresinrdquo; (Kalem,68\/4) ve amp;`;Andolsun, Allah`\u0131n Resul\u00fcnde sizin i\u00e7in; Allah`a ve ahiret g\u00fcn\u00fcne kavu\u015fmay\u0131 uman, Allah`\u0131<span class=\"excerpt-hellip\"> [\u2026]<\/span><\/p>\n","protected":false},"featured_media":0,"template":"","meta":{"_monsterinsights_skip_tracking":false,"_monsterinsights_sitenote_active":false,"_monsterinsights_sitenote_note":"","_monsterinsights_sitenote_category":0},"product_brand":[],"product_cat":[12718],"product_tag":[],"class_list":{"0":"post-740035","1":"product","2":"type-product","3":"status-publish","5":"product_cat-din","6":"pa_cilt-ciltsiz","7":"pa_tur-kitap","8":"pa_yayinevi-platanus-publishing","9":"pa_yazar-hamza-kosker","11":"first","12":"instock","13":"sale","14":"shipping-taxable","15":"purchasable","16":"product-type-simple"},"_links":{"self":[{"href":"https:\/\/roveyayinevi.com.tr\/index.php\/wp-json\/wp\/v2\/product\/740035","targetHints":{"allow":["GET"]}}],"collection":[{"href":"https:\/\/roveyayinevi.com.tr\/index.php\/wp-json\/wp\/v2\/product"}],"about":[{"href":"https:\/\/roveyayinevi.com.tr\/index.php\/wp-json\/wp\/v2\/types\/product"}],"wp:attachment":[{"href":"https:\/\/roveyayinevi.com.tr\/index.php\/wp-json\/wp\/v2\/media?parent=740035"}],"wp:term":[{"taxonomy":"product_brand","embeddable":true,"href":"https:\/\/roveyayinevi.com.tr\/index.php\/wp-json\/wp\/v2\/product_brand?post=740035"},{"taxonomy":"product_cat","embeddable":true,"href":"https:\/\/roveyayinevi.com.tr\/index.php\/wp-json\/wp\/v2\/product_cat?post=740035"},{"taxonomy":"product_tag","embeddable":true,"href":"https:\/\/roveyayinevi.com.tr\/index.php\/wp-json\/wp\/v2\/product_tag?post=740035"}],"curies":[{"name":"wp","href":"https:\/\/api.w.org\/{rel}","templated":true}]}}