{"id":740033,"date":"2025-08-28T00:19:42","date_gmt":"2025-08-27T21:19:42","guid":{"rendered":"https:\/\/roveyayinevi.com.tr\/index.php\/urun\/hiraya-yolculuk\/"},"modified":"2026-04-16T02:50:41","modified_gmt":"2026-04-15T23:50:41","slug":"hiraya-yolculuk","status":"publish","type":"product","link":"https:\/\/roveyayinevi.com.tr\/index.php\/urun\/hiraya-yolculuk\/","title":{"rendered":"Hira&#8217;ya Yolculuk"},"content":{"rendered":"<p>Sahip olmak i\u00e7in e\u011filmeyesin d\u00fcnyaya, sevgiliye kavu\u015fmak i\u00e7in tez elden \u00e7\u0131kmay\u0131 isteyesin bu diyardan. Unutmayas\u0131n, nefsini zay\u0131f ya\u015fam\u0131nda tan\u0131yabilenin g\u00fc\u00e7l\u00fc bir iradeye kavu\u015fma ihtimalini hep yan\u0131nda ta\u015f\u0131yaca\u011f\u0131n\u0131. Secde edesin t\u00fcm zamanlarda. Ancak o zaman tan\u0131yabilirsin \u00d6zg\u00fcrl\u00fc\u011f\u00fcn tek ve de\u011fi\u015fmez k\u0131ymetini. Ayaklans\u0131n herkes. Muhammed Mustafa&#8217;n\u0131n bir lokmas\u0131n\u0131 aras\u0131n. Bir h\u0131rkan\u0131n yeterli oldu\u011funa inans\u0131n bu ge\u00e7ici cihanda. Sende ayaklan \u00e7ocuk. Yeni ba\u015flad\u0131\u011f\u0131n ya\u015famda son dura\u011f\u0131n, kula\u011f\u0131m a\u015f\u0131k oldu sevgilimin s\u00d6zlerine, g\u00d6z\u00fcm a\u015f\u0131k oldu sevgilimin g\u00d6zlerine m\u0131sralar\u0131 olsun. Y\u00fcksel Alag\u00d6z&#8217;\u00fcn bu senaryosu film olmay\u0131 hak etti\u011fi gibi edebi metin tad\u0131nda okunacak bir kitap.<\/p>\n","protected":false},"excerpt":{"rendered":"<p>Sahip olmak i\u00e7in e\u011filmeyesin d\u00fcnyaya, sevgiliye kavu\u015fmak i\u00e7in tez elden \u00e7\u0131kmay\u0131 isteyesin bu diyardan. Unutmayas\u0131n, nefsini zay\u0131f ya\u015fam\u0131nda tan\u0131yabilenin g\u00fc\u00e7l\u00fc bir iradeye kavu\u015fma ihtimalini hep yan\u0131nda<span class=\"excerpt-hellip\"> [\u2026]<\/span><\/p>\n","protected":false},"featured_media":0,"template":"","meta":{"_monsterinsights_skip_tracking":false,"_monsterinsights_sitenote_active":false,"_monsterinsights_sitenote_note":"","_monsterinsights_sitenote_category":0},"product_brand":[],"product_cat":[12408],"product_tag":[],"class_list":{"0":"post-740033","1":"product","2":"type-product","3":"status-publish","5":"product_cat-sanat","6":"pa_cilt-ciltsiz","7":"pa_tur-kitap","8":"pa_yayinevi-platanus-publishing","9":"pa_yazar-yuksel-alagoz","11":"first","12":"instock","13":"sale","14":"shipping-taxable","15":"purchasable","16":"product-type-simple"},"_links":{"self":[{"href":"https:\/\/roveyayinevi.com.tr\/index.php\/wp-json\/wp\/v2\/product\/740033","targetHints":{"allow":["GET"]}}],"collection":[{"href":"https:\/\/roveyayinevi.com.tr\/index.php\/wp-json\/wp\/v2\/product"}],"about":[{"href":"https:\/\/roveyayinevi.com.tr\/index.php\/wp-json\/wp\/v2\/types\/product"}],"wp:attachment":[{"href":"https:\/\/roveyayinevi.com.tr\/index.php\/wp-json\/wp\/v2\/media?parent=740033"}],"wp:term":[{"taxonomy":"product_brand","embeddable":true,"href":"https:\/\/roveyayinevi.com.tr\/index.php\/wp-json\/wp\/v2\/product_brand?post=740033"},{"taxonomy":"product_cat","embeddable":true,"href":"https:\/\/roveyayinevi.com.tr\/index.php\/wp-json\/wp\/v2\/product_cat?post=740033"},{"taxonomy":"product_tag","embeddable":true,"href":"https:\/\/roveyayinevi.com.tr\/index.php\/wp-json\/wp\/v2\/product_tag?post=740033"}],"curies":[{"name":"wp","href":"https:\/\/api.w.org\/{rel}","templated":true}]}}