{"id":740025,"date":"2025-08-28T00:19:26","date_gmt":"2025-08-27T21:19:26","guid":{"rendered":"https:\/\/roveyayinevi.com.tr\/index.php\/urun\/eureka-2\/"},"modified":"2025-08-31T18:13:20","modified_gmt":"2025-08-31T15:13:20","slug":"eureka-2","status":"publish","type":"product","link":"https:\/\/roveyayinevi.com.tr\/index.php\/urun\/eureka-2\/","title":{"rendered":"Eureka"},"content":{"rendered":"<p>Son y\u0131llarda bilgi yar\u0131\u015fmalar\u0131 bilgisini s\u0131namak ve elbette bir \u00d6d\u00fcl kazanmaknbsp;isteyenlerin oda\u011f\u0131 haline gelmi\u015f durumda. Bunlardan yola \u00e7\u0131karak genel k\u00fclt\u00fcr\u00fcn\u00fcnbsp;art\u0131rmak ve de bilgi yar\u0131\u015fmalar\u0131nda ba\u015far\u0131l\u0131 olmak isteyenler i\u00e7in \u00e7ok b\u00fcy\u00fck birnbsp;emekle neredeyse d\u00d6rt y\u0131l\u0131m\u0131 alan bir s\u00fcre\u00e7te bir k\u0131lavuz niteli\u011finde olan bunbsp;kapsaml\u0131 kitab\u0131 haz\u0131rlad\u0131m. Kitab\u0131m iki b\u00d6l\u00fcmden olu\u015fmaktad\u0131r. Birinci b\u00d6l\u00fcmnbsp;bilgisini test yoluyla s\u0131namak isteyenlerin olduk\u00e7a zevk alaca\u011f\u0131n\u0131 umdu\u011fum, sorunbsp;\u015f\u0131klar\u0131n\u0131n dahi en ince detay\u0131na kadar d\u00fc\u015f\u00fcn\u00fclerek taraf\u0131mca haz\u0131rlanm\u0131\u015f ilerinbsp;seviyedeki amp;`;Genel K\u00fclt\u00fcr Testirdquo; ikincisi de yine soru cevap \u015feklindeki bilgi takviyesinbsp;ve buna ilaveten \u00e7e\u015fitli konu ba\u015fl\u0131klar\u0131 alt\u0131nda listelenmi\u015f ayr\u0131nt\u0131l\u0131 bilgileri i\u00e7erennbsp;amp;`;Genel K\u00fclt\u00fcr Ajandas\u0131d\u0131rrdquo;. \u00fcmit ederim ki bu kitap bilgi da\u011farc\u0131\u011f\u0131n\u0131za katk\u0131danbsp;bulunur ve sizi istedi\u011finiz bilgi seviyesine ula\u015ft\u0131r\u0131r. Bilgiyle kal\u0131n, gelece\u011fe bilgiylenbsp;yaslan\u0131n.<\/p>\n","protected":false},"excerpt":{"rendered":"<p>Son y\u0131llarda bilgi yar\u0131\u015fmalar\u0131 bilgisini s\u0131namak ve elbette bir \u00d6d\u00fcl kazanmaknbsp;isteyenlerin oda\u011f\u0131 haline gelmi\u015f durumda. Bunlardan yola \u00e7\u0131karak genel k\u00fclt\u00fcr\u00fcn\u00fcnbsp;art\u0131rmak ve de bilgi yar\u0131\u015fmalar\u0131nda ba\u015far\u0131l\u0131 olmak<span class=\"excerpt-hellip\"> [\u2026]<\/span><\/p>\n","protected":false},"featured_media":0,"template":"","meta":{"_monsterinsights_skip_tracking":false,"_monsterinsights_sitenote_active":false,"_monsterinsights_sitenote_note":"","_monsterinsights_sitenote_category":0},"product_brand":[],"product_cat":[26663],"product_tag":[],"class_list":{"0":"post-740025","1":"product","2":"type-product","3":"status-publish","5":"product_cat-undefined","6":"pa_cilt-ciltsiz","7":"pa_tur-kitap","8":"pa_yayinevi-platanus-publishing","9":"pa_yazar-ismail-arslan","11":"first","12":"instock","13":"sale","14":"shipping-taxable","15":"purchasable","16":"product-type-simple"},"_links":{"self":[{"href":"https:\/\/roveyayinevi.com.tr\/index.php\/wp-json\/wp\/v2\/product\/740025","targetHints":{"allow":["GET"]}}],"collection":[{"href":"https:\/\/roveyayinevi.com.tr\/index.php\/wp-json\/wp\/v2\/product"}],"about":[{"href":"https:\/\/roveyayinevi.com.tr\/index.php\/wp-json\/wp\/v2\/types\/product"}],"wp:attachment":[{"href":"https:\/\/roveyayinevi.com.tr\/index.php\/wp-json\/wp\/v2\/media?parent=740025"}],"wp:term":[{"taxonomy":"product_brand","embeddable":true,"href":"https:\/\/roveyayinevi.com.tr\/index.php\/wp-json\/wp\/v2\/product_brand?post=740025"},{"taxonomy":"product_cat","embeddable":true,"href":"https:\/\/roveyayinevi.com.tr\/index.php\/wp-json\/wp\/v2\/product_cat?post=740025"},{"taxonomy":"product_tag","embeddable":true,"href":"https:\/\/roveyayinevi.com.tr\/index.php\/wp-json\/wp\/v2\/product_tag?post=740025"}],"curies":[{"name":"wp","href":"https:\/\/api.w.org\/{rel}","templated":true}]}}