{"id":740024,"date":"2025-08-28T00:19:25","date_gmt":"2025-08-27T21:19:25","guid":{"rendered":"https:\/\/roveyayinevi.com.tr\/index.php\/urun\/diyaliz-ile-yasam\/"},"modified":"2026-04-16T02:50:40","modified_gmt":"2026-04-15T23:50:40","slug":"diyaliz-ile-yasam","status":"publish","type":"product","link":"https:\/\/roveyayinevi.com.tr\/index.php\/urun\/diyaliz-ile-yasam\/","title":{"rendered":"Diyaliz ile Ya\u015fam"},"content":{"rendered":"<p>Diyaliz dendi\u011fi zaman ne hissediyorsunuz? T\u00fcyleriniz \u00fcrperiyor mu? Kabuslar m\u0131 g\u00d6r\u00fcyorsunuz? Evet; d\u00fc\u015f\u00fcncelerinizin hakl\u0131 taraflar\u0131 yok de\u011fil; ancak ya\u015fam \u015feklinizi hastal\u0131\u011f\u0131n\u0131z oran\u0131nda d\u00fczene sokman\u0131z durumunda korkulacak bir durum olmad\u0131\u011f\u0131n\u0131 g\u00d6r\u00fcyorsunuz. Elbette ya\u015fam konforunuz eski sa\u011fl\u0131kl\u0131 g\u00fcnlerinizdeki gibi olmayacak ancak bir zaman sonra diyaliz ile ya\u015famaya al\u0131\u015facak ve hayat\u0131n\u0131z\u0131 belli kurallar \u00e7er\u00e7evesinde d\u00fczene sokacaks\u0131n\u0131z. Konular\u0131 kitab\u0131n i\u00e7eri\u011finde bolca irdeleyece\u011fiz. Her insan uzun ve sa\u011fl\u0131kl\u0131 bir ya\u015fam temenni eder. Lakin bu her zaman m\u00fcmk\u00fcn olmayabiliyor. Diyaliz sizin tercihiniz kesinlikle de\u011fildir. Bazen insan\u0131n k\u00d6t\u00fc ya\u015fam ko\u015fullar\u0131, bazen de di\u011fer sa\u011fl\u0131k sorunlar\u0131ndan kaynakl\u0131 olabiliyor.<\/p>\n","protected":false},"excerpt":{"rendered":"<p>Diyaliz dendi\u011fi zaman ne hissediyorsunuz? T\u00fcyleriniz \u00fcrperiyor mu? Kabuslar m\u0131 g\u00d6r\u00fcyorsunuz? Evet; d\u00fc\u015f\u00fcncelerinizin hakl\u0131 taraflar\u0131 yok de\u011fil; ancak ya\u015fam \u015feklinizi hastal\u0131\u011f\u0131n\u0131z oran\u0131nda d\u00fczene sokman\u0131z durumunda korkulacak<span class=\"excerpt-hellip\"> [\u2026]<\/span><\/p>\n","protected":false},"featured_media":0,"template":"","meta":{"_monsterinsights_skip_tracking":false,"_monsterinsights_sitenote_active":false,"_monsterinsights_sitenote_note":"","_monsterinsights_sitenote_category":0},"product_brand":[],"product_cat":[12291],"product_tag":[],"class_list":{"0":"post-740024","1":"product","2":"type-product","3":"status-publish","5":"product_cat-edebiyat","6":"pa_cilt-ciltsiz","7":"pa_tur-kitap","8":"pa_yayinevi-platanus-publishing","9":"pa_yazar-metin-olmez","11":"first","12":"instock","13":"sale","14":"shipping-taxable","15":"purchasable","16":"product-type-simple"},"_links":{"self":[{"href":"https:\/\/roveyayinevi.com.tr\/index.php\/wp-json\/wp\/v2\/product\/740024","targetHints":{"allow":["GET"]}}],"collection":[{"href":"https:\/\/roveyayinevi.com.tr\/index.php\/wp-json\/wp\/v2\/product"}],"about":[{"href":"https:\/\/roveyayinevi.com.tr\/index.php\/wp-json\/wp\/v2\/types\/product"}],"wp:attachment":[{"href":"https:\/\/roveyayinevi.com.tr\/index.php\/wp-json\/wp\/v2\/media?parent=740024"}],"wp:term":[{"taxonomy":"product_brand","embeddable":true,"href":"https:\/\/roveyayinevi.com.tr\/index.php\/wp-json\/wp\/v2\/product_brand?post=740024"},{"taxonomy":"product_cat","embeddable":true,"href":"https:\/\/roveyayinevi.com.tr\/index.php\/wp-json\/wp\/v2\/product_cat?post=740024"},{"taxonomy":"product_tag","embeddable":true,"href":"https:\/\/roveyayinevi.com.tr\/index.php\/wp-json\/wp\/v2\/product_tag?post=740024"}],"curies":[{"name":"wp","href":"https:\/\/api.w.org\/{rel}","templated":true}]}}