{"id":740023,"date":"2025-08-28T00:19:23","date_gmt":"2025-08-27T21:19:23","guid":{"rendered":"https:\/\/roveyayinevi.com.tr\/index.php\/urun\/deniz-kum-gunes-ve-kamp\/"},"modified":"2026-04-16T02:50:40","modified_gmt":"2026-04-15T23:50:40","slug":"deniz-kum-gunes-ve-kamp","status":"publish","type":"product","link":"https:\/\/roveyayinevi.com.tr\/index.php\/urun\/deniz-kum-gunes-ve-kamp\/","title":{"rendered":"Deniz Kum G\u00fcne\u015f ve Kamp"},"content":{"rendered":"<p>An\u0131lar\u0131m\u0131zda ayr\u0131 bir yeri olan tatillerin; hele ki yaz tatillerinin sadece e\u011flenmek ve dinlenmekten ibaret olmad\u0131\u011f\u0131n\u0131 kar\u015f\u0131m\u0131za \u00e7\u0131kar\u0131yor \u0130nci&#8230;Neleri s\u0131\u011fd\u0131rabilirsiniz ki bir yaz tatiline? Ke\u015fifler, geziler, s\u00fcrprizler&#8230; Hemen hepsi mevcut bu g\u00fcnce i\u00e7erisinde&#8230;K\u00d6yde g\u00fcnleri nas\u0131l ge\u00e7iyordu? Babas\u0131n\u0131n O&#8217;na yapt\u0131\u011f\u0131 k\u00fc\u00e7\u00fck s\u00fcrpriz neydi? K\u00d6ydeki ger\u00e7ek horozdan ziyade, dev horoz heykelini g\u00d6r\u00fcnce ne yapt\u0131? Peki ya, bir ev ya da otelde kalmak yerine \u00e7ad\u0131r kamp\u0131 yapmak nas\u0131l bir duyguydu? Do\u011fa ve tarih kokan Bodrum&#8217;a k\u0131sa s\u00fcrede bunca al\u0131\u015fm\u0131\u015fken, \u0130nci&#8217;yi hangi yazar u\u011furlad\u0131?Hepsi ve daha niceleri \u0130nci&#8217;nin G\u00fcnl\u00fc\u011f\u00fc&#8217;nde&#8230; Seyahat ederken okuyaca\u011f\u0131n\u0131z gibi, okurken seyahat edebilece\u011finiz sizi yaln\u0131z b\u0131rakmayacak bir yol arkada\u015f\u0131&#8230;<\/p>\n","protected":false},"excerpt":{"rendered":"<p>An\u0131lar\u0131m\u0131zda ayr\u0131 bir yeri olan tatillerin; hele ki yaz tatillerinin sadece e\u011flenmek ve dinlenmekten ibaret olmad\u0131\u011f\u0131n\u0131 kar\u015f\u0131m\u0131za \u00e7\u0131kar\u0131yor \u0130nci&#8230;Neleri s\u0131\u011fd\u0131rabilirsiniz ki bir yaz tatiline? Ke\u015fifler, geziler,<span class=\"excerpt-hellip\"> [\u2026]<\/span><\/p>\n","protected":false},"featured_media":0,"template":"","meta":{"_monsterinsights_skip_tracking":false,"_monsterinsights_sitenote_active":false,"_monsterinsights_sitenote_note":"","_monsterinsights_sitenote_category":0},"product_brand":[],"product_cat":[12291],"product_tag":[],"class_list":{"0":"post-740023","1":"product","2":"type-product","3":"status-publish","5":"product_cat-edebiyat","6":"pa_cilt-ciltsiz","7":"pa_tur-kitap","8":"pa_yayinevi-platanus-publishing","9":"pa_yazar-deniz-karamese","11":"first","12":"instock","13":"sale","14":"shipping-taxable","15":"purchasable","16":"product-type-simple"},"_links":{"self":[{"href":"https:\/\/roveyayinevi.com.tr\/index.php\/wp-json\/wp\/v2\/product\/740023","targetHints":{"allow":["GET"]}}],"collection":[{"href":"https:\/\/roveyayinevi.com.tr\/index.php\/wp-json\/wp\/v2\/product"}],"about":[{"href":"https:\/\/roveyayinevi.com.tr\/index.php\/wp-json\/wp\/v2\/types\/product"}],"wp:attachment":[{"href":"https:\/\/roveyayinevi.com.tr\/index.php\/wp-json\/wp\/v2\/media?parent=740023"}],"wp:term":[{"taxonomy":"product_brand","embeddable":true,"href":"https:\/\/roveyayinevi.com.tr\/index.php\/wp-json\/wp\/v2\/product_brand?post=740023"},{"taxonomy":"product_cat","embeddable":true,"href":"https:\/\/roveyayinevi.com.tr\/index.php\/wp-json\/wp\/v2\/product_cat?post=740023"},{"taxonomy":"product_tag","embeddable":true,"href":"https:\/\/roveyayinevi.com.tr\/index.php\/wp-json\/wp\/v2\/product_tag?post=740023"}],"curies":[{"name":"wp","href":"https:\/\/api.w.org\/{rel}","templated":true}]}}