{"id":740021,"date":"2025-08-28T00:19:21","date_gmt":"2025-08-27T21:19:21","guid":{"rendered":"https:\/\/roveyayinevi.com.tr\/index.php\/urun\/cigerparem-can-suyu\/"},"modified":"2026-04-16T02:50:40","modified_gmt":"2026-04-15T23:50:40","slug":"cigerparem-can-suyu","status":"publish","type":"product","link":"https:\/\/roveyayinevi.com.tr\/index.php\/urun\/cigerparem-can-suyu\/","title":{"rendered":"Ci\u011ferparem Can Suyu"},"content":{"rendered":"<p>\u0130zdiva\u00e7lar\u0131ndan y\u0131llar sonra \u00e7ocu\u011fu olmu\u015f bir ailenin ve acilen organ nakline ihtiyac\u0131 olan bu \u00e7ocuklar\u0131na ci\u011ferini veren kahraman bir kad\u0131n\u0131n ger\u00e7ek ya\u015fam hikayelerinden ilhamla kaleme al\u0131nm\u0131\u015ft\u0131r. Macera ve heyecan dolu bu hikayenin \u00d6n ara\u015ft\u0131rmas\u0131n\u0131 yaparken kahramanlar\u0131n duygu derinli\u011fine indi\u011fimde hissettiklerim ve hikayenin esrarengiz y\u00d6nlerinin \u00fczerimde b\u0131rakm\u0131\u015f oldu\u011fu tesir, bu kitab\u0131 kaleme almama vesile olmu\u015ftur.Sevgihellip; Muhabbet ve samimiyethellip; H\u00fcz\u00fcn ve mutlulukhellip; \u0130nan\u00e7 ve ya\u015famhellip; Mizah ve dramhellip; Heyecan ve tela\u015fhellip; Ge\u00e7mi\u015f ve bug\u00fcnhellip;<\/p>\n","protected":false},"excerpt":{"rendered":"<p>\u0130zdiva\u00e7lar\u0131ndan y\u0131llar sonra \u00e7ocu\u011fu olmu\u015f bir ailenin ve acilen organ nakline ihtiyac\u0131 olan bu \u00e7ocuklar\u0131na ci\u011ferini veren kahraman bir kad\u0131n\u0131n ger\u00e7ek ya\u015fam hikayelerinden ilhamla kaleme al\u0131nm\u0131\u015ft\u0131r.<span class=\"excerpt-hellip\"> [\u2026]<\/span><\/p>\n","protected":false},"featured_media":0,"template":"","meta":{"_monsterinsights_skip_tracking":false,"_monsterinsights_sitenote_active":false,"_monsterinsights_sitenote_note":"","_monsterinsights_sitenote_category":0},"product_brand":[],"product_cat":[12291],"product_tag":[],"class_list":{"0":"post-740021","1":"product","2":"type-product","3":"status-publish","5":"product_cat-edebiyat","6":"pa_cilt-ciltsiz","7":"pa_tur-kitap","8":"pa_yayinevi-platanus-publishing","9":"pa_yazar-dursun-saracoglu","11":"first","12":"instock","13":"sale","14":"shipping-taxable","15":"purchasable","16":"product-type-simple"},"_links":{"self":[{"href":"https:\/\/roveyayinevi.com.tr\/index.php\/wp-json\/wp\/v2\/product\/740021","targetHints":{"allow":["GET"]}}],"collection":[{"href":"https:\/\/roveyayinevi.com.tr\/index.php\/wp-json\/wp\/v2\/product"}],"about":[{"href":"https:\/\/roveyayinevi.com.tr\/index.php\/wp-json\/wp\/v2\/types\/product"}],"wp:attachment":[{"href":"https:\/\/roveyayinevi.com.tr\/index.php\/wp-json\/wp\/v2\/media?parent=740021"}],"wp:term":[{"taxonomy":"product_brand","embeddable":true,"href":"https:\/\/roveyayinevi.com.tr\/index.php\/wp-json\/wp\/v2\/product_brand?post=740021"},{"taxonomy":"product_cat","embeddable":true,"href":"https:\/\/roveyayinevi.com.tr\/index.php\/wp-json\/wp\/v2\/product_cat?post=740021"},{"taxonomy":"product_tag","embeddable":true,"href":"https:\/\/roveyayinevi.com.tr\/index.php\/wp-json\/wp\/v2\/product_tag?post=740021"}],"curies":[{"name":"wp","href":"https:\/\/api.w.org\/{rel}","templated":true}]}}