{"id":740019,"date":"2025-08-28T00:19:19","date_gmt":"2025-08-27T21:19:19","guid":{"rendered":"https:\/\/roveyayinevi.com.tr\/index.php\/urun\/ben-ve-hayatim\/"},"modified":"2026-04-13T02:58:08","modified_gmt":"2026-04-12T23:58:08","slug":"ben-ve-hayatim","status":"publish","type":"product","link":"https:\/\/roveyayinevi.com.tr\/index.php\/urun\/ben-ve-hayatim\/","title":{"rendered":"Ben ve Hayat\u0131m"},"content":{"rendered":"<p>Ge\u00e7mi\u015fimde ya\u015fad\u0131klar\u0131m bir b\u00fct\u00fcn olarak, benli\u011fimi yans\u0131t\u0131r. Gelece\u011fe \u0131\u015f\u0131k tutan nasihatleri i\u00e7erir. Bazen unutma yolunu se\u00e7ersin olaylar\u0131, konular\u0131, insanlar\u0131 bo\u015f ver dersin! Bazen de kendini sorumlu hissedersin! D\u00fcnyaya ve insanlara faydal\u0131 bir i\u015f yapmaya kalk\u0131\u015f\u0131rs\u0131n benim gibi.. Hi\u00e7bir \u015fey gizli kalmaz o zaman. An\u0131lar\u0131n g\u00fcn y\u00fcz\u00fcne \u00e7\u0131kar bir bir, bir olur, ortal\u0131\u011fa sa\u00e7\u0131l\u0131r, kitap olur.<\/p>\n","protected":false},"excerpt":{"rendered":"<p>Ge\u00e7mi\u015fimde ya\u015fad\u0131klar\u0131m bir b\u00fct\u00fcn olarak, benli\u011fimi yans\u0131t\u0131r. Gelece\u011fe \u0131\u015f\u0131k tutan nasihatleri i\u00e7erir. Bazen unutma yolunu se\u00e7ersin olaylar\u0131, konular\u0131, insanlar\u0131 bo\u015f ver dersin! Bazen de kendini sorumlu<span class=\"excerpt-hellip\"> [\u2026]<\/span><\/p>\n","protected":false},"featured_media":0,"template":"","meta":{"_monsterinsights_skip_tracking":false,"_monsterinsights_sitenote_active":false,"_monsterinsights_sitenote_note":"","_monsterinsights_sitenote_category":0},"product_brand":[],"product_cat":[12291],"product_tag":[],"class_list":{"0":"post-740019","1":"product","2":"type-product","3":"status-publish","5":"product_cat-edebiyat","6":"pa_cilt-ciltsiz","7":"pa_tur-kitap","8":"pa_yayinevi-platanus-publishing","9":"pa_yazar-etem-sevik","11":"first","12":"instock","13":"sale","14":"shipping-taxable","15":"purchasable","16":"product-type-simple"},"_links":{"self":[{"href":"https:\/\/roveyayinevi.com.tr\/index.php\/wp-json\/wp\/v2\/product\/740019","targetHints":{"allow":["GET"]}}],"collection":[{"href":"https:\/\/roveyayinevi.com.tr\/index.php\/wp-json\/wp\/v2\/product"}],"about":[{"href":"https:\/\/roveyayinevi.com.tr\/index.php\/wp-json\/wp\/v2\/types\/product"}],"wp:attachment":[{"href":"https:\/\/roveyayinevi.com.tr\/index.php\/wp-json\/wp\/v2\/media?parent=740019"}],"wp:term":[{"taxonomy":"product_brand","embeddable":true,"href":"https:\/\/roveyayinevi.com.tr\/index.php\/wp-json\/wp\/v2\/product_brand?post=740019"},{"taxonomy":"product_cat","embeddable":true,"href":"https:\/\/roveyayinevi.com.tr\/index.php\/wp-json\/wp\/v2\/product_cat?post=740019"},{"taxonomy":"product_tag","embeddable":true,"href":"https:\/\/roveyayinevi.com.tr\/index.php\/wp-json\/wp\/v2\/product_tag?post=740019"}],"curies":[{"name":"wp","href":"https:\/\/api.w.org\/{rel}","templated":true}]}}