{"id":740018,"date":"2025-08-28T00:19:19","date_gmt":"2025-08-27T21:19:19","guid":{"rendered":"https:\/\/roveyayinevi.com.tr\/index.php\/urun\/ben-sana-gec-kaldim\/"},"modified":"2026-04-16T02:50:40","modified_gmt":"2026-04-15T23:50:40","slug":"ben-sana-gec-kaldim","status":"publish","type":"product","link":"https:\/\/roveyayinevi.com.tr\/index.php\/urun\/ben-sana-gec-kaldim\/","title":{"rendered":"Ben Sana Ge\u00e7 Kald\u0131m"},"content":{"rendered":"<p>Kendimden vazge\u00e7ti\u011fim bir anda kar\u015f\u0131la\u015faca\u011f\u0131z seninle. Belki k\u0131r\u0131k d\u00d6k\u00fck bir kald\u0131r\u0131m ba\u015f\u0131nda olacak bu y\u0131k\u0131m belki de d\u00d6rt duvar aras\u0131ndahellip; Zor ve engebe bir yol \u00e7\u0131kacak \u00d6n\u00fcm\u00fcze. \u00d6ylesi daha g\u00fczel de\u011fil mi zaten? \u00e7\u00fcnk\u00fc kolay olmamal\u0131 \u00d6l\u00fcmler, bir \u015fey ya da birisi u\u011fruna olmal\u0131.rdquo; Ya\u015f\u0131; ya\u015fad\u0131klar\u0131 alt\u0131nda ezilen H\u00fcseyin, kendinden vazge\u00e7ti\u011fi bir anda ruhuna iyi gelen birini al\u0131r kalbinde saklad\u0131\u011f\u0131 en \u00fccra k\u00d6\u015fesine. Yaln\u0131zl\u0131k bir bulant\u0131 gibi \u00e7\u0131kmak i\u00e7in direnirken beyninde, bu tan\u0131mlayamad\u0131\u011f\u0131 duygunun imkans\u0131z olmas\u0131 H\u00fcseyin`e engel olabilecek mi?<\/p>\n","protected":false},"excerpt":{"rendered":"<p>Kendimden vazge\u00e7ti\u011fim bir anda kar\u015f\u0131la\u015faca\u011f\u0131z seninle. Belki k\u0131r\u0131k d\u00d6k\u00fck bir kald\u0131r\u0131m ba\u015f\u0131nda olacak bu y\u0131k\u0131m belki de d\u00d6rt duvar aras\u0131ndahellip; Zor ve engebe bir yol \u00e7\u0131kacak<span class=\"excerpt-hellip\"> [\u2026]<\/span><\/p>\n","protected":false},"featured_media":0,"template":"","meta":{"_monsterinsights_skip_tracking":false,"_monsterinsights_sitenote_active":false,"_monsterinsights_sitenote_note":"","_monsterinsights_sitenote_category":0},"product_brand":[],"product_cat":[12408],"product_tag":[],"class_list":{"0":"post-740018","1":"product","2":"type-product","3":"status-publish","5":"product_cat-sanat","6":"pa_cilt-ciltsiz","7":"pa_tur-kitap","8":"pa_yayinevi-platanus-publishing","9":"pa_yazar-ebru-iba","11":"first","12":"instock","13":"sale","14":"shipping-taxable","15":"purchasable","16":"product-type-simple"},"_links":{"self":[{"href":"https:\/\/roveyayinevi.com.tr\/index.php\/wp-json\/wp\/v2\/product\/740018","targetHints":{"allow":["GET"]}}],"collection":[{"href":"https:\/\/roveyayinevi.com.tr\/index.php\/wp-json\/wp\/v2\/product"}],"about":[{"href":"https:\/\/roveyayinevi.com.tr\/index.php\/wp-json\/wp\/v2\/types\/product"}],"wp:attachment":[{"href":"https:\/\/roveyayinevi.com.tr\/index.php\/wp-json\/wp\/v2\/media?parent=740018"}],"wp:term":[{"taxonomy":"product_brand","embeddable":true,"href":"https:\/\/roveyayinevi.com.tr\/index.php\/wp-json\/wp\/v2\/product_brand?post=740018"},{"taxonomy":"product_cat","embeddable":true,"href":"https:\/\/roveyayinevi.com.tr\/index.php\/wp-json\/wp\/v2\/product_cat?post=740018"},{"taxonomy":"product_tag","embeddable":true,"href":"https:\/\/roveyayinevi.com.tr\/index.php\/wp-json\/wp\/v2\/product_tag?post=740018"}],"curies":[{"name":"wp","href":"https:\/\/api.w.org\/{rel}","templated":true}]}}