{"id":740017,"date":"2025-08-28T00:19:17","date_gmt":"2025-08-27T21:19:17","guid":{"rendered":"https:\/\/roveyayinevi.com.tr\/index.php\/urun\/behcetul-baki\/"},"modified":"2026-04-11T14:09:13","modified_gmt":"2026-04-11T11:09:13","slug":"behcetul-baki","status":"publish","type":"product","link":"https:\/\/roveyayinevi.com.tr\/index.php\/urun\/behcetul-baki\/","title":{"rendered":"Beh\u00e7et&#8217;\u00fcl Baki"},"content":{"rendered":"<p>Ruhuma kelep\u00e7eler takan, \u015fiirlerime ismini yazd\u0131ran g\u00d6\u011f\u00fc y\u0131ld\u0131zlar\u0131n topyekucirc;n bir kalemle birle\u015ftiren resim defterim, yine bir doluda benim kalbimin g\u00d6lgesine saklanan bi\u00e7are ula\u015f\u0131lmaz da\u011f \u00e7i\u00e7e\u011fi&#8230; Kokunu bulutlara satan hain polenma\u00e7i, aya\u011f\u0131m\u0131n dikenine sinirli g\u00fcl\u00fc\u015f\u00fcn merhametime intikam ald\u0131r\u0131yor. Tarih bile kad\u0131nlardan \u015fikayet\u00e7i ellerine fesat eken fidan k\u00d6k salmaz haberi nefise mahkucirc;m, yine de g\u00d6zlere tak\u0131lan \u015fu sevda g\u00d6zl\u00fckleri bize mavi g\u00d6\u011f\u00fc pembele\u015ftiren imparatori\u00e7eler y\u00fcceltiyor, ilmimize kalem kordonu olan dua rehberimiz tek tesellimiz.Nas\u0131l ki bir \u015fark\u0131 ba\u015flar ben o \u015fark\u0131 olurum nas\u0131l ki bir m\u0131sra biter yumruklar\u0131m s\u0131k\u0131l\u0131r sinirim harflere dalar E`nin kollar\u0131, M`nin \u00e7eki\u00e7teki d\u00fczl\u00fc\u011f\u00fc ve alfabe boyunca devam eden kavgam&#8230;Micirc;n iro h\u0131nkid\u0131ji hestirkeqe j\u0131ter l\u0131 te\u015ftek\u0131r Micirc;n got\u0131nexeyi j\u0131tere h\u0131lyayi li binaya zamanexwe d\u0131 h\u0131land Micirc;n e\u015fkaxwe j\u0131tere k\u0131r d\u0131lop o x\u0131ste nava bahre. Ka, ka ja le b\u0131ger heger te micirc;n dit, eacute;di ez wer duriteme&#8230;<\/p>\n","protected":false},"excerpt":{"rendered":"<p>Ruhuma kelep\u00e7eler takan, \u015fiirlerime ismini yazd\u0131ran g\u00d6\u011f\u00fc y\u0131ld\u0131zlar\u0131n topyekucirc;n bir kalemle birle\u015ftiren resim defterim, yine bir doluda benim kalbimin g\u00d6lgesine saklanan bi\u00e7are ula\u015f\u0131lmaz da\u011f \u00e7i\u00e7e\u011fi&#8230; Kokunu<span class=\"excerpt-hellip\"> [\u2026]<\/span><\/p>\n","protected":false},"featured_media":0,"template":"","meta":{"_monsterinsights_skip_tracking":false,"_monsterinsights_sitenote_active":false,"_monsterinsights_sitenote_note":"","_monsterinsights_sitenote_category":0},"product_brand":[],"product_cat":[12291],"product_tag":[],"class_list":{"0":"post-740017","1":"product","2":"type-product","3":"status-publish","5":"product_cat-edebiyat","6":"pa_cilt-ciltsiz","7":"pa_tur-kitap","8":"pa_yayinevi-platanus-publishing","9":"pa_yazar-mevlut-ilhan","11":"first","12":"instock","13":"sale","14":"shipping-taxable","15":"purchasable","16":"product-type-simple"},"_links":{"self":[{"href":"https:\/\/roveyayinevi.com.tr\/index.php\/wp-json\/wp\/v2\/product\/740017","targetHints":{"allow":["GET"]}}],"collection":[{"href":"https:\/\/roveyayinevi.com.tr\/index.php\/wp-json\/wp\/v2\/product"}],"about":[{"href":"https:\/\/roveyayinevi.com.tr\/index.php\/wp-json\/wp\/v2\/types\/product"}],"wp:attachment":[{"href":"https:\/\/roveyayinevi.com.tr\/index.php\/wp-json\/wp\/v2\/media?parent=740017"}],"wp:term":[{"taxonomy":"product_brand","embeddable":true,"href":"https:\/\/roveyayinevi.com.tr\/index.php\/wp-json\/wp\/v2\/product_brand?post=740017"},{"taxonomy":"product_cat","embeddable":true,"href":"https:\/\/roveyayinevi.com.tr\/index.php\/wp-json\/wp\/v2\/product_cat?post=740017"},{"taxonomy":"product_tag","embeddable":true,"href":"https:\/\/roveyayinevi.com.tr\/index.php\/wp-json\/wp\/v2\/product_tag?post=740017"}],"curies":[{"name":"wp","href":"https:\/\/api.w.org\/{rel}","templated":true}]}}