{"id":740007,"date":"2025-08-28T00:19:06","date_gmt":"2025-08-27T21:19:06","guid":{"rendered":"https:\/\/roveyayinevi.com.tr\/index.php\/urun\/laiklik-seriat-ve-turban-tartismalari\/"},"modified":"2026-04-16T02:50:40","modified_gmt":"2026-04-15T23:50:40","slug":"laiklik-seriat-ve-turban-tartismalari","status":"publish","type":"product","link":"https:\/\/roveyayinevi.com.tr\/index.php\/urun\/laiklik-seriat-ve-turban-tartismalari\/","title":{"rendered":"Laiklik \u015eeriat ve T\u00fcrban Tart\u0131\u015fmalar\u0131"},"content":{"rendered":"<p>\u00fclkemiz siyasetinde egemenler, hep olaylar \u00e7\u0131kmas\u0131na, olaylar\u0131n abart\u0131l\u0131p t\u0131rmand\u0131r\u0131lmas\u0131na, gerilim ve \u00e7at\u0131\u015fma ortamlar\u0131ndan avantaj sa\u011flamaya \u00e7al\u0131\u015fm\u0131\u015ft\u0131r. Sorunu \u00e7\u00d6zmek, anla\u015fmak, uzla\u015fmak ise hep a\u015fa\u011f\u0131lanm\u0131\u015f ve bunlardan uzak durulmu\u015f; anla\u015fma, uzla\u015fma taraftarlar\u0131 korkakl\u0131k ve d\u00d6neklikle su\u00e7lanm\u0131\u015f; her konuda rest \u00e7ekmek, diklenmek marifet say\u0131lm\u0131\u015f ve \u015fahinlere tap\u0131lm\u0131\u015ft\u0131r. TC&#8217;nin siyasi tarihi, bu restle\u015fmelerin tarihi gibidir ve 2007 Nisan krizleri, bu efelenmeler ve restle\u015fmeler tarihine \u00e7ok g\u00fczel bir \u00d6rnektir.<\/p>\n","protected":false},"excerpt":{"rendered":"<p>\u00fclkemiz siyasetinde egemenler, hep olaylar \u00e7\u0131kmas\u0131na, olaylar\u0131n abart\u0131l\u0131p t\u0131rmand\u0131r\u0131lmas\u0131na, gerilim ve \u00e7at\u0131\u015fma ortamlar\u0131ndan avantaj sa\u011flamaya \u00e7al\u0131\u015fm\u0131\u015ft\u0131r. Sorunu \u00e7\u00d6zmek, anla\u015fmak, uzla\u015fmak ise hep a\u015fa\u011f\u0131lanm\u0131\u015f ve bunlardan uzak<span class=\"excerpt-hellip\"> [\u2026]<\/span><\/p>\n","protected":false},"featured_media":0,"template":"","meta":{"_monsterinsights_skip_tracking":false,"_monsterinsights_sitenote_active":false,"_monsterinsights_sitenote_note":"","_monsterinsights_sitenote_category":0},"product_brand":[],"product_cat":[52477],"product_tag":[],"class_list":{"0":"post-740007","1":"product","2":"type-product","3":"status-publish","5":"product_cat-arastirma","6":"pa_cilt-ciltsiz","7":"pa_tur-kitap","8":"pa_yayinevi-platanus-publishing","9":"pa_yazar-nazmi-oner","11":"first","12":"instock","13":"sale","14":"shipping-taxable","15":"purchasable","16":"product-type-simple"},"_links":{"self":[{"href":"https:\/\/roveyayinevi.com.tr\/index.php\/wp-json\/wp\/v2\/product\/740007","targetHints":{"allow":["GET"]}}],"collection":[{"href":"https:\/\/roveyayinevi.com.tr\/index.php\/wp-json\/wp\/v2\/product"}],"about":[{"href":"https:\/\/roveyayinevi.com.tr\/index.php\/wp-json\/wp\/v2\/types\/product"}],"wp:attachment":[{"href":"https:\/\/roveyayinevi.com.tr\/index.php\/wp-json\/wp\/v2\/media?parent=740007"}],"wp:term":[{"taxonomy":"product_brand","embeddable":true,"href":"https:\/\/roveyayinevi.com.tr\/index.php\/wp-json\/wp\/v2\/product_brand?post=740007"},{"taxonomy":"product_cat","embeddable":true,"href":"https:\/\/roveyayinevi.com.tr\/index.php\/wp-json\/wp\/v2\/product_cat?post=740007"},{"taxonomy":"product_tag","embeddable":true,"href":"https:\/\/roveyayinevi.com.tr\/index.php\/wp-json\/wp\/v2\/product_tag?post=740007"}],"curies":[{"name":"wp","href":"https:\/\/api.w.org\/{rel}","templated":true}]}}