{"id":740006,"date":"2025-08-28T00:19:05","date_gmt":"2025-08-27T21:19:05","guid":{"rendered":"https:\/\/roveyayinevi.com.tr\/index.php\/urun\/en-buyuk-tehdit-milliyetcilik\/"},"modified":"2026-04-16T02:50:40","modified_gmt":"2026-04-15T23:50:40","slug":"en-buyuk-tehdit-milliyetcilik","status":"publish","type":"product","link":"https:\/\/roveyayinevi.com.tr\/index.php\/urun\/en-buyuk-tehdit-milliyetcilik\/","title":{"rendered":"En B\u00fcy\u00fck Tehdit Milliyet\u00e7ilik"},"content":{"rendered":"<p>Bir insan\u0131n vatan\u0131n\u0131 milletini sevmesi, bunu geli\u015ftirmek ileri g\u00d6t\u00fcrmek istemesi ve ba\u015fka milletlerin haklar\u0131na sayg\u0131l\u0131 kalmak, \u0131rk ayr\u0131m\u0131na ve yabanc\u0131 d\u00fc\u015fmanl\u0131\u011f\u0131na saplanmamak kayd\u0131yla ulusal haklar\u0131n\u0131 ve \u00e7\u0131karlar\u0131n\u0131 korumas\u0131 kadar do\u011fal bir durum olamaz. Bu milliyet\u00e7ilik de\u011fildir. Bu insan\u0131n kendini korumas\u0131, savunmas\u0131 ve ya\u015fama hakk\u0131n\u0131 kullanmas\u0131d\u0131r. Nefsi m\u00fcdafaad\u0131r. Her insanda korunma i\u00e7g\u00fcd\u00fcs\u00fcyle birlikte bulunur. \u0130rade d\u0131\u015f\u0131 bir reflekstir.nbsp; \u0130\u015fte milliyet\u00e7ili\u011fin do\u011fal ve zarars\u0131z olan\u0131 budur. Bu insani duygular\u0131ndan dolay\u0131 hi\u00e7 kimse ele\u015ftirilemez, k\u0131nanamaz ve engellenemez. Fakat e\u011fer, bu do\u011fal korunma, savunma g\u00fcd\u00fcs\u00fc \u00e7arp\u0131t\u0131l\u0131p de\u011fi\u015ftirilerek; \u00e7\u0131karlar i\u00e7in bilin\u00e7li k\u0131\u015fk\u0131rtmalara d\u00d6n\u00fc\u015ft\u00fcr\u00fcl\u00fcyorsa, milleti gaza getirmeye, meydanlarda ba\u011f\u0131r\u0131p \u00e7a\u011f\u0131rma ve naralara tehditlere do\u011fru gidiyorsa bir de d\u0131\u015flama ve nefret y\u00fckleniyorsa, art\u0131k bu do\u011fal bir milliyet\u00e7ilik de\u011fil, fa\u015fizmdir.<\/p>\n","protected":false},"excerpt":{"rendered":"<p>Bir insan\u0131n vatan\u0131n\u0131 milletini sevmesi, bunu geli\u015ftirmek ileri g\u00d6t\u00fcrmek istemesi ve ba\u015fka milletlerin haklar\u0131na sayg\u0131l\u0131 kalmak, \u0131rk ayr\u0131m\u0131na ve yabanc\u0131 d\u00fc\u015fmanl\u0131\u011f\u0131na saplanmamak kayd\u0131yla ulusal haklar\u0131n\u0131 ve<span class=\"excerpt-hellip\"> [\u2026]<\/span><\/p>\n","protected":false},"featured_media":0,"template":"","meta":{"_monsterinsights_skip_tracking":false,"_monsterinsights_sitenote_active":false,"_monsterinsights_sitenote_note":"","_monsterinsights_sitenote_category":0},"product_brand":[],"product_cat":[52477],"product_tag":[],"class_list":{"0":"post-740006","1":"product","2":"type-product","3":"status-publish","5":"product_cat-arastirma","6":"pa_cilt-ciltsiz","7":"pa_tur-kitap","8":"pa_yayinevi-platanus-publishing","9":"pa_yazar-nazmi-oner","11":"first","12":"instock","13":"sale","14":"shipping-taxable","15":"purchasable","16":"product-type-simple"},"_links":{"self":[{"href":"https:\/\/roveyayinevi.com.tr\/index.php\/wp-json\/wp\/v2\/product\/740006","targetHints":{"allow":["GET"]}}],"collection":[{"href":"https:\/\/roveyayinevi.com.tr\/index.php\/wp-json\/wp\/v2\/product"}],"about":[{"href":"https:\/\/roveyayinevi.com.tr\/index.php\/wp-json\/wp\/v2\/types\/product"}],"wp:attachment":[{"href":"https:\/\/roveyayinevi.com.tr\/index.php\/wp-json\/wp\/v2\/media?parent=740006"}],"wp:term":[{"taxonomy":"product_brand","embeddable":true,"href":"https:\/\/roveyayinevi.com.tr\/index.php\/wp-json\/wp\/v2\/product_brand?post=740006"},{"taxonomy":"product_cat","embeddable":true,"href":"https:\/\/roveyayinevi.com.tr\/index.php\/wp-json\/wp\/v2\/product_cat?post=740006"},{"taxonomy":"product_tag","embeddable":true,"href":"https:\/\/roveyayinevi.com.tr\/index.php\/wp-json\/wp\/v2\/product_tag?post=740006"}],"curies":[{"name":"wp","href":"https:\/\/api.w.org\/{rel}","templated":true}]}}