{"id":740005,"date":"2025-08-28T00:19:04","date_gmt":"2025-08-27T21:19:04","guid":{"rendered":"https:\/\/roveyayinevi.com.tr\/index.php\/urun\/dongu-kuslari\/"},"modified":"2026-04-16T02:50:39","modified_gmt":"2026-04-15T23:50:39","slug":"dongu-kuslari","status":"publish","type":"product","link":"https:\/\/roveyayinevi.com.tr\/index.php\/urun\/dongu-kuslari\/","title":{"rendered":"D\u00f6ng\u00fc Ku\u015flar\u0131"},"content":{"rendered":"<p>Gitmek en \u00e7ok \u00d6z\u00fcne yak\u0131\u015facakken kalan olmaya raz\u0131 oldu. Ayr\u0131l\u0131k su\u00e7unun, \u00fczerine kalmas\u0131na da ses \u00e7\u0131karmad\u0131. Bunun tek nedeni, k\u00fc\u00e7\u00fck bir \u00e7ocu\u011fun b\u00fct\u00fcn bunlar\u0131 kolay sindirmeyece\u011fi koygunlukta bir ac\u0131 oldu\u011funu d\u00fc\u015f\u00fcnmesindendi.Daha on alt\u0131 ya\u015f\u0131nda k\u00fc\u00e7\u00fck bir \u00e7ocuk o. Ya\u015f\u0131 ne ba\u015f\u0131 ne? Anaokulunda ya\u015fad\u0131\u011f\u0131ndan saf \u00e7ocukluksevdas\u0131n\u0131n ayr\u0131l\u0131\u011f\u0131ndan ba\u015fkas\u0131n\u0131 m\u0131 ya\u015fad\u0131?B\u00fct\u00fcn gidi\u015flerin bir kopu\u015f, her kopu\u015fun asl\u0131nda ayr\u0131l\u0131k oldu\u011funu bilemez.Her ayr\u0131l\u0131\u011f\u0131n tek ba\u015f\u0131na yap\u0131lmad\u0131\u011f\u0131n\u0131 nedeni, sonu\u00e7lar\u0131 oldu\u011funu; gidenin bir k\u0131sm\u0131n\u0131 geride b\u0131rakt\u0131\u011f\u0131n\u0131, kalan\u0131n da gidenle g\u00d6nderdiklerini d\u00fc\u015f\u00fcnemez.Kimisi kar\u015f\u0131s\u0131ndakini daha fazla yormamak, b\u0131kt\u0131rmamak i\u00e7in yap\u0131ld\u0131\u011f\u0131n\u0131 kimi \u00e7aresizlikten: kimi inceldi\u011fi yerden kopmas\u0131 i\u00e7in olabilece\u011finihellip;Kiminin de yenilere ba\u015flamak i\u00e7in olabilece\u011fini. E\u011fer vakit, o vakitse ard\u0131na d\u00d6n\u00fcp bakmadan yap\u0131lmas\u0131 gerekti\u011finihellip;Bunun b\u00fct\u00fcn\u00fcn par\u00e7alanmas\u0131 de\u011fil, da\u011f\u0131lan\u0131n toplanmas\u0131 oldu\u011funu&#8230;<\/p>\n","protected":false},"excerpt":{"rendered":"<p>Gitmek en \u00e7ok \u00d6z\u00fcne yak\u0131\u015facakken kalan olmaya raz\u0131 oldu. Ayr\u0131l\u0131k su\u00e7unun, \u00fczerine kalmas\u0131na da ses \u00e7\u0131karmad\u0131. Bunun tek nedeni, k\u00fc\u00e7\u00fck bir \u00e7ocu\u011fun b\u00fct\u00fcn bunlar\u0131 kolay sindirmeyece\u011fi<span class=\"excerpt-hellip\"> [\u2026]<\/span><\/p>\n","protected":false},"featured_media":0,"template":"","meta":{"_monsterinsights_skip_tracking":false,"_monsterinsights_sitenote_active":false,"_monsterinsights_sitenote_note":"","_monsterinsights_sitenote_category":0},"product_brand":[],"product_cat":[12291],"product_tag":[],"class_list":{"0":"post-740005","1":"product","2":"type-product","3":"status-publish","5":"product_cat-edebiyat","6":"pa_cilt-ciltsiz","7":"pa_tur-kitap","8":"pa_yayinevi-platanus-publishing","9":"pa_yazar-atiye-guner-tumuklu","11":"first","12":"instock","13":"sale","14":"shipping-taxable","15":"purchasable","16":"product-type-simple"},"_links":{"self":[{"href":"https:\/\/roveyayinevi.com.tr\/index.php\/wp-json\/wp\/v2\/product\/740005","targetHints":{"allow":["GET"]}}],"collection":[{"href":"https:\/\/roveyayinevi.com.tr\/index.php\/wp-json\/wp\/v2\/product"}],"about":[{"href":"https:\/\/roveyayinevi.com.tr\/index.php\/wp-json\/wp\/v2\/types\/product"}],"wp:attachment":[{"href":"https:\/\/roveyayinevi.com.tr\/index.php\/wp-json\/wp\/v2\/media?parent=740005"}],"wp:term":[{"taxonomy":"product_brand","embeddable":true,"href":"https:\/\/roveyayinevi.com.tr\/index.php\/wp-json\/wp\/v2\/product_brand?post=740005"},{"taxonomy":"product_cat","embeddable":true,"href":"https:\/\/roveyayinevi.com.tr\/index.php\/wp-json\/wp\/v2\/product_cat?post=740005"},{"taxonomy":"product_tag","embeddable":true,"href":"https:\/\/roveyayinevi.com.tr\/index.php\/wp-json\/wp\/v2\/product_tag?post=740005"}],"curies":[{"name":"wp","href":"https:\/\/api.w.org\/{rel}","templated":true}]}}