{"id":739998,"date":"2025-08-28T00:18:55","date_gmt":"2025-08-27T21:18:55","guid":{"rendered":"https:\/\/roveyayinevi.com.tr\/index.php\/urun\/fantastik-sihirli-oykuler-macera-1\/"},"modified":"2026-04-16T02:50:39","modified_gmt":"2026-04-15T23:50:39","slug":"fantastik-sihirli-oykuler-macera-1","status":"publish","type":"product","link":"https:\/\/roveyayinevi.com.tr\/index.php\/urun\/fantastik-sihirli-oykuler-macera-1\/","title":{"rendered":"Fantastik Sihirli \u00d6yk\u00fcler-Macera 1"},"content":{"rendered":"<p>\u00e7ocuklar\u0131n okuma boyunca merak duygusunun diri kalaca\u011f\u0131, s\u00fcrprizlerle dolu hikayelerin bir arada oldu\u011fu kitapta y\u00fcr\u00fcyen dev k\u00d6pek bal\u0131klar\u0131, denizatlar\u0131, sava\u015f\u00e7\u0131 kangurular, u\u00e7an maymunlar, ar\u0131lar\u0131 yutan \u00e7i\u00e7ek tarlalar\u0131, g\u00d6ky\u00fcz\u00fcnde \u0131\u015f\u0131l \u0131\u015f\u0131l patlayan \u00e7i\u00e7ekler ve daha fazlas\u0131yla \u00e7ocuklara hayal g\u00fc\u00e7lerinin s\u0131n\u0131rlar\u0131n\u0131 zorlayacak \u00d6zg\u00fcn ve yarat\u0131c\u0131l\u0131kla dolu maceralar sunuluyor. Ayr\u0131ca, lsquo;Dostluk, sadakat, vefa gibi kavramlar da bu hikayelerin bonusu! \u0130yi kalmay\u0131 ba\u015faranlar\u0131n hikayeleriyle yazar amp;quot;Do\u011fa insanlara de\u011fil, insanlar do\u011faya muhta\u00e7t\u0131rrdquo; diyerek Macera 1 kitab\u0131yla \u00e7ocuklarla bulu\u015fuyorhellip;<\/p>\n","protected":false},"excerpt":{"rendered":"<p>\u00e7ocuklar\u0131n okuma boyunca merak duygusunun diri kalaca\u011f\u0131, s\u00fcrprizlerle dolu hikayelerin bir arada oldu\u011fu kitapta y\u00fcr\u00fcyen dev k\u00d6pek bal\u0131klar\u0131, denizatlar\u0131, sava\u015f\u00e7\u0131 kangurular, u\u00e7an maymunlar, ar\u0131lar\u0131 yutan \u00e7i\u00e7ek<span class=\"excerpt-hellip\"> [\u2026]<\/span><\/p>\n","protected":false},"featured_media":0,"template":"","meta":{"_monsterinsights_skip_tracking":false,"_monsterinsights_sitenote_active":false,"_monsterinsights_sitenote_note":"","_monsterinsights_sitenote_category":0},"product_brand":[],"product_cat":[12274],"product_tag":[],"class_list":{"0":"post-739998","1":"product","2":"type-product","3":"status-publish","5":"product_cat-cocuk-ve-genclik-kitaplari","6":"pa_cilt-ciltsiz","7":"pa_tur-kitap","8":"pa_yayinevi-platanus-publishing","9":"pa_yazar-omur-akarcan-tuven","11":"first","12":"instock","13":"sale","14":"shipping-taxable","15":"purchasable","16":"product-type-simple"},"_links":{"self":[{"href":"https:\/\/roveyayinevi.com.tr\/index.php\/wp-json\/wp\/v2\/product\/739998","targetHints":{"allow":["GET"]}}],"collection":[{"href":"https:\/\/roveyayinevi.com.tr\/index.php\/wp-json\/wp\/v2\/product"}],"about":[{"href":"https:\/\/roveyayinevi.com.tr\/index.php\/wp-json\/wp\/v2\/types\/product"}],"wp:attachment":[{"href":"https:\/\/roveyayinevi.com.tr\/index.php\/wp-json\/wp\/v2\/media?parent=739998"}],"wp:term":[{"taxonomy":"product_brand","embeddable":true,"href":"https:\/\/roveyayinevi.com.tr\/index.php\/wp-json\/wp\/v2\/product_brand?post=739998"},{"taxonomy":"product_cat","embeddable":true,"href":"https:\/\/roveyayinevi.com.tr\/index.php\/wp-json\/wp\/v2\/product_cat?post=739998"},{"taxonomy":"product_tag","embeddable":true,"href":"https:\/\/roveyayinevi.com.tr\/index.php\/wp-json\/wp\/v2\/product_tag?post=739998"}],"curies":[{"name":"wp","href":"https:\/\/api.w.org\/{rel}","templated":true}]}}