{"id":739992,"date":"2025-08-28T00:18:48","date_gmt":"2025-08-27T21:18:48","guid":{"rendered":"https:\/\/roveyayinevi.com.tr\/index.php\/urun\/cocuk-kalbi-14\/"},"modified":"2026-04-16T02:50:39","modified_gmt":"2026-04-15T23:50:39","slug":"cocuk-kalbi-14","status":"publish","type":"product","link":"https:\/\/roveyayinevi.com.tr\/index.php\/urun\/cocuk-kalbi-14\/","title":{"rendered":"\u00c7ocuk Kalbi"},"content":{"rendered":"<p>\u00e7ocuk Kalbi, \u0130talyan yazar Edmondo De Amicis taraf\u0131ndan 1886 y\u0131l\u0131nda tamamlanm\u0131\u015f, ilkokul \u00e7a\u011f\u0131ndaki Enrico ad\u0131ndaki \u0130talyan bir \u00e7ocu\u011fun okul ve sosyal ya\u015fam\u0131n\u0131, \u00e7ocu\u011fun kendi a\u011fz\u0131ndan anlatan bir romand\u0131r.Yazar\u0131n kendi o\u011flunun g\u00fcnl\u00fcklerinden esinlenerek yazd\u0131\u011f\u0131 bir kitapt\u0131r. D\u00fcnyan\u0131n \u00e7o\u011fu diline \u00e7evrilmi\u015ftir. E\u011fitim bilim uzmanlar\u0131nca ldquo;d\u00fcnyan\u0131n en yararl\u0131 \u00e7ocuk kitab\u0131rdquo; olarak kabul edilmi\u015ftir.<\/p>\n","protected":false},"excerpt":{"rendered":"<p>\u00e7ocuk Kalbi, \u0130talyan yazar Edmondo De Amicis taraf\u0131ndan 1886 y\u0131l\u0131nda tamamlanm\u0131\u015f, ilkokul \u00e7a\u011f\u0131ndaki Enrico ad\u0131ndaki \u0130talyan bir \u00e7ocu\u011fun okul ve sosyal ya\u015fam\u0131n\u0131, \u00e7ocu\u011fun kendi a\u011fz\u0131ndan anlatan<span class=\"excerpt-hellip\"> [\u2026]<\/span><\/p>\n","protected":false},"featured_media":0,"template":"","meta":{"_monsterinsights_skip_tracking":false,"_monsterinsights_sitenote_active":false,"_monsterinsights_sitenote_note":"","_monsterinsights_sitenote_category":0},"product_brand":[],"product_cat":[12274],"product_tag":[],"class_list":{"0":"post-739992","1":"product","2":"type-product","3":"status-publish","5":"product_cat-cocuk-ve-genclik-kitaplari","6":"pa_cilt-ciltsiz","7":"pa_tur-kitap","8":"pa_yayinevi-platanus-publishing","9":"pa_yazar-edmondo-de-amicis","11":"first","12":"instock","13":"sale","14":"shipping-taxable","15":"purchasable","16":"product-type-simple"},"_links":{"self":[{"href":"https:\/\/roveyayinevi.com.tr\/index.php\/wp-json\/wp\/v2\/product\/739992","targetHints":{"allow":["GET"]}}],"collection":[{"href":"https:\/\/roveyayinevi.com.tr\/index.php\/wp-json\/wp\/v2\/product"}],"about":[{"href":"https:\/\/roveyayinevi.com.tr\/index.php\/wp-json\/wp\/v2\/types\/product"}],"wp:attachment":[{"href":"https:\/\/roveyayinevi.com.tr\/index.php\/wp-json\/wp\/v2\/media?parent=739992"}],"wp:term":[{"taxonomy":"product_brand","embeddable":true,"href":"https:\/\/roveyayinevi.com.tr\/index.php\/wp-json\/wp\/v2\/product_brand?post=739992"},{"taxonomy":"product_cat","embeddable":true,"href":"https:\/\/roveyayinevi.com.tr\/index.php\/wp-json\/wp\/v2\/product_cat?post=739992"},{"taxonomy":"product_tag","embeddable":true,"href":"https:\/\/roveyayinevi.com.tr\/index.php\/wp-json\/wp\/v2\/product_tag?post=739992"}],"curies":[{"name":"wp","href":"https:\/\/api.w.org\/{rel}","templated":true}]}}