{"id":739989,"date":"2025-08-28T00:18:45","date_gmt":"2025-08-27T21:18:45","guid":{"rendered":"https:\/\/roveyayinevi.com.tr\/index.php\/urun\/bayandan-az-kullanilmis\/"},"modified":"2026-04-15T03:01:52","modified_gmt":"2026-04-15T00:01:52","slug":"bayandan-az-kullanilmis","status":"publish","type":"product","link":"https:\/\/roveyayinevi.com.tr\/index.php\/urun\/bayandan-az-kullanilmis\/","title":{"rendered":"Bayandan Az Kullan\u0131lm\u0131\u015f!"},"content":{"rendered":"<p>-\u0130kinci el otomobil piyasas\u0131 her ge\u00e7en g\u00fcn de\u011fi\u015fen, geli\u015fen dinamik bir yap\u0131ya sahiptir. Bu piyasada kurtlara yem olmadan, kaz\u0131klanmadan nas\u0131l araba al\u0131nabilir ?-Kitab\u0131m\u0131z, T\u00fcrkiye&#8217;de ikince el araba sat\u0131n alman\u0131n teknik ve sosyolojik bir incelemesidir. \u0130kinci el araba sat\u0131n almak isteyen bireylere, araba al\u0131rken nelere dikkat etmeleri gerekti\u011fini kitab\u0131m\u0131zda anlatt\u0131k. Bunu anlat\u0131rken insanlara hem sat\u0131c\u0131lar\u0131, hem de kendilerini sorgulamay\u0131 \u00d6\u011fretmeye \u00e7al\u0131\u015ft\u0131k.-Bu kitapta anlat\u0131lmak ve \u00d6\u011fretilmek istenen \u015fey ,sat\u0131c\u0131n\u0131n yalan s\u00d6yledi\u011fi ya da ger\u00e7ekleri gizledi\u011fi durumlarda sizin nas\u0131l aldanmayaca\u011f\u0131n\u0131zd\u0131r.-\u0130kinci el araba almak mant\u0131kl\u0131 m\u0131d\u0131r? -Neden yeni araba al\u0131r\u0131z? -\u00d6TV&#8217;nin KDV&#8217;si ne demek? -Daha b\u00fcy\u00fck olan, daha g\u00fcvenli midir? -Arabay\u0131 bayandan m\u0131 alal\u0131m, doktordan m\u0131? -Keyfe keder boyal\u0131 ne demek? -Schr\u00d6dinger&#8217;in Kedisi&#8217;ni \u00fclkemizdeki ikinci el otomobil sat\u0131n alma olgusuna, uyarlayabilir miyiz? -Ben de mi bir arazi arac\u0131 alsam? -Bedelsiz A\u011f\u0131r Hasar kayd\u0131 nedir? -D\u00fcr\u00fcst sat\u0131c\u0131y\u0131 nas\u0131l anlar\u0131m ? -Herkes mi yalan s\u00d6yler? -Eltimgil yeni araba ald\u0131 bizde mi alsak? -Otomatik mi iyidir, d\u00fcz m\u00fc? -T\u00fcpl\u00fc araba al\u0131n\u0131r m\u0131? -Sosyal kar\u015f\u0131la\u015ft\u0131rma nedir? -Arabada ka\u00e7 par\u00e7a boya var? Ve daha bir\u00e7ok sorunun cevab\u0131n\u0131 bu kitap i\u00e7inde bulabilirsiniz.<\/p>\n","protected":false},"excerpt":{"rendered":"<p>-\u0130kinci el otomobil piyasas\u0131 her ge\u00e7en g\u00fcn de\u011fi\u015fen, geli\u015fen dinamik bir yap\u0131ya sahiptir. Bu piyasada kurtlara yem olmadan, kaz\u0131klanmadan nas\u0131l araba al\u0131nabilir ?-Kitab\u0131m\u0131z, T\u00fcrkiye&#8217;de ikince el<span class=\"excerpt-hellip\"> [\u2026]<\/span><\/p>\n","protected":false},"featured_media":0,"template":"","meta":{"_monsterinsights_skip_tracking":false,"_monsterinsights_sitenote_active":false,"_monsterinsights_sitenote_note":"","_monsterinsights_sitenote_category":0},"product_brand":[],"product_cat":[12304],"product_tag":[],"class_list":{"0":"post-739989","1":"product","2":"type-product","3":"status-publish","5":"product_cat-tarih","6":"pa_cilt-ciltsiz","7":"pa_tur-kitap","8":"pa_yayinevi-platanus-publishing","9":"pa_yazar-erge-cetinkaya","11":"first","12":"instock","13":"sale","14":"shipping-taxable","15":"purchasable","16":"product-type-simple"},"_links":{"self":[{"href":"https:\/\/roveyayinevi.com.tr\/index.php\/wp-json\/wp\/v2\/product\/739989","targetHints":{"allow":["GET"]}}],"collection":[{"href":"https:\/\/roveyayinevi.com.tr\/index.php\/wp-json\/wp\/v2\/product"}],"about":[{"href":"https:\/\/roveyayinevi.com.tr\/index.php\/wp-json\/wp\/v2\/types\/product"}],"wp:attachment":[{"href":"https:\/\/roveyayinevi.com.tr\/index.php\/wp-json\/wp\/v2\/media?parent=739989"}],"wp:term":[{"taxonomy":"product_brand","embeddable":true,"href":"https:\/\/roveyayinevi.com.tr\/index.php\/wp-json\/wp\/v2\/product_brand?post=739989"},{"taxonomy":"product_cat","embeddable":true,"href":"https:\/\/roveyayinevi.com.tr\/index.php\/wp-json\/wp\/v2\/product_cat?post=739989"},{"taxonomy":"product_tag","embeddable":true,"href":"https:\/\/roveyayinevi.com.tr\/index.php\/wp-json\/wp\/v2\/product_tag?post=739989"}],"curies":[{"name":"wp","href":"https:\/\/api.w.org\/{rel}","templated":true}]}}