{"id":739988,"date":"2025-08-28T00:18:43","date_gmt":"2025-08-27T21:18:43","guid":{"rendered":"https:\/\/roveyayinevi.com.tr\/index.php\/urun\/duygulardan-yansiyanlar\/"},"modified":"2026-04-16T02:50:39","modified_gmt":"2026-04-15T23:50:39","slug":"duygulardan-yansiyanlar","status":"publish","type":"product","link":"https:\/\/roveyayinevi.com.tr\/index.php\/urun\/duygulardan-yansiyanlar\/","title":{"rendered":"Duygulardan Yans\u0131yanlar"},"content":{"rendered":"<p>Sevgi,hasret,\u00d6zlemhellip;Bunlar insan\u0131 zaman\u0131n teknesindenbsp;bir hamur misali yo\u011furup,bir f\u0131r\u0131n misali pi\u015firen duygulard\u0131r.Ya\u015fama anlam ve renk katar onlar.\u0130nsan bu duygularnbsp;sayesinde ya\u015fad\u0131\u011f\u0131n\u0131 anlar ama bu duygular\u0131 ya\u015fad\u0131\u011f\u0131 venbsp;ya\u015fatt\u0131\u011f\u0131 oranda bakar D\u00fcnya ya\u015fant\u0131s\u0131n\u0131n tad\u0131na.Bu duygular\u0131 ya\u015faman\u0131z ve ya\u015fatman\u0131z dileklerimlehellip;&#8221;Bu kitap sevmeyi ve sevilmeyi bilen herkese ithaf edilmi\u015ftir.<\/p>\n","protected":false},"excerpt":{"rendered":"<p>Sevgi,hasret,\u00d6zlemhellip;Bunlar insan\u0131 zaman\u0131n teknesindenbsp;bir hamur misali yo\u011furup,bir f\u0131r\u0131n misali pi\u015firen duygulard\u0131r.Ya\u015fama anlam ve renk katar onlar.\u0130nsan bu duygularnbsp;sayesinde ya\u015fad\u0131\u011f\u0131n\u0131 anlar ama bu duygular\u0131 ya\u015fad\u0131\u011f\u0131 venbsp;ya\u015fatt\u0131\u011f\u0131 oranda<span class=\"excerpt-hellip\"> [\u2026]<\/span><\/p>\n","protected":false},"featured_media":0,"template":"","meta":{"_monsterinsights_skip_tracking":false,"_monsterinsights_sitenote_active":false,"_monsterinsights_sitenote_note":"","_monsterinsights_sitenote_category":0},"product_brand":[],"product_cat":[12291],"product_tag":[],"class_list":{"0":"post-739988","1":"product","2":"type-product","3":"status-publish","5":"product_cat-edebiyat","6":"pa_cilt-ciltsiz","7":"pa_tur-kitap","8":"pa_yayinevi-platanus-publishing","9":"pa_yazar-hakan-ciftci","11":"first","12":"instock","13":"sale","14":"shipping-taxable","15":"purchasable","16":"product-type-simple"},"_links":{"self":[{"href":"https:\/\/roveyayinevi.com.tr\/index.php\/wp-json\/wp\/v2\/product\/739988","targetHints":{"allow":["GET"]}}],"collection":[{"href":"https:\/\/roveyayinevi.com.tr\/index.php\/wp-json\/wp\/v2\/product"}],"about":[{"href":"https:\/\/roveyayinevi.com.tr\/index.php\/wp-json\/wp\/v2\/types\/product"}],"wp:attachment":[{"href":"https:\/\/roveyayinevi.com.tr\/index.php\/wp-json\/wp\/v2\/media?parent=739988"}],"wp:term":[{"taxonomy":"product_brand","embeddable":true,"href":"https:\/\/roveyayinevi.com.tr\/index.php\/wp-json\/wp\/v2\/product_brand?post=739988"},{"taxonomy":"product_cat","embeddable":true,"href":"https:\/\/roveyayinevi.com.tr\/index.php\/wp-json\/wp\/v2\/product_cat?post=739988"},{"taxonomy":"product_tag","embeddable":true,"href":"https:\/\/roveyayinevi.com.tr\/index.php\/wp-json\/wp\/v2\/product_tag?post=739988"}],"curies":[{"name":"wp","href":"https:\/\/api.w.org\/{rel}","templated":true}]}}