{"id":739979,"date":"2025-08-28T00:18:32","date_gmt":"2025-08-27T21:18:32","guid":{"rendered":"https:\/\/roveyayinevi.com.tr\/index.php\/urun\/beyazin-son-hali\/"},"modified":"2026-04-16T02:50:38","modified_gmt":"2026-04-15T23:50:38","slug":"beyazin-son-hali","status":"publish","type":"product","link":"https:\/\/roveyayinevi.com.tr\/index.php\/urun\/beyazin-son-hali\/","title":{"rendered":"Beyaz&#8217;\u0131n Son Hali"},"content":{"rendered":"<p>Asl\u0131nda dalgalara inan\u0131yorsak ge\u00e7mi\u015f diye bir \u015fey de\u011fil \u015fu an diye bir \u015fey vard\u0131r. M\u0131r\u0131ldand\u0131m ve dedim ki ola\u011fan\u00fcst\u00fc hayaller i\u00e7inde kendimi ruhumu kalbimi buluyorum,milyonlarca y\u0131l sonras\u0131na hizmet etti\u011fini farkediyorum. Sadece bize sunulan sahte duygulara nesnelere dokunuyoruz bunun \u00d6tesini g\u00d6remiyoruz. Bu sahteli\u011fin ard\u0131n\u0131 g\u00d6rmek i\u00e7in \u00e7ok \u00d6teleri hissetmek d\u00fc\u015f\u00fcnmek gerekir. Siyah perdelerin ard\u0131ndaki beyaz perdeleri g\u00d6rmek dokunmak. U\u00e7an ku\u015flar\u0131n g\u00d6zlerindeki duygular\u0131 \u015fahit oldu\u011fu durumlar\u0131 g\u00d6rebilmek hissedebilmek. Denizin kenar\u0131nda olu\u015fan yosunlardaki tarihi g\u00d6rebilmek. D\u00fcnya ve bir\u00e7ok gezegende canl\u0131lar hazlar\u0131 ve egolar\u0131 i\u00e7in yakla\u015f\u0131rlar duygulara maneviyata fakat bilmezler katil olduklar\u0131n\u0131. Katil olmak i\u00e7in birisini \u00d6ld\u00fcrmek gerekmiyor,insanlar\u0131n \u00e7o\u011fu beyaz g\u00d6r\u00fcn\u00fcml\u00fc bir katildir. Sonsuzlukta en g\u00fczel \u015feylerden biri g\u00d6zle g\u00d6r\u00fclmeyen o ayd\u0131nl\u0131k umutlard\u0131r. Umut oldu\u011fu s\u00fcrece ya\u015f\u0131yoruzdur. Dile gelmeyen ola\u011fan\u00fcst\u00fc umutlar vard\u0131r onlar saf \u015feylere dokunuyor ve nefes veriyor. Umudumuz kadar var\u0131z,umudumuz kadar ya\u015f\u0131yoruz,melekler naif umutlara hizmet eder.<\/p>\n","protected":false},"excerpt":{"rendered":"<p>Asl\u0131nda dalgalara inan\u0131yorsak ge\u00e7mi\u015f diye bir \u015fey de\u011fil \u015fu an diye bir \u015fey vard\u0131r. M\u0131r\u0131ldand\u0131m ve dedim ki ola\u011fan\u00fcst\u00fc hayaller i\u00e7inde kendimi ruhumu kalbimi buluyorum,milyonlarca y\u0131l<span class=\"excerpt-hellip\"> [\u2026]<\/span><\/p>\n","protected":false},"featured_media":0,"template":"","meta":{"_monsterinsights_skip_tracking":false,"_monsterinsights_sitenote_active":false,"_monsterinsights_sitenote_note":"","_monsterinsights_sitenote_category":0},"product_brand":[],"product_cat":[12291],"product_tag":[],"class_list":{"0":"post-739979","1":"product","2":"type-product","3":"status-publish","5":"product_cat-edebiyat","6":"pa_cilt-ciltsiz","7":"pa_tur-kitap","8":"pa_yayinevi-platanus-publishing","9":"pa_yazar-ferhat-adiguzel","11":"first","12":"instock","13":"sale","14":"shipping-taxable","15":"purchasable","16":"product-type-simple"},"_links":{"self":[{"href":"https:\/\/roveyayinevi.com.tr\/index.php\/wp-json\/wp\/v2\/product\/739979","targetHints":{"allow":["GET"]}}],"collection":[{"href":"https:\/\/roveyayinevi.com.tr\/index.php\/wp-json\/wp\/v2\/product"}],"about":[{"href":"https:\/\/roveyayinevi.com.tr\/index.php\/wp-json\/wp\/v2\/types\/product"}],"wp:attachment":[{"href":"https:\/\/roveyayinevi.com.tr\/index.php\/wp-json\/wp\/v2\/media?parent=739979"}],"wp:term":[{"taxonomy":"product_brand","embeddable":true,"href":"https:\/\/roveyayinevi.com.tr\/index.php\/wp-json\/wp\/v2\/product_brand?post=739979"},{"taxonomy":"product_cat","embeddable":true,"href":"https:\/\/roveyayinevi.com.tr\/index.php\/wp-json\/wp\/v2\/product_cat?post=739979"},{"taxonomy":"product_tag","embeddable":true,"href":"https:\/\/roveyayinevi.com.tr\/index.php\/wp-json\/wp\/v2\/product_tag?post=739979"}],"curies":[{"name":"wp","href":"https:\/\/api.w.org\/{rel}","templated":true}]}}