{"id":739968,"date":"2025-08-28T00:18:18","date_gmt":"2025-08-27T21:18:18","guid":{"rendered":"https:\/\/roveyayinevi.com.tr\/index.php\/urun\/degisim-4\/"},"modified":"2026-04-16T02:50:38","modified_gmt":"2026-04-15T23:50:38","slug":"degisim-4","status":"publish","type":"product","link":"https:\/\/roveyayinevi.com.tr\/index.php\/urun\/degisim-4\/","title":{"rendered":"De\u011fi\u015fim"},"content":{"rendered":"<p>Kendime s\u00d6yledi\u011fim bir s\u00d6z var. &#8220;Bir \u015feyi \u00e7ok istemek \u00d6nlemdir, fakat daha \u00d6nemlisi o i\u015fi ba\u015farmak i\u00e7in gereken \u00e7abad\u0131r.&#8221; Bu kitaptaki gibi! Bilgi ve \u00e7abayla ger\u00e7ek hayata uyarlanm\u0131\u015f bu kitap, sizde s\u00fcrekli merak uyand\u0131racak b\u00fcy\u00fck bir gizem, her \u015feyin daha iyi olabilece\u011fini g\u00d6steren bir umut, soluksuz okuyaca\u011f\u0131n\u0131z bir aksiyon ve kalbinde romantizm k\u0131r\u0131nt\u0131lar\u0131 olanlar i\u00e7in, g\u00fczel bir a\u015fk hikayesi. G\u00fcn\u00fcm\u00fcz hayat\u0131na uygun s\u00fcr\u00fckleyici ve heyecan dolu olaylar\u0131yla okurken s\u00fcrprizlerle kar\u015f\u0131la\u015faca\u011f\u0131n\u0131z m\u00fckemmel bir kitaba ba\u015flamaya haz\u0131r m\u0131s\u0131n\u0131z ? &#8220;Haz\u0131r\u0131m&#8221; dedi\u011finizi duyabiliyorum:) Bu kitapta en sevdi\u011finiz diziyi izlermi\u015f gibi, elinizden b\u0131rakt\u0131\u011f\u0131n\u0131z anda, tekrar kitab\u0131 alaca\u011f\u0131n\u0131z zaman\u0131 bekleyece\u011finize eminim. Ba\u015fka bir kitapta bulu\u015fmak dile\u011fiyle, sizlere keyifli dakikalar ve hayat\u0131n\u0131zda \u015fans diliyorum.<\/p>\n","protected":false},"excerpt":{"rendered":"<p>Kendime s\u00d6yledi\u011fim bir s\u00d6z var. &#8220;Bir \u015feyi \u00e7ok istemek \u00d6nlemdir, fakat daha \u00d6nemlisi o i\u015fi ba\u015farmak i\u00e7in gereken \u00e7abad\u0131r.&#8221; Bu kitaptaki gibi! Bilgi ve \u00e7abayla ger\u00e7ek<span class=\"excerpt-hellip\"> [\u2026]<\/span><\/p>\n","protected":false},"featured_media":0,"template":"","meta":{"_monsterinsights_skip_tracking":false,"_monsterinsights_sitenote_active":false,"_monsterinsights_sitenote_note":"","_monsterinsights_sitenote_category":0},"product_brand":[],"product_cat":[12291],"product_tag":[],"class_list":{"0":"post-739968","1":"product","2":"type-product","3":"status-publish","5":"product_cat-edebiyat","6":"pa_cilt-ciltsiz","7":"pa_tur-kitap","8":"pa_yayinevi-platanus-publishing","9":"pa_yazar-firat-akbalik","11":"first","12":"instock","13":"sale","14":"shipping-taxable","15":"purchasable","16":"product-type-simple"},"_links":{"self":[{"href":"https:\/\/roveyayinevi.com.tr\/index.php\/wp-json\/wp\/v2\/product\/739968","targetHints":{"allow":["GET"]}}],"collection":[{"href":"https:\/\/roveyayinevi.com.tr\/index.php\/wp-json\/wp\/v2\/product"}],"about":[{"href":"https:\/\/roveyayinevi.com.tr\/index.php\/wp-json\/wp\/v2\/types\/product"}],"wp:attachment":[{"href":"https:\/\/roveyayinevi.com.tr\/index.php\/wp-json\/wp\/v2\/media?parent=739968"}],"wp:term":[{"taxonomy":"product_brand","embeddable":true,"href":"https:\/\/roveyayinevi.com.tr\/index.php\/wp-json\/wp\/v2\/product_brand?post=739968"},{"taxonomy":"product_cat","embeddable":true,"href":"https:\/\/roveyayinevi.com.tr\/index.php\/wp-json\/wp\/v2\/product_cat?post=739968"},{"taxonomy":"product_tag","embeddable":true,"href":"https:\/\/roveyayinevi.com.tr\/index.php\/wp-json\/wp\/v2\/product_tag?post=739968"}],"curies":[{"name":"wp","href":"https:\/\/api.w.org\/{rel}","templated":true}]}}