{"id":739967,"date":"2025-08-28T00:18:16","date_gmt":"2025-08-27T21:18:16","guid":{"rendered":"https:\/\/roveyayinevi.com.tr\/index.php\/urun\/beklenen-yarinlara-sizan-umutlar\/"},"modified":"2026-04-12T02:55:35","modified_gmt":"2026-04-11T23:55:35","slug":"beklenen-yarinlara-sizan-umutlar","status":"publish","type":"product","link":"https:\/\/roveyayinevi.com.tr\/index.php\/urun\/beklenen-yarinlara-sizan-umutlar\/","title":{"rendered":"Beklenen Yar\u0131nlara S\u0131zan Umutlar"},"content":{"rendered":"<p>Engelin mutlak bir tan\u0131m\u0131n\u0131 yapabilir miydik? Bana sorarsan\u0131z; engel demek, hayatta kar\u015f\u0131la\u015ft\u0131\u011f\u0131m\u0131z her t\u00fcrl\u00fc g\u00fc\u00e7l\u00fc\u011fe kar\u015f\u0131 g\u00d6\u011f\u00fcs germektir, derim. Ben Yasemin. Serebral Palsi hastas\u0131y\u0131m. K\u00fc\u00e7\u00fckken hep insanlar\u0131n bana kar\u015f\u0131 olan tutumlar\u0131n\u0131 g\u00d6zlemlerdim. Bana bakarken, benimle konu\u015furken, bana bir \u015feyler anlat\u0131rken&#8230; Sonra beni ben yapan farkl\u0131l\u0131klar\u0131 d\u00fc\u015f\u00fcn\u00fcrd\u00fcm. Sadece bir tekerlekli sandalye miydi beni ben yapan \u015fey? \u0130nsanlar bana bakarken ne g\u00d6r\u00fcyordu? Y\u00fcr\u00fcmek nas\u0131l bir \u015feydi mesela? Biz engelliler bir \u015feyleri hep di\u015fimizi t\u0131rna\u011f\u0131m\u0131za takarak elde ederiz. \u00e7\u00fcnk\u00fc biliriz ki, g\u00fczel \u015feyler kolay yoldan elde edilmez. Bir \u015feylere ula\u015fmak, elde etmek ve imkans\u0131zl\u0131\u011f\u0131 imkana \u00e7evirmek i\u00e7in sava\u015fmak gerekiyorsa, biz bunun en iyi \u00d6rne\u011fiyiz. \u0130\u015fte bu kitapta size bunlar\u0131 anlat\u0131rken ayn\u0131 zamanda siz okurlar\u0131ma biraz olsun fark\u0131ndal\u0131k sa\u011flamay\u0131 ama\u00e7lad\u0131m. Ya\u015fad\u0131klar\u0131m\u0131z\u0131 bolca d\u00fc\u015f\u00fcnmeniz dile\u011fiylehellip;<\/p>\n","protected":false},"excerpt":{"rendered":"<p>Engelin mutlak bir tan\u0131m\u0131n\u0131 yapabilir miydik? Bana sorarsan\u0131z; engel demek, hayatta kar\u015f\u0131la\u015ft\u0131\u011f\u0131m\u0131z her t\u00fcrl\u00fc g\u00fc\u00e7l\u00fc\u011fe kar\u015f\u0131 g\u00d6\u011f\u00fcs germektir, derim. Ben Yasemin. Serebral Palsi hastas\u0131y\u0131m. K\u00fc\u00e7\u00fckken hep<span class=\"excerpt-hellip\"> [\u2026]<\/span><\/p>\n","protected":false},"featured_media":0,"template":"","meta":{"_monsterinsights_skip_tracking":false,"_monsterinsights_sitenote_active":false,"_monsterinsights_sitenote_note":"","_monsterinsights_sitenote_category":0},"product_brand":[],"product_cat":[12291],"product_tag":[],"class_list":{"0":"post-739967","1":"product","2":"type-product","3":"status-publish","5":"product_cat-edebiyat","6":"pa_cilt-ciltsiz","7":"pa_tur-kitap","8":"pa_yayinevi-platanus-publishing","9":"pa_yazar-fatma-nur-turkhan","11":"first","12":"instock","13":"sale","14":"shipping-taxable","15":"purchasable","16":"product-type-simple"},"_links":{"self":[{"href":"https:\/\/roveyayinevi.com.tr\/index.php\/wp-json\/wp\/v2\/product\/739967","targetHints":{"allow":["GET"]}}],"collection":[{"href":"https:\/\/roveyayinevi.com.tr\/index.php\/wp-json\/wp\/v2\/product"}],"about":[{"href":"https:\/\/roveyayinevi.com.tr\/index.php\/wp-json\/wp\/v2\/types\/product"}],"wp:attachment":[{"href":"https:\/\/roveyayinevi.com.tr\/index.php\/wp-json\/wp\/v2\/media?parent=739967"}],"wp:term":[{"taxonomy":"product_brand","embeddable":true,"href":"https:\/\/roveyayinevi.com.tr\/index.php\/wp-json\/wp\/v2\/product_brand?post=739967"},{"taxonomy":"product_cat","embeddable":true,"href":"https:\/\/roveyayinevi.com.tr\/index.php\/wp-json\/wp\/v2\/product_cat?post=739967"},{"taxonomy":"product_tag","embeddable":true,"href":"https:\/\/roveyayinevi.com.tr\/index.php\/wp-json\/wp\/v2\/product_tag?post=739967"}],"curies":[{"name":"wp","href":"https:\/\/api.w.org\/{rel}","templated":true}]}}