{"id":739966,"date":"2025-08-28T00:18:15","date_gmt":"2025-08-27T21:18:15","guid":{"rendered":"https:\/\/roveyayinevi.com.tr\/index.php\/urun\/bitmez-bu-ask\/"},"modified":"2026-04-16T02:50:38","modified_gmt":"2026-04-15T23:50:38","slug":"bitmez-bu-ask","status":"publish","type":"product","link":"https:\/\/roveyayinevi.com.tr\/index.php\/urun\/bitmez-bu-ask\/","title":{"rendered":"Bitmez Bu A\u015fk"},"content":{"rendered":"<p>G\u00fcnindi ak\u015fam olacak Sevdalar a\u015fks\u0131z m\u0131 olacak G\u00d6n\u00fcller p\u00fcr ne\u015fe olsun Ate\u015f t\u00fcter bitmez bu a\u015fkHer k\u00d6\u015fede bir g\u00fczel L\u00fcle sa\u00e7lar\u0131 tel tel G\u00fczeller i\u00e7inde g\u00fczel G\u00d6n\u00fcl d\u00fc\u015ft\u00fc bitmez bu a\u015fkSelam g\u00d6ndermi\u015f yarim Hata ettim affet diye Sensiz bu eller virane Hasret t\u00fcter bitmez bu a\u015fkNe eylersin ne gelirsin Sevdi\u011fine ne e\u011flersin G\u00d6n\u00fcl kap\u0131 sevgi bu a\u015fk Dram biter s\u00d6nmez bu a\u015fk<\/p>\n","protected":false},"excerpt":{"rendered":"<p>G\u00fcnindi ak\u015fam olacak Sevdalar a\u015fks\u0131z m\u0131 olacak G\u00d6n\u00fcller p\u00fcr ne\u015fe olsun Ate\u015f t\u00fcter bitmez bu a\u015fkHer k\u00d6\u015fede bir g\u00fczel L\u00fcle sa\u00e7lar\u0131 tel tel G\u00fczeller i\u00e7inde g\u00fczel<span class=\"excerpt-hellip\"> [\u2026]<\/span><\/p>\n","protected":false},"featured_media":0,"template":"","meta":{"_monsterinsights_skip_tracking":false,"_monsterinsights_sitenote_active":false,"_monsterinsights_sitenote_note":"","_monsterinsights_sitenote_category":0},"product_brand":[],"product_cat":[12291],"product_tag":[],"class_list":{"0":"post-739966","1":"product","2":"type-product","3":"status-publish","5":"product_cat-edebiyat","6":"pa_cilt-ciltsiz","7":"pa_tur-kitap","8":"pa_yayinevi-platanus-publishing","9":"pa_yazar-ahmet-demir","11":"first","12":"instock","13":"sale","14":"shipping-taxable","15":"purchasable","16":"product-type-simple"},"_links":{"self":[{"href":"https:\/\/roveyayinevi.com.tr\/index.php\/wp-json\/wp\/v2\/product\/739966","targetHints":{"allow":["GET"]}}],"collection":[{"href":"https:\/\/roveyayinevi.com.tr\/index.php\/wp-json\/wp\/v2\/product"}],"about":[{"href":"https:\/\/roveyayinevi.com.tr\/index.php\/wp-json\/wp\/v2\/types\/product"}],"wp:attachment":[{"href":"https:\/\/roveyayinevi.com.tr\/index.php\/wp-json\/wp\/v2\/media?parent=739966"}],"wp:term":[{"taxonomy":"product_brand","embeddable":true,"href":"https:\/\/roveyayinevi.com.tr\/index.php\/wp-json\/wp\/v2\/product_brand?post=739966"},{"taxonomy":"product_cat","embeddable":true,"href":"https:\/\/roveyayinevi.com.tr\/index.php\/wp-json\/wp\/v2\/product_cat?post=739966"},{"taxonomy":"product_tag","embeddable":true,"href":"https:\/\/roveyayinevi.com.tr\/index.php\/wp-json\/wp\/v2\/product_tag?post=739966"}],"curies":[{"name":"wp","href":"https:\/\/api.w.org\/{rel}","templated":true}]}}