{"id":739962,"date":"2025-08-28T00:18:09","date_gmt":"2025-08-27T21:18:09","guid":{"rendered":"https:\/\/roveyayinevi.com.tr\/index.php\/urun\/bir-gurbetcinin-kaleminden-almanlar\/"},"modified":"2026-04-16T02:50:38","modified_gmt":"2026-04-15T23:50:38","slug":"bir-gurbetcinin-kaleminden-almanlar","status":"publish","type":"product","link":"https:\/\/roveyayinevi.com.tr\/index.php\/urun\/bir-gurbetcinin-kaleminden-almanlar\/","title":{"rendered":"Bir Gurbet\u00e7inin Kaleminden Almanlar"},"content":{"rendered":"<p>Bu kitap, k\u00fcllerinden yeniden do\u011fan bir milletin dramatik \u00d6yk\u00fcs\u00fcn\u00fc anlat\u0131rhellip; Asl\u0131nda bir anlamda da d\u00fcnya ve insanl\u0131k tarihinin karanl\u0131k kuytular\u0131na \u0131\u015f\u0131k tutar. Asimetrik olarak genelden \u00d6zele, devletlere ve milletlere, olaylara ve sava\u015flara farkl\u0131 bak\u0131\u015f a\u00e7\u0131lar\u0131 sunar. Otuz y\u0131ll\u0131k ara\u015ft\u0131rma, inceleme ve g\u00d6zlem sonucu ortaya \u00e7\u0131kan bu kitap, Almanlar\u0131n bug\u00fcnk\u00fc ba\u015far\u0131 s\u0131rlar\u0131n\u0131n da if\u015fas\u0131d\u0131r! Kitapta ayr\u0131ca, Alman tarihinin perspektifinde, insana dair her \u015feyi t\u00fcm boyutlar\u0131yla g\u00d6rebilmek olas\u0131d\u0131r.Din ve \u0131rk\u00e7\u0131l\u0131k ad\u0131na yap\u0131lan sava\u015flar, ki\u015fisel \u00e7\u0131kar ve h\u0131rslar ile herhangi bir ama\u00e7 u\u011fruna insan\u0131n insana uygulad\u0131\u011f\u0131 ak\u0131l almaz i\u015fkencelerhellip; \u0130\u015fte t\u00fcm bunlar, Anka Ku\u015funun yeniden do\u011fu\u015funa, Almanyan\u0131n kendi k\u00fcllerinden kurulu\u015funa zemin haz\u0131rlad\u0131. Alman tarihi de \u00e7arp\u0131c\u0131 detaylarla g\u00d6zler \u00d6n\u00fcne serildi. Bir \u00fclkenin kurulu\u015f kronolojisini belki de ilk kez bu denli a\u00e7\u0131k olarak izleyebileceksiniz bu kitapta! Y\u00fczy\u0131llar boyunca bir ulus devlet olabilmek i\u00e7in b\u00fcy\u00fck m\u00fccadele veren Almanlar\u0131n bug\u00fcnk\u00fc ba\u015far\u0131s\u0131n\u0131n ard\u0131ndaki ger\u00e7ek nedenler, hi\u00e7 b\u00d6ylesine detayl\u0131 ara\u015ft\u0131r\u0131lmam\u0131\u015f ve \u00e7arp\u0131c\u0131 ifadelerle g\u00d6zler \u00d6n\u00fcne serilmemi\u015fti. Ahmet Oktan, Almanlar hakk\u0131ndaki otuz y\u0131ll\u0131k ara\u015ft\u0131rmas\u0131n\u0131n \u00d6zetini bu kitapta okuyucular\u0131na sunuyor.K\u00d6kl\u00fc bir ge\u00e7mi\u015fe sahip olmalar\u0131na ra\u011fmen, y\u00fczy\u0131llar boyunca bir lsquo;ulus devlet g\u00fcc\u00fcne ula\u015famayan ve uzun y\u0131llar Orta Avrupada bunun m\u00fccadelesini veren Almanlar, sonunda lsquo;b\u00fcy\u00fck devlet kurmay\u0131 nas\u0131l ba\u015fard\u0131lar? Almanlar ile T\u00fcrklerin ortak y\u00d6nleri var m\u0131 ve bu iki devlet hangi durumlarda i\u015fbirli\u011fi yapt\u0131? Almanya bug\u00fcnk\u00fc g\u00fcc\u00fcn\u00fc ve ba\u015far\u0131s\u0131n\u0131 hangi \u00d6zelliklerine bor\u00e7ludur? Alman \u00fcr\u00fcnlerindeki kalitenin s\u0131rlar\u0131 nelerdir? Sava\u015ftan bar\u0131\u015fa, bir milletin yeniden do\u011fu\u015funun \u00d6yk\u00fcs\u00fcnde kendinizi de g\u00d6rebileceksiniz!<\/p>\n","protected":false},"excerpt":{"rendered":"<p>Bu kitap, k\u00fcllerinden yeniden do\u011fan bir milletin dramatik \u00d6yk\u00fcs\u00fcn\u00fc anlat\u0131rhellip; Asl\u0131nda bir anlamda da d\u00fcnya ve insanl\u0131k tarihinin karanl\u0131k kuytular\u0131na \u0131\u015f\u0131k tutar. Asimetrik olarak genelden \u00d6zele,<span class=\"excerpt-hellip\"> [\u2026]<\/span><\/p>\n","protected":false},"featured_media":0,"template":"","meta":{"_monsterinsights_skip_tracking":false,"_monsterinsights_sitenote_active":false,"_monsterinsights_sitenote_note":"","_monsterinsights_sitenote_category":0},"product_brand":[],"product_cat":[12291],"product_tag":[],"class_list":{"0":"post-739962","1":"product","2":"type-product","3":"status-publish","5":"product_cat-edebiyat","6":"pa_cilt-ciltsiz","7":"pa_tur-kitap","8":"pa_yayinevi-platanus-publishing","9":"pa_yazar-ahmet-okan","11":"first","12":"instock","13":"sale","14":"shipping-taxable","15":"purchasable","16":"product-type-simple"},"_links":{"self":[{"href":"https:\/\/roveyayinevi.com.tr\/index.php\/wp-json\/wp\/v2\/product\/739962","targetHints":{"allow":["GET"]}}],"collection":[{"href":"https:\/\/roveyayinevi.com.tr\/index.php\/wp-json\/wp\/v2\/product"}],"about":[{"href":"https:\/\/roveyayinevi.com.tr\/index.php\/wp-json\/wp\/v2\/types\/product"}],"wp:attachment":[{"href":"https:\/\/roveyayinevi.com.tr\/index.php\/wp-json\/wp\/v2\/media?parent=739962"}],"wp:term":[{"taxonomy":"product_brand","embeddable":true,"href":"https:\/\/roveyayinevi.com.tr\/index.php\/wp-json\/wp\/v2\/product_brand?post=739962"},{"taxonomy":"product_cat","embeddable":true,"href":"https:\/\/roveyayinevi.com.tr\/index.php\/wp-json\/wp\/v2\/product_cat?post=739962"},{"taxonomy":"product_tag","embeddable":true,"href":"https:\/\/roveyayinevi.com.tr\/index.php\/wp-json\/wp\/v2\/product_tag?post=739962"}],"curies":[{"name":"wp","href":"https:\/\/api.w.org\/{rel}","templated":true}]}}