{"id":739955,"date":"2025-08-28T00:18:00","date_gmt":"2025-08-27T21:18:00","guid":{"rendered":"https:\/\/roveyayinevi.com.tr\/index.php\/urun\/cikis\/"},"modified":"2026-04-16T02:50:38","modified_gmt":"2026-04-15T23:50:38","slug":"cikis","status":"publish","type":"product","link":"https:\/\/roveyayinevi.com.tr\/index.php\/urun\/cikis\/","title":{"rendered":"\u00c7\u0131k\u0131\u015f"},"content":{"rendered":"<p>Hi\u00e7bir \u015fey d\u00fc\u015f\u00fcnmedim bu Pazar.. Hi\u00e7bir \u015fey yazmad\u0131m da.. Ne bir \u015fiir, Ne de suya iki sat\u0131r.. Hi\u00e7bir \u015fey dinlemedim.. Bir iki ya\u015fl\u0131n\u0131n evveli d\u0131\u015f\u0131nda.. Hi\u00e7bir \u015fey anlatmad\u0131m, Bir masal bile.. Ve dahi; Hi\u00e7bir \u015fey konu\u015fmad\u0131m bu Pazar.. Herkes her yerde, Herkese kar\u015f\u0131, Her \u015feyi konu\u015fuyor.. L\u00fczumlu, l\u00fczumsuz her ses var zaten! Ben konu\u015fmasam da olurdu bu Pazar.. Hatta ben bu Pazar sevmedim de.. Herkes, herkesi seviyor zaten! Ben sevmesem de olurdu..<\/p>\n","protected":false},"excerpt":{"rendered":"<p>Hi\u00e7bir \u015fey d\u00fc\u015f\u00fcnmedim bu Pazar.. Hi\u00e7bir \u015fey yazmad\u0131m da.. Ne bir \u015fiir, Ne de suya iki sat\u0131r.. Hi\u00e7bir \u015fey dinlemedim.. Bir iki ya\u015fl\u0131n\u0131n evveli d\u0131\u015f\u0131nda.. Hi\u00e7bir<span class=\"excerpt-hellip\"> [\u2026]<\/span><\/p>\n","protected":false},"featured_media":0,"template":"","meta":{"_monsterinsights_skip_tracking":false,"_monsterinsights_sitenote_active":false,"_monsterinsights_sitenote_note":"","_monsterinsights_sitenote_category":0},"product_brand":[],"product_cat":[12291],"product_tag":[],"class_list":{"0":"post-739955","1":"product","2":"type-product","3":"status-publish","5":"product_cat-edebiyat","6":"pa_cilt-ciltsiz","7":"pa_tur-kitap","8":"pa_yayinevi-platanus-publishing","9":"pa_yazar-huseyin-atilgan","11":"first","12":"instock","13":"sale","14":"shipping-taxable","15":"purchasable","16":"product-type-simple"},"_links":{"self":[{"href":"https:\/\/roveyayinevi.com.tr\/index.php\/wp-json\/wp\/v2\/product\/739955","targetHints":{"allow":["GET"]}}],"collection":[{"href":"https:\/\/roveyayinevi.com.tr\/index.php\/wp-json\/wp\/v2\/product"}],"about":[{"href":"https:\/\/roveyayinevi.com.tr\/index.php\/wp-json\/wp\/v2\/types\/product"}],"wp:attachment":[{"href":"https:\/\/roveyayinevi.com.tr\/index.php\/wp-json\/wp\/v2\/media?parent=739955"}],"wp:term":[{"taxonomy":"product_brand","embeddable":true,"href":"https:\/\/roveyayinevi.com.tr\/index.php\/wp-json\/wp\/v2\/product_brand?post=739955"},{"taxonomy":"product_cat","embeddable":true,"href":"https:\/\/roveyayinevi.com.tr\/index.php\/wp-json\/wp\/v2\/product_cat?post=739955"},{"taxonomy":"product_tag","embeddable":true,"href":"https:\/\/roveyayinevi.com.tr\/index.php\/wp-json\/wp\/v2\/product_tag?post=739955"}],"curies":[{"name":"wp","href":"https:\/\/api.w.org\/{rel}","templated":true}]}}