{"id":739950,"date":"2025-08-28T00:17:54","date_gmt":"2025-08-27T21:17:54","guid":{"rendered":"https:\/\/roveyayinevi.com.tr\/index.php\/urun\/kuran-bana-ne-diyor\/"},"modified":"2026-03-19T02:54:18","modified_gmt":"2026-03-18T23:54:18","slug":"kuran-bana-ne-diyor","status":"publish","type":"product","link":"https:\/\/roveyayinevi.com.tr\/index.php\/urun\/kuran-bana-ne-diyor\/","title":{"rendered":"Kuran Bana Ne Diyor?"},"content":{"rendered":"<p>Allah &#8216;tan gelen mesaj\u0131 en iyi \u015fekilde anlamak i\u00e7in ne zaman ve hangi olaylar sonras\u0131nda indi\u011fini bilmek gerekir, bu ama\u00e7la t\u00fcm sureleri ana hatlar\u0131 k\u0131sa ve \u00d6z olarak en belirgin ayetleri ile tan\u0131tma gayesi g\u00fcd\u00fclm\u00fc\u015ft\u00fcr. Bu sayede b\u00fct\u00fcnc\u00fcl bir bak\u0131\u015f a\u00e7\u0131s\u0131 ile sureleri kavramak ve haf\u0131zaya kolay almak hedeflenmi\u015ftir. Okuduk\u00e7a \u00d6zellikle gen\u00e7lerin kafas\u0131n\u0131 kar\u0131\u015ft\u0131ran sorular\u0131n (deistlik, ateistlik vb.)cevab\u0131n\u0131n Kur&#8217;an da oldu\u011funun fark\u0131na varacaklard\u0131r. Sosyal hayatta fert ve toplum i\u00e7in gerekli olan d\u00fczen Kur&#8217;an da vard\u0131r. Kur&#8217;an bizim kullanma k\u0131lavuzumuzdur. Bu kurallara uyulmazsa zul\u00fcm ve bask\u0131 galip gelir. Tam da bu a\u015famada Ahirete iman\u0131n \u00d6nemi ortaya \u00e7\u0131k\u0131yor. Ahiret d\u00fcnya hayat\u0131na anlam kazand\u0131ran bir inan\u00e7 prensibidir. Zalimlerin yapt\u0131\u011f\u0131n\u0131n kar\u015f\u0131l\u0131ks\u0131z kalmayaca\u011f\u0131 hem bu d\u00fcnya da hem de ahirette cezas\u0131n\u0131n olaca\u011f\u0131 ve zerre haks\u0131zl\u0131\u011fa u\u011framayaca\u011f\u0131n\u0131 bilmek, akl\u0131n\u0131 kullananlar i\u00e7in s\u0131n\u0131rlar\u0131 \u00e7izmeyi, motivasyonu ve teselliyi sa\u011flar. Bu \u015fuurla peygamberimizi \u00d6rnek edinerek yol alanlar kurtulu\u015fa ereceklerdir. Unutmayal\u0131m ki hi\u00e7bir tefsir ve meal Kuran\u0131 tam olarak kapsamaz. Kusurlu bir varl\u0131\u011f\u0131n \u00fcr\u00fcn\u00fc kusursuz olamaz. Yorumda ki kusurun faturas\u0131 vahye \u00e7\u0131kar\u0131lamaz. \u015eu bir ger\u00e7ek ki lsquo;D\u00fcnyan\u0131n t\u00fcm a\u011fa\u00e7lar\u0131 kalem, t\u00fcm denizleri de m\u00fcrekkep olsa Allah\u0131n vahyinin anlam\u0131 bitmez (lokman 27) Bu \u00e7al\u0131\u015fma Mukayeseli inceleyip analiz etti\u011fim tefsir ve meallerin yazarlar\u0131na da Salih amel olarak geri d\u00d6nmesi duas\u0131 ile&#8230;. Bu eser \u00d6zellikle \u0130.H.L, Tefsir dersleri ve \u00e7e\u015fitli s\u0131navlarda kaynak eser olmas\u0131 dile\u011fiyle&#8230;<\/p>\n","protected":false},"excerpt":{"rendered":"<p>Allah &#8216;tan gelen mesaj\u0131 en iyi \u015fekilde anlamak i\u00e7in ne zaman ve hangi olaylar sonras\u0131nda indi\u011fini bilmek gerekir, bu ama\u00e7la t\u00fcm sureleri ana hatlar\u0131 k\u0131sa ve<span class=\"excerpt-hellip\"> [\u2026]<\/span><\/p>\n","protected":false},"featured_media":0,"template":"","meta":{"_monsterinsights_skip_tracking":false,"_monsterinsights_sitenote_active":false,"_monsterinsights_sitenote_note":"","_monsterinsights_sitenote_category":0},"product_brand":[],"product_cat":[12718],"product_tag":[],"class_list":{"0":"post-739950","1":"product","2":"type-product","3":"status-publish","5":"product_cat-din","6":"pa_cilt-ciltsiz","7":"pa_tur-kitap","8":"pa_yayinevi-platanus-publishing","9":"pa_yazar-fatma-tuba-ulusoy","11":"first","12":"instock","13":"sale","14":"shipping-taxable","15":"purchasable","16":"product-type-simple"},"_links":{"self":[{"href":"https:\/\/roveyayinevi.com.tr\/index.php\/wp-json\/wp\/v2\/product\/739950","targetHints":{"allow":["GET"]}}],"collection":[{"href":"https:\/\/roveyayinevi.com.tr\/index.php\/wp-json\/wp\/v2\/product"}],"about":[{"href":"https:\/\/roveyayinevi.com.tr\/index.php\/wp-json\/wp\/v2\/types\/product"}],"wp:attachment":[{"href":"https:\/\/roveyayinevi.com.tr\/index.php\/wp-json\/wp\/v2\/media?parent=739950"}],"wp:term":[{"taxonomy":"product_brand","embeddable":true,"href":"https:\/\/roveyayinevi.com.tr\/index.php\/wp-json\/wp\/v2\/product_brand?post=739950"},{"taxonomy":"product_cat","embeddable":true,"href":"https:\/\/roveyayinevi.com.tr\/index.php\/wp-json\/wp\/v2\/product_cat?post=739950"},{"taxonomy":"product_tag","embeddable":true,"href":"https:\/\/roveyayinevi.com.tr\/index.php\/wp-json\/wp\/v2\/product_tag?post=739950"}],"curies":[{"name":"wp","href":"https:\/\/api.w.org\/{rel}","templated":true}]}}