{"id":739939,"date":"2025-08-28T00:17:41","date_gmt":"2025-08-27T21:17:41","guid":{"rendered":"https:\/\/roveyayinevi.com.tr\/index.php\/urun\/demir-attim-yalnizliga\/"},"modified":"2026-04-16T02:50:37","modified_gmt":"2026-04-15T23:50:37","slug":"demir-attim-yalnizliga","status":"publish","type":"product","link":"https:\/\/roveyayinevi.com.tr\/index.php\/urun\/demir-attim-yalnizliga\/","title":{"rendered":"Demir Att\u0131m Yaln\u0131zl\u0131\u011fa"},"content":{"rendered":"<p>Yazmak, gelece\u011fe kalma ad\u0131na belle\u011fi s\u00d6ze d\u00d6n\u00fc\u015ft\u00fcrme sanat\u0131d\u0131r. \u00d6yle bir sanat ki s\u00d6zc\u00fcklere ip atlatman\u0131z, onlar\u0131n \u00e7a\u011fr\u0131\u015f\u0131m de\u011ferlerinden ustaca yararlanman\u0131z gerekmektedir. S\u00d6zc\u00fcklerin ses ve anlam de\u011ferlerinden yola \u00e7\u0131karak okuyucuya de\u011fi\u015fik bak\u0131\u015f a\u00e7\u0131lar\u0131 kazand\u0131rmal\u0131, bir yerde okuyucuyu harekete ge\u00e7irmelisiniz. Bazen de okurla eser aras\u0131ndan \u00e7ekilerek s\u00d6z\u00fcn devam\u0131n\u0131 okuyucuya b\u0131rakmak icap etmektedir. Okumak da s\u00d6ylenenlerden hareketle s\u00d6ylenmeyeni ke\u015ffetme sanat\u0131d\u0131r. Ancak bu ke\u015ffin s\u0131n\u0131r\u0131 yoktur \u00e7\u00fcnk\u00fc okur kadar ke\u015fif vard\u0131r. Murat Aybirdi<\/p>\n","protected":false},"excerpt":{"rendered":"<p>Yazmak, gelece\u011fe kalma ad\u0131na belle\u011fi s\u00d6ze d\u00d6n\u00fc\u015ft\u00fcrme sanat\u0131d\u0131r. \u00d6yle bir sanat ki s\u00d6zc\u00fcklere ip atlatman\u0131z, onlar\u0131n \u00e7a\u011fr\u0131\u015f\u0131m de\u011ferlerinden ustaca yararlanman\u0131z gerekmektedir. S\u00d6zc\u00fcklerin ses ve anlam de\u011ferlerinden<span class=\"excerpt-hellip\"> [\u2026]<\/span><\/p>\n","protected":false},"featured_media":0,"template":"","meta":{"_monsterinsights_skip_tracking":false,"_monsterinsights_sitenote_active":false,"_monsterinsights_sitenote_note":"","_monsterinsights_sitenote_category":0},"product_brand":[],"product_cat":[12291],"product_tag":[],"class_list":{"0":"post-739939","1":"product","2":"type-product","3":"status-publish","5":"product_cat-edebiyat","6":"pa_cilt-ciltsiz","7":"pa_tur-kitap","8":"pa_yayinevi-platanus-publishing","9":"pa_yazar-murat-aybirdi","11":"first","12":"instock","13":"sale","14":"shipping-taxable","15":"purchasable","16":"product-type-simple"},"_links":{"self":[{"href":"https:\/\/roveyayinevi.com.tr\/index.php\/wp-json\/wp\/v2\/product\/739939","targetHints":{"allow":["GET"]}}],"collection":[{"href":"https:\/\/roveyayinevi.com.tr\/index.php\/wp-json\/wp\/v2\/product"}],"about":[{"href":"https:\/\/roveyayinevi.com.tr\/index.php\/wp-json\/wp\/v2\/types\/product"}],"wp:attachment":[{"href":"https:\/\/roveyayinevi.com.tr\/index.php\/wp-json\/wp\/v2\/media?parent=739939"}],"wp:term":[{"taxonomy":"product_brand","embeddable":true,"href":"https:\/\/roveyayinevi.com.tr\/index.php\/wp-json\/wp\/v2\/product_brand?post=739939"},{"taxonomy":"product_cat","embeddable":true,"href":"https:\/\/roveyayinevi.com.tr\/index.php\/wp-json\/wp\/v2\/product_cat?post=739939"},{"taxonomy":"product_tag","embeddable":true,"href":"https:\/\/roveyayinevi.com.tr\/index.php\/wp-json\/wp\/v2\/product_tag?post=739939"}],"curies":[{"name":"wp","href":"https:\/\/api.w.org\/{rel}","templated":true}]}}