{"id":739938,"date":"2025-08-28T00:17:40","date_gmt":"2025-08-27T21:17:40","guid":{"rendered":"https:\/\/roveyayinevi.com.tr\/index.php\/urun\/coban-atesi\/"},"modified":"2026-04-16T02:50:37","modified_gmt":"2026-04-15T23:50:37","slug":"coban-atesi","status":"publish","type":"product","link":"https:\/\/roveyayinevi.com.tr\/index.php\/urun\/coban-atesi\/","title":{"rendered":"\u00c7oban Ate\u015fi"},"content":{"rendered":"<p>Baba Tongu\u00e7un \u00e7oban Ate\u015fi karanl\u0131klar\u0131 ayd\u0131nlat\u0131yor, \u0131\u015f\u0131k \u0131\u015f\u0131k, dalga dalga \u00fclkeye yay\u0131l\u0131yordu. K\u00d6y Enstit\u00fclerinden mezun olan gen\u00e7 \u00d6\u011fretmenler, T\u00fcrkiyenin ayd\u0131nl\u0131k gelece\u011fi i\u00e7in, canla ba\u015fla \u00e7al\u0131\u015f\u0131yorlard\u0131. En \u00fccra k\u00d6ylere, ku\u015f u\u00e7maz ndash; kervan ge\u00e7mez k\u00d6\u015felere \u0131\u015f\u0131k olan g\u00d6n\u00fcll\u00fc binlerce \u00d6\u011fretmenden biriydi Emin \u00d6\u011fretmenhellip;Karanl\u0131k Sava\u015f\u00e7\u0131s\u0131rdquo; Emin, Baba Tongu\u00e7un me\u015falesini son nefesine kadar hi\u00e7 elinden d\u00fc\u015f\u00fcrmedi. Yoksulluklar ve yoksunluklar onu asla y\u0131ld\u0131ramad\u0131. Her \u015feye ra\u011fmen, \u00e7oban Ate\u015finin devam etmesi gerekti\u011fini \u0130stanbulda daha iyi anlam\u0131\u015ft\u0131, y\u00fcre\u011fini yakan kor ate\u015flere ald\u0131r\u0131\u015f etmeden.<\/p>\n","protected":false},"excerpt":{"rendered":"<p>Baba Tongu\u00e7un \u00e7oban Ate\u015fi karanl\u0131klar\u0131 ayd\u0131nlat\u0131yor, \u0131\u015f\u0131k \u0131\u015f\u0131k, dalga dalga \u00fclkeye yay\u0131l\u0131yordu. K\u00d6y Enstit\u00fclerinden mezun olan gen\u00e7 \u00d6\u011fretmenler, T\u00fcrkiyenin ayd\u0131nl\u0131k gelece\u011fi i\u00e7in, canla ba\u015fla \u00e7al\u0131\u015f\u0131yorlard\u0131. En<span class=\"excerpt-hellip\"> [\u2026]<\/span><\/p>\n","protected":false},"featured_media":0,"template":"","meta":{"_monsterinsights_skip_tracking":false,"_monsterinsights_sitenote_active":false,"_monsterinsights_sitenote_note":"","_monsterinsights_sitenote_category":0},"product_brand":[],"product_cat":[12291],"product_tag":[],"class_list":{"0":"post-739938","1":"product","2":"type-product","3":"status-publish","5":"product_cat-edebiyat","6":"pa_cilt-ciltsiz","7":"pa_tur-kitap","8":"pa_yayinevi-platanus-publishing","9":"pa_yazar-ayse-karaosman","11":"first","12":"instock","13":"sale","14":"shipping-taxable","15":"purchasable","16":"product-type-simple"},"_links":{"self":[{"href":"https:\/\/roveyayinevi.com.tr\/index.php\/wp-json\/wp\/v2\/product\/739938","targetHints":{"allow":["GET"]}}],"collection":[{"href":"https:\/\/roveyayinevi.com.tr\/index.php\/wp-json\/wp\/v2\/product"}],"about":[{"href":"https:\/\/roveyayinevi.com.tr\/index.php\/wp-json\/wp\/v2\/types\/product"}],"wp:attachment":[{"href":"https:\/\/roveyayinevi.com.tr\/index.php\/wp-json\/wp\/v2\/media?parent=739938"}],"wp:term":[{"taxonomy":"product_brand","embeddable":true,"href":"https:\/\/roveyayinevi.com.tr\/index.php\/wp-json\/wp\/v2\/product_brand?post=739938"},{"taxonomy":"product_cat","embeddable":true,"href":"https:\/\/roveyayinevi.com.tr\/index.php\/wp-json\/wp\/v2\/product_cat?post=739938"},{"taxonomy":"product_tag","embeddable":true,"href":"https:\/\/roveyayinevi.com.tr\/index.php\/wp-json\/wp\/v2\/product_tag?post=739938"}],"curies":[{"name":"wp","href":"https:\/\/api.w.org\/{rel}","templated":true}]}}