{"id":739924,"date":"2025-08-28T00:17:29","date_gmt":"2025-08-27T21:17:29","guid":{"rendered":"https:\/\/roveyayinevi.com.tr\/index.php\/urun\/macbeth-6\/"},"modified":"2026-04-16T02:50:36","modified_gmt":"2026-04-15T23:50:36","slug":"macbeth-6","status":"publish","type":"product","link":"https:\/\/roveyayinevi.com.tr\/index.php\/urun\/macbeth-6\/","title":{"rendered":"Macbeth"},"content":{"rendered":"<p>Acti Scene I. An open Place. Thunder and Lightning. Enter three Witches. F\u0131rst W\u0131tch. When shall we three meet again? In thunder, lightning, or in rain? Second W\u0131tch. When the hurlyburlys done, When the battles lost and won. Th\u0131rd W\u0131tch. That will be ere the set of sun. F\u0131rst W\u0131tch. Where the place? Second W\u0131tch. Upon the heath.<\/p>\n","protected":false},"excerpt":{"rendered":"<p>Acti Scene I. An open Place. Thunder and Lightning. Enter three Witches. F\u0131rst W\u0131tch. When shall we three meet again? In thunder, lightning, or in rain?<span class=\"excerpt-hellip\"> [\u2026]<\/span><\/p>\n","protected":false},"featured_media":0,"template":"","meta":{"_monsterinsights_skip_tracking":false,"_monsterinsights_sitenote_active":false,"_monsterinsights_sitenote_note":"","_monsterinsights_sitenote_category":0},"product_brand":[],"product_cat":[12472],"product_tag":[],"class_list":{"0":"post-739924","1":"product","2":"type-product","3":"status-publish","5":"product_cat-yabanci-dilde-kitaplar","6":"pa_cilt-ciltsiz","7":"pa_tur-kitap","8":"pa_yayinevi-platanus-publishing","9":"pa_yazar-william-shakespeare","11":"first","12":"instock","13":"sale","14":"shipping-taxable","15":"purchasable","16":"product-type-simple"},"_links":{"self":[{"href":"https:\/\/roveyayinevi.com.tr\/index.php\/wp-json\/wp\/v2\/product\/739924","targetHints":{"allow":["GET"]}}],"collection":[{"href":"https:\/\/roveyayinevi.com.tr\/index.php\/wp-json\/wp\/v2\/product"}],"about":[{"href":"https:\/\/roveyayinevi.com.tr\/index.php\/wp-json\/wp\/v2\/types\/product"}],"wp:attachment":[{"href":"https:\/\/roveyayinevi.com.tr\/index.php\/wp-json\/wp\/v2\/media?parent=739924"}],"wp:term":[{"taxonomy":"product_brand","embeddable":true,"href":"https:\/\/roveyayinevi.com.tr\/index.php\/wp-json\/wp\/v2\/product_brand?post=739924"},{"taxonomy":"product_cat","embeddable":true,"href":"https:\/\/roveyayinevi.com.tr\/index.php\/wp-json\/wp\/v2\/product_cat?post=739924"},{"taxonomy":"product_tag","embeddable":true,"href":"https:\/\/roveyayinevi.com.tr\/index.php\/wp-json\/wp\/v2\/product_tag?post=739924"}],"curies":[{"name":"wp","href":"https:\/\/api.w.org\/{rel}","templated":true}]}}