{"id":739905,"date":"2025-08-28T00:17:13","date_gmt":"2025-08-27T21:17:13","guid":{"rendered":"https:\/\/roveyayinevi.com.tr\/index.php\/urun\/orta-asya-turk-cumhuriyetlerinin-bagimsizliklarini-kazanmalarinin-milliyet-ve-tercuman-gazetelerine\/"},"modified":"2026-04-16T02:50:35","modified_gmt":"2026-04-15T23:50:35","slug":"orta-asya-turk-cumhuriyetlerinin-bagimsizliklarini-kazanmalarinin-milliyet-ve-tercuman-gazetelerine","status":"publish","type":"product","link":"https:\/\/roveyayinevi.com.tr\/index.php\/urun\/orta-asya-turk-cumhuriyetlerinin-bagimsizliklarini-kazanmalarinin-milliyet-ve-tercuman-gazetelerine\/","title":{"rendered":"Orta Asya T\u00fcrk Cumhuriyetleri&#8217;nin Ba\u011f\u0131ms\u0131zl\u0131klar\u0131n\u0131 Kazanmalar\u0131n\u0131n Milliyet ve Terc\u00fcman Gazetelerine"},"content":{"rendered":"<p>Sovyetler Birli\u011fi&#8217;nin kendini tasfiye etmesi suretiyle Orta Asya T\u00fcrk Cumhuriyetleri de birer birer h\u00fcrriyetlerine kavu\u015ftular.Bu \u00e7al\u0131\u015fman\u0131n amac\u0131 da ba\u011f\u0131ms\u0131zl\u0131k ilan edildi\u011fi y\u0131llarda ya\u015fanan geli\u015fmeleri \u00d6zellikle T\u00fcrk bas\u0131n\u0131na yans\u0131yan boyutlar\u0131yla ele almak; Milliyet ve Terc\u00fcman gazetesi \u00d6rneklerinden verilen haberleri derleyip de\u011ferlendirerek geli\u015fmelere bak\u0131\u015f a\u00e7\u0131lar\u0131n\u0131 ortaya koymakt\u0131r.Eserin i\u00e7eri\u011finde Sovyetler Birli\u011fi&#8217;nin da\u011f\u0131lma s\u00fcreci, Orta Asya T\u00fcrk Cumhuriyetleri&#8217;nin tarihleri, ba\u011f\u0131ms\u0131zl\u0131klar\u0131n\u0131 kazanmalar\u0131 ve ba\u011f\u0131ms\u0131zl\u0131\u011fa giden yolda Sovyetler Birli\u011fi&#8217;nin uygulad\u0131\u011f\u0131 Gorba\u00e7ov d\u00d6nemi glasnost (a\u00e7\u0131kl\u0131kdaha do\u011frusu kamuya a\u00e7\u0131k olma yani kom\u00fcnist rejim i\u00e7inde kamuoyu kar\u015f\u0131s\u0131nda daha \u015feffaf bir y\u00d6netim anlay\u0131\u015f\u0131n\u0131n benimsenmesi) ve perestroyka (yeniden yap\u0131lanma) politikalar\u0131 da yer almaktad\u0131r. Bu ba\u011flamda eser, esasen y\u00fcksek lisans tezi olarak haz\u0131rlanan \u00e7al\u0131\u015fmam\u0131z\u0131n yeniden g\u00d6zden ge\u00e7irilmi\u015f ve de\u011ferlendirilmi\u015f halidir. Yay\u0131na haz\u0131rlan\u0131p kitapla\u015ft\u0131r\u0131larak daha \u00e7ok okuyucuya ula\u015f\u0131labilmesi de ama\u00e7lanm\u0131\u015ft\u0131r.<\/p>\n","protected":false},"excerpt":{"rendered":"<p>Sovyetler Birli\u011fi&#8217;nin kendini tasfiye etmesi suretiyle Orta Asya T\u00fcrk Cumhuriyetleri de birer birer h\u00fcrriyetlerine kavu\u015ftular.Bu \u00e7al\u0131\u015fman\u0131n amac\u0131 da ba\u011f\u0131ms\u0131zl\u0131k ilan edildi\u011fi y\u0131llarda ya\u015fanan geli\u015fmeleri \u00d6zellikle T\u00fcrk<span class=\"excerpt-hellip\"> [\u2026]<\/span><\/p>\n","protected":false},"featured_media":0,"template":"","meta":{"_monsterinsights_skip_tracking":false,"_monsterinsights_sitenote_active":false,"_monsterinsights_sitenote_note":"","_monsterinsights_sitenote_category":0},"product_brand":[],"product_cat":[12304],"product_tag":[],"class_list":{"0":"post-739905","1":"product","2":"type-product","3":"status-publish","5":"product_cat-tarih","6":"pa_cilt-ciltsiz","7":"pa_tur-kitap","8":"pa_yayinevi-platanus-publishing","9":"pa_yazar-hakan-kurt","11":"first","12":"instock","13":"sale","14":"shipping-taxable","15":"purchasable","16":"product-type-simple"},"_links":{"self":[{"href":"https:\/\/roveyayinevi.com.tr\/index.php\/wp-json\/wp\/v2\/product\/739905","targetHints":{"allow":["GET"]}}],"collection":[{"href":"https:\/\/roveyayinevi.com.tr\/index.php\/wp-json\/wp\/v2\/product"}],"about":[{"href":"https:\/\/roveyayinevi.com.tr\/index.php\/wp-json\/wp\/v2\/types\/product"}],"wp:attachment":[{"href":"https:\/\/roveyayinevi.com.tr\/index.php\/wp-json\/wp\/v2\/media?parent=739905"}],"wp:term":[{"taxonomy":"product_brand","embeddable":true,"href":"https:\/\/roveyayinevi.com.tr\/index.php\/wp-json\/wp\/v2\/product_brand?post=739905"},{"taxonomy":"product_cat","embeddable":true,"href":"https:\/\/roveyayinevi.com.tr\/index.php\/wp-json\/wp\/v2\/product_cat?post=739905"},{"taxonomy":"product_tag","embeddable":true,"href":"https:\/\/roveyayinevi.com.tr\/index.php\/wp-json\/wp\/v2\/product_tag?post=739905"}],"curies":[{"name":"wp","href":"https:\/\/api.w.org\/{rel}","templated":true}]}}