{"id":739895,"date":"2025-08-28T00:17:02","date_gmt":"2025-08-27T21:17:02","guid":{"rendered":"https:\/\/roveyayinevi.com.tr\/index.php\/urun\/esmaul-husna-2\/"},"modified":"2026-04-16T02:50:34","modified_gmt":"2026-04-15T23:50:34","slug":"esmaul-husna-2","status":"publish","type":"product","link":"https:\/\/roveyayinevi.com.tr\/index.php\/urun\/esmaul-husna-2\/","title":{"rendered":"Esma&#8217;\u00fcl H\u00fcsna"},"content":{"rendered":"<p>alemlerin rabbi olan Allah&#8217;a hamd ve sena Allah&#8217;\u0131n Habibi hazreti Muhammed &#8216;e (SAV) Aline, ashab\u0131na ezvac\u0131na ve etba\u0131na Selat ve selam olsun. Allah\u00fc z\u00fclcelal Hz&#8217;ni tan\u0131mak, Allah&#8217;a kullu\u011funu birinci ad\u0131m\u0131d\u0131r. \u0130nsan kendi istidad\u0131 nisbetinde tan\u0131-mad\u0131\u011f\u0131 rabbe nas\u0131l kul olur. Allah&#8217;\u0131n y\u00fcceli\u011fini, kudre-tini, azametini bilmeyen ki\u015fi Allah tan nas\u0131l yard\u0131m isteyebilir, nas\u0131l teslim olabilir. Onun i\u00e7indir ki, sevgili peygamberimiz (sav): &#8220;En b\u00fcy\u00fck amel Allah&#8217;\u0131 bilmek-tir. Allah&#8217;\u0131 bilmeden yap\u0131lan amelin faydas\u0131 olmaz.&#8221; buyuruyor.Elbette ki Allah&#8217;\u0131 hakk\u0131yla bilmek biz insanlar i\u00e7in m\u00fcmk\u00fcn de\u011fildir. Neticede insan\u0131n akl\u0131da Allah&#8217;\u0131n yaratt\u0131\u011f\u0131 s\u0131n\u0131rl\u0131 bir varl\u0131kt\u0131r. Ancak herkes kendi alg\u0131s\u0131 kadar Allah&#8217;\u0131 sahih kaynaklardan \u00d6\u011frenmek zorundad\u0131r.Allah r\u0131zas\u0131 ve \u00fcmmeti Muhammed&#8217;in istifadesi niyetiyle haz\u0131rlam\u0131\u015f ve siz k\u0131ymetli okuyucular\u0131m\u0131za sunmu\u015f oldu\u011fumuz bu eserin amac\u0131na ula\u015fmas\u0131n\u0131 diliyorum. Bu hay\u0131rl\u0131 \u00e7al\u0131\u015fmam\u0131zda hasbel be\u015fer kusurlar\u0131m\u0131z olmu\u015fsa, siz k\u0131ymetli okuyucular\u0131m\u0131z\u0131n beni uyarmas\u0131n\u0131 arz ederim. Daha sonraki eserlerimiz de g\u00d6r\u00fc\u015fmek \u00fcmidiyle Allah&#8217;a emanet olunuz.<\/p>\n","protected":false},"excerpt":{"rendered":"<p>alemlerin rabbi olan Allah&#8217;a hamd ve sena Allah&#8217;\u0131n Habibi hazreti Muhammed &#8216;e (SAV) Aline, ashab\u0131na ezvac\u0131na ve etba\u0131na Selat ve selam olsun. Allah\u00fc z\u00fclcelal Hz&#8217;ni tan\u0131mak,<span class=\"excerpt-hellip\"> [\u2026]<\/span><\/p>\n","protected":false},"featured_media":0,"template":"","meta":{"_monsterinsights_skip_tracking":false,"_monsterinsights_sitenote_active":false,"_monsterinsights_sitenote_note":"","_monsterinsights_sitenote_category":0},"product_brand":[],"product_cat":[12718],"product_tag":[],"class_list":{"0":"post-739895","1":"product","2":"type-product","3":"status-publish","5":"product_cat-din","6":"pa_cilt-ciltsiz","7":"pa_tur-kitap","8":"pa_yayinevi-platanus-publishing","9":"pa_yazar-hasan-huseyin-doru","11":"first","12":"instock","13":"sale","14":"shipping-taxable","15":"purchasable","16":"product-type-simple"},"_links":{"self":[{"href":"https:\/\/roveyayinevi.com.tr\/index.php\/wp-json\/wp\/v2\/product\/739895","targetHints":{"allow":["GET"]}}],"collection":[{"href":"https:\/\/roveyayinevi.com.tr\/index.php\/wp-json\/wp\/v2\/product"}],"about":[{"href":"https:\/\/roveyayinevi.com.tr\/index.php\/wp-json\/wp\/v2\/types\/product"}],"wp:attachment":[{"href":"https:\/\/roveyayinevi.com.tr\/index.php\/wp-json\/wp\/v2\/media?parent=739895"}],"wp:term":[{"taxonomy":"product_brand","embeddable":true,"href":"https:\/\/roveyayinevi.com.tr\/index.php\/wp-json\/wp\/v2\/product_brand?post=739895"},{"taxonomy":"product_cat","embeddable":true,"href":"https:\/\/roveyayinevi.com.tr\/index.php\/wp-json\/wp\/v2\/product_cat?post=739895"},{"taxonomy":"product_tag","embeddable":true,"href":"https:\/\/roveyayinevi.com.tr\/index.php\/wp-json\/wp\/v2\/product_tag?post=739895"}],"curies":[{"name":"wp","href":"https:\/\/api.w.org\/{rel}","templated":true}]}}