{"id":739894,"date":"2025-08-28T00:17:00","date_gmt":"2025-08-27T21:17:00","guid":{"rendered":"https:\/\/roveyayinevi.com.tr\/index.php\/urun\/dogu-ekspresi-doguya-uzanan-raylar\/"},"modified":"2026-04-16T02:50:34","modified_gmt":"2026-04-15T23:50:34","slug":"dogu-ekspresi-doguya-uzanan-raylar","status":"publish","type":"product","link":"https:\/\/roveyayinevi.com.tr\/index.php\/urun\/dogu-ekspresi-doguya-uzanan-raylar\/","title":{"rendered":"Do\u011fu Ekspresi &#8211; Do\u011fuya Uzanan Raylar"},"content":{"rendered":"<p>Ya\u015fanm\u0131\u015fl\u0131klar\u0131 olmayan her bilgi unutulmaya mahkucirc;mdur veya hayat\u0131m\u0131zda bir anlam kazanmaz. Uzun y\u0131llar boyunda \u00fclkemizde zaman\u0131 ve mekan\u0131 aramak i\u00e7in \u00e7\u0131kt\u0131\u011f\u0131m yolculuklarda bazen kendimi co\u011frafyan\u0131n hakimiyetinde, bazen tarihin derinliklerinde, sanat\u0131nda, edebiyat\u0131nda, ekonomisinde ve sosyolojisinde bulmu\u015fumdur. Zamans\u0131z ve mekans\u0131z insan\u0131n ya\u015famas\u0131 m\u00fcmk\u00fcn de\u011fildir. En bat\u0131s\u0131ndan en do\u011fusuna, en kuzeyinden en g\u00fcneyine \u00fclkemizin d\u00d6rt bir yan\u0131n\u0131 gezmenin verdi\u011fi keyf ve a\u015fk ile elimden geldi\u011fince yazmaya \u00e7al\u0131\u015ft\u0131m. Gitti\u011fim bir ilimizin veya il\u00e7emizin \u00fccra k\u00d6\u015felerinde acaba bu co\u011frafyaya dair bir \u015feyler \u00d6\u011frenebilmek, bir \u015feyler hissedebilmek ve bir g\u00fczel Anadolu hikayesi duyabilmek i\u00e7in \u00e7aba harcad\u0131m. Do\u011fu Ekspresinde bir yere varmaktan \u00e7ok yolculu\u011fun kendisidir anlaml\u0131 olan. Mevsimin ve iklimin tad\u0131n\u0131 \u00e7\u0131kar\u0131p ve ayn\u0131 zamanda Anadolu&#8217;nun ne varsa bize katt\u0131\u011f\u0131 oksijenine var\u0131ncaya kadar ya\u015famaya \u00e7al\u0131\u015ft\u0131m.<\/p>\n","protected":false},"excerpt":{"rendered":"<p>Ya\u015fanm\u0131\u015fl\u0131klar\u0131 olmayan her bilgi unutulmaya mahkucirc;mdur veya hayat\u0131m\u0131zda bir anlam kazanmaz. Uzun y\u0131llar boyunda \u00fclkemizde zaman\u0131 ve mekan\u0131 aramak i\u00e7in \u00e7\u0131kt\u0131\u011f\u0131m yolculuklarda bazen kendimi co\u011frafyan\u0131n hakimiyetinde,<span class=\"excerpt-hellip\"> [\u2026]<\/span><\/p>\n","protected":false},"featured_media":0,"template":"","meta":{"_monsterinsights_skip_tracking":false,"_monsterinsights_sitenote_active":false,"_monsterinsights_sitenote_note":"","_monsterinsights_sitenote_category":0},"product_brand":[],"product_cat":[12291],"product_tag":[],"class_list":{"0":"post-739894","1":"product","2":"type-product","3":"status-publish","5":"product_cat-edebiyat","6":"pa_cilt-ciltsiz","7":"pa_tur-kitap","8":"pa_yayinevi-platanus-publishing","9":"pa_yazar-mustafa-tarim","11":"first","12":"instock","13":"sale","14":"shipping-taxable","15":"purchasable","16":"product-type-simple"},"_links":{"self":[{"href":"https:\/\/roveyayinevi.com.tr\/index.php\/wp-json\/wp\/v2\/product\/739894","targetHints":{"allow":["GET"]}}],"collection":[{"href":"https:\/\/roveyayinevi.com.tr\/index.php\/wp-json\/wp\/v2\/product"}],"about":[{"href":"https:\/\/roveyayinevi.com.tr\/index.php\/wp-json\/wp\/v2\/types\/product"}],"wp:attachment":[{"href":"https:\/\/roveyayinevi.com.tr\/index.php\/wp-json\/wp\/v2\/media?parent=739894"}],"wp:term":[{"taxonomy":"product_brand","embeddable":true,"href":"https:\/\/roveyayinevi.com.tr\/index.php\/wp-json\/wp\/v2\/product_brand?post=739894"},{"taxonomy":"product_cat","embeddable":true,"href":"https:\/\/roveyayinevi.com.tr\/index.php\/wp-json\/wp\/v2\/product_cat?post=739894"},{"taxonomy":"product_tag","embeddable":true,"href":"https:\/\/roveyayinevi.com.tr\/index.php\/wp-json\/wp\/v2\/product_tag?post=739894"}],"curies":[{"name":"wp","href":"https:\/\/api.w.org\/{rel}","templated":true}]}}