{"id":739893,"date":"2025-08-28T00:16:59","date_gmt":"2025-08-27T21:16:59","guid":{"rendered":"https:\/\/roveyayinevi.com.tr\/index.php\/urun\/can-yangisi\/"},"modified":"2026-04-16T02:50:34","modified_gmt":"2026-04-15T23:50:34","slug":"can-yangisi","status":"publish","type":"product","link":"https:\/\/roveyayinevi.com.tr\/index.php\/urun\/can-yangisi\/","title":{"rendered":"Can Yang\u0131s\u0131"},"content":{"rendered":"<p>&#8220;\u015eimdi o dilimsiz zaman\u0131n i\u00e7inde ad\u0131 konmu\u015f su\u00e7luluk duygusunu, kambur gibi y\u00fcklenmi\u015f olarak bekler. \u00d6yle bir bekleyi\u015f ki kimi zaman amaca d\u00d6n\u00fc\u015f\u00fcr, kimi zamanda neyi bekledi\u011fini unuttur. Olanlara ses \u00e7\u0131karmadan izleyici rahatl\u0131\u011f\u0131yla bakar. Kopar\u0131l\u0131\u015fa direni\u015fiz kal\u0131\u015f\u0131, hepsinden k\u00d6t\u00fcs\u00fcd\u00fcrhellip;hellip;\u0130nsan\u0131n kendisiyle y\u00fczle\u015fme gereksinimi duydu\u011fu anlar\u0131, ba\u015far\u0131lar\u0131 de\u011fil, yenilgi ve yitiklerinin oldu\u011fu zamanlar\u0131d\u0131r. Hele de y\u00fcre\u011findeki o s\u0131z\u0131 vicdan\u0131 karart\u0131c\u0131ysahellip;hellip;\u015eimdi beyin koyaklar\u0131nda k\u00fcmelenmi\u015f an\u0131msamalar, uyar\u0131c\u0131 anahtar s\u00d6zc\u00fckler olup yeni bilenmi\u015f han\u00e7er gibi u\u00e7uk mavi an&#8217;\u0131n i\u00e7ine saplan\u0131r.Ger\u00e7ek anlamda can tenden ayr\u0131lmad\u0131. Ama nice toz duman savruldu. Nice suya hasret g\u00fcl \u00e7imen kavruldu. O mektubun \u00fczerinden ka\u00e7 bahar ka\u00e7 g\u00fcz ge\u00e7ti. Ya\u011fmur Ku\u015fu r\u00fcyada olu\u015fan tablodaki gibi kendini yal\u0131yarlara \u00e7arpa \u00e7arpa her seferinde yok etti.Toygara kalan, anla\u015f\u0131l\u0131r bir inatla zaman denilen ilac\u0131n yaray\u0131 otamas\u0131n\u0131 \u00d6telemek. Ve kabuk tutmaya yol ald\u0131\u011f\u0131nda da tutup kald\u0131rmak. Yara, her kanay\u0131p tazelendi\u011finde o can yang\u0131s\u0131n\u0131 yeniden ba\u015flatmakhellip;<\/p>\n","protected":false},"excerpt":{"rendered":"<p>&#8220;\u015eimdi o dilimsiz zaman\u0131n i\u00e7inde ad\u0131 konmu\u015f su\u00e7luluk duygusunu, kambur gibi y\u00fcklenmi\u015f olarak bekler. \u00d6yle bir bekleyi\u015f ki kimi zaman amaca d\u00d6n\u00fc\u015f\u00fcr, kimi zamanda neyi bekledi\u011fini<span class=\"excerpt-hellip\"> [\u2026]<\/span><\/p>\n","protected":false},"featured_media":0,"template":"","meta":{"_monsterinsights_skip_tracking":false,"_monsterinsights_sitenote_active":false,"_monsterinsights_sitenote_note":"","_monsterinsights_sitenote_category":0},"product_brand":[],"product_cat":[12291],"product_tag":[],"class_list":{"0":"post-739893","1":"product","2":"type-product","3":"status-publish","5":"product_cat-edebiyat","6":"pa_cilt-ciltsiz","7":"pa_tur-kitap","8":"pa_yayinevi-platanus-publishing","9":"pa_yazar-atiye-guner-tumuklu","11":"first","12":"instock","13":"sale","14":"shipping-taxable","15":"purchasable","16":"product-type-simple"},"_links":{"self":[{"href":"https:\/\/roveyayinevi.com.tr\/index.php\/wp-json\/wp\/v2\/product\/739893","targetHints":{"allow":["GET"]}}],"collection":[{"href":"https:\/\/roveyayinevi.com.tr\/index.php\/wp-json\/wp\/v2\/product"}],"about":[{"href":"https:\/\/roveyayinevi.com.tr\/index.php\/wp-json\/wp\/v2\/types\/product"}],"wp:attachment":[{"href":"https:\/\/roveyayinevi.com.tr\/index.php\/wp-json\/wp\/v2\/media?parent=739893"}],"wp:term":[{"taxonomy":"product_brand","embeddable":true,"href":"https:\/\/roveyayinevi.com.tr\/index.php\/wp-json\/wp\/v2\/product_brand?post=739893"},{"taxonomy":"product_cat","embeddable":true,"href":"https:\/\/roveyayinevi.com.tr\/index.php\/wp-json\/wp\/v2\/product_cat?post=739893"},{"taxonomy":"product_tag","embeddable":true,"href":"https:\/\/roveyayinevi.com.tr\/index.php\/wp-json\/wp\/v2\/product_tag?post=739893"}],"curies":[{"name":"wp","href":"https:\/\/api.w.org\/{rel}","templated":true}]}}